{"id":54818,"date":"2025-04-29T15:31:30","date_gmt":"2025-04-29T13:31:30","guid":{"rendered":"https:\/\/www.fleurop-home.ch\/de-ch\/?post_type=product&#038;p=54818"},"modified":"2025-06-06T08:03:52","modified_gmt":"2025-06-06T06:03:52","slug":"renoncule-artificielle-branche-rose","status":"publish","type":"product","link":"https:\/\/www.fleurop-home.ch\/fr-ch\/p\/kuenstlicher-hahnenfuss-zweig-rosa","title":{"rendered":"Renoncule artificielle branche rose"},"content":{"rendered":"<p class=\"\" data-start=\"368\" data-end=\"595\">Cette fleur artificielle \u00e0 l'aspect trompeur pr\u00e9sente la renoncule sous sa plus belle forme : avec une fleur rose finement travaill\u00e9e et un feuillage aux formes r\u00e9alistes. Un accent \u00e9l\u00e9gant pour les vases, les arrangements ou les d\u00e9corations florales - sans aucun entretien.<\/p>\n<p>Longueur : 46cm<\/p>\n<p>&nbsp;<\/p>","protected":false},"excerpt":{"rendered":"<p class=\"\" data-start=\"163\" data-end=\"258\">Renoncule d\u00e9corative avec une fleur naturelle d'un rose vif. Id\u00e9al pour des compositions \u00e9l\u00e9gantes, des vases ou des projets floraux DIY.<\/p>","protected":false},"featured_media":54833,"template":"","meta":[],"product_brand":[],"product_cat":[107,23,26],"product_tag":[1084],"woo-feed-brand":[],"class_list":{"0":"post-54818","1":"product","2":"type-product","3":"status-publish","4":"has-post-thumbnail","6":"product_cat-kunstblumen","7":"product_cat-home-living","8":"product_cat-blumen-pflanzen","9":"product_tag-froilein-blume","11":"first","12":"instock","13":"taxable","14":"shipping-taxable","15":"purchasable","16":"product-type-simple"},"_links":{"self":[{"href":"https:\/\/www.fleurop-home.ch\/fr-ch\/wp-json\/wp\/v2\/product\/54818","targetHints":{"allow":["GET"]}}],"collection":[{"href":"https:\/\/www.fleurop-home.ch\/fr-ch\/wp-json\/wp\/v2\/product"}],"about":[{"href":"https:\/\/www.fleurop-home.ch\/fr-ch\/wp-json\/wp\/v2\/types\/product"}],"wp:featuredmedia":[{"embeddable":true,"href":"https:\/\/www.fleurop-home.ch\/fr-ch\/wp-json\/wp\/v2\/media\/54833"}],"wp:attachment":[{"href":"https:\/\/www.fleurop-home.ch\/fr-ch\/wp-json\/wp\/v2\/media?parent=54818"}],"wp:term":[{"taxonomy":"product_brand","embeddable":true,"href":"https:\/\/www.fleurop-home.ch\/fr-ch\/wp-json\/wp\/v2\/product_brand?post=54818"},{"taxonomy":"product_cat","embeddable":true,"href":"https:\/\/www.fleurop-home.ch\/fr-ch\/wp-json\/wp\/v2\/product_cat?post=54818"},{"taxonomy":"product_tag","embeddable":true,"href":"https:\/\/www.fleurop-home.ch\/fr-ch\/wp-json\/wp\/v2\/product_tag?post=54818"},{"taxonomy":"woo-feed-brand","embeddable":true,"href":"https:\/\/www.fleurop-home.ch\/fr-ch\/wp-json\/wp\/v2\/woo-feed-brand?post=54818"}],"curies":[{"name":"wp","href":"https:\/\/api.w.org\/{rel}","templated":true}]}}