{"id":54795,"date":"2025-04-29T11:02:55","date_gmt":"2025-04-29T09:02:55","guid":{"rendered":"https:\/\/www.fleurop-home.ch\/?post_type=product&#038;p=54795"},"modified":"2026-04-28T11:51:15","modified_gmt":"2026-04-28T09:51:15","slug":"verveine-verbena-cultivars-5","status":"publish","type":"product","link":"https:\/\/www.fleurop-home.ch\/fr-ch\/p\/eisenkraut-verbena-cultivars-5","title":{"rendered":"Verveine - Verbena Cultivars"},"content":{"rendered":"<p>La verveine Lascar Bepo Blue enthousiasme par sa croissance compacte, pendante \u00e0 rampante et peut \u00eatre utilis\u00e9e de mani\u00e8re polyvalente, que ce soit dans des bordures, des suspensions ou des bacs de balcon. Les fleurs bleues apparaissent de mani\u00e8re fiable de mai \u00e0 octobre et enrichissent ton espace ext\u00e9rieur de couleurs vives. En tant que plante saisonni\u00e8re issue d'une production suisse 100 %, elle est synonyme de qualit\u00e9 sup\u00e9rieure et garantit une magnifique p\u00e9riode de floraison. La verveine pr\u00e9f\u00e8re les endroits ensoleill\u00e9s et pousse mieux dans un sol perm\u00e9able. Pour une croissance saine, la plante doit \u00eatre arros\u00e9e mod\u00e9r\u00e9ment. En plus de sa beaut\u00e9, elle est une source de nourriture pr\u00e9cieuse pour diff\u00e9rents insectes. Facile \u00e0 entretenir et r\u00e9sistante, cette plante convient parfaitement \u00e0 diff\u00e9rents r\u00e9cipients d'\u00e9t\u00e9.<\/p>\n<p>Hauteur : 25 cm<br \/>\nTaille du pot : pot de 12<br \/>\nR\u00e9sistance au froid : pas de r\u00e9sistance au froid<br \/>\nLumi\u00e8re : ensoleill\u00e9e<br \/>\nP\u00e9riode de floraison : de mai \u00e0 octobre<br \/>\nSol : perm\u00e9able<br \/>\nBon pour les insectes<\/p>","protected":false},"excerpt":{"rendered":"<p>Verveine Lascar Bepo Blue - fleur d'\u00e9t\u00e9 bleue pour le balcon et le jardin<\/p>","protected":false},"featured_media":54797,"template":"","meta":[],"product_brand":[],"product_cat":[109,34,41],"product_tag":[299],"woo-feed-brand":[],"class_list":{"0":"post-54795","1":"product","2":"type-product","3":"status-publish","4":"has-post-thumbnail","6":"product_cat-saisonale-pflanzen","7":"product_cat-garten-balkon","8":"product_cat-outdoorpflanzen","9":"product_tag-santispracht","11":"first","12":"instock","13":"taxable","14":"shipping-taxable","15":"purchasable","16":"product-type-simple"},"_links":{"self":[{"href":"https:\/\/www.fleurop-home.ch\/fr-ch\/wp-json\/wp\/v2\/product\/54795","targetHints":{"allow":["GET"]}}],"collection":[{"href":"https:\/\/www.fleurop-home.ch\/fr-ch\/wp-json\/wp\/v2\/product"}],"about":[{"href":"https:\/\/www.fleurop-home.ch\/fr-ch\/wp-json\/wp\/v2\/types\/product"}],"wp:featuredmedia":[{"embeddable":true,"href":"https:\/\/www.fleurop-home.ch\/fr-ch\/wp-json\/wp\/v2\/media\/54797"}],"wp:attachment":[{"href":"https:\/\/www.fleurop-home.ch\/fr-ch\/wp-json\/wp\/v2\/media?parent=54795"}],"wp:term":[{"taxonomy":"product_brand","embeddable":true,"href":"https:\/\/www.fleurop-home.ch\/fr-ch\/wp-json\/wp\/v2\/product_brand?post=54795"},{"taxonomy":"product_cat","embeddable":true,"href":"https:\/\/www.fleurop-home.ch\/fr-ch\/wp-json\/wp\/v2\/product_cat?post=54795"},{"taxonomy":"product_tag","embeddable":true,"href":"https:\/\/www.fleurop-home.ch\/fr-ch\/wp-json\/wp\/v2\/product_tag?post=54795"},{"taxonomy":"woo-feed-brand","embeddable":true,"href":"https:\/\/www.fleurop-home.ch\/fr-ch\/wp-json\/wp\/v2\/woo-feed-brand?post=54795"}],"curies":[{"name":"wp","href":"https:\/\/api.w.org\/{rel}","templated":true}]}}