{"id":54658,"date":"2025-05-22T08:00:11","date_gmt":"2025-05-22T06:00:11","guid":{"rendered":"https:\/\/www.fleurop-home.ch\/p\/langarm-body-mit-weissem-stoffkragen-aus-100-feinster-baumwolle"},"modified":"2025-06-20T10:45:28","modified_gmt":"2025-06-20T08:45:28","slug":"body-a-manches-longues-avec-col-en-tissu-blanc","status":"publish","type":"product","link":"https:\/\/www.fleurop-home.ch\/fr-ch\/p\/langarm-body-mit-weissem-stoffkragen","title":{"rendered":"Body \u00e0 manches longues avec col en tissu blanc"},"content":{"rendered":"<p class=\"p1\"><span class=\"s1\">Notre body tr\u00e8s appr\u00e9ci\u00e9 avec son col en tissu blanc s'accorde \u00e0 merveille avec nos tricots et compl\u00e8te compl\u00e8tement la combinaison.<\/span><\/p>\n<p class=\"p1\"><span class=\"s1\">Pour la qualit\u00e9 :<\/span><\/p>\n<p class=\"p1\"><span class=\"s1\">Le body est en coton 100% et tricot\u00e9 dans une qualit\u00e9 interlock.<\/span><\/p>\n<p>&nbsp;<\/p>\n<p class=\"p1\"><strong>Tableau des tailles Frilo AG :<\/strong><\/p>\n<p>56 (0-1 mois)<\/p>\n<p>62 (1-3 mois)<\/p>\n<p>68 (3-6 mois)<\/p>\n<p>74 (6-9 Monte)<\/p>\n<p>80 (9-12 mois)<\/p>\n<p>86 (12-18 mois)<\/p>","protected":false},"excerpt":{"rendered":"<p>En 100% coton fin : nous faisons produire le body pour b\u00e9b\u00e9 avec col en tissu blanc de frilo, assorti \u00e0 notre tricot, en Europe.<\/p>","protected":false},"featured_media":54657,"template":"","meta":[],"product_brand":[],"product_cat":[60,59],"product_tag":[1087],"woo-feed-brand":[],"class_list":{"0":"post-54658","1":"product","2":"type-product","3":"status-publish","4":"has-post-thumbnail","6":"product_cat-kindertextilien","7":"product_cat-kids","8":"product_tag-frilo-ag","10":"first","11":"instock","12":"taxable","13":"shipping-taxable","14":"purchasable","15":"product-type-simple"},"_links":{"self":[{"href":"https:\/\/www.fleurop-home.ch\/fr-ch\/wp-json\/wp\/v2\/product\/54658","targetHints":{"allow":["GET"]}}],"collection":[{"href":"https:\/\/www.fleurop-home.ch\/fr-ch\/wp-json\/wp\/v2\/product"}],"about":[{"href":"https:\/\/www.fleurop-home.ch\/fr-ch\/wp-json\/wp\/v2\/types\/product"}],"wp:featuredmedia":[{"embeddable":true,"href":"https:\/\/www.fleurop-home.ch\/fr-ch\/wp-json\/wp\/v2\/media\/54657"}],"wp:attachment":[{"href":"https:\/\/www.fleurop-home.ch\/fr-ch\/wp-json\/wp\/v2\/media?parent=54658"}],"wp:term":[{"taxonomy":"product_brand","embeddable":true,"href":"https:\/\/www.fleurop-home.ch\/fr-ch\/wp-json\/wp\/v2\/product_brand?post=54658"},{"taxonomy":"product_cat","embeddable":true,"href":"https:\/\/www.fleurop-home.ch\/fr-ch\/wp-json\/wp\/v2\/product_cat?post=54658"},{"taxonomy":"product_tag","embeddable":true,"href":"https:\/\/www.fleurop-home.ch\/fr-ch\/wp-json\/wp\/v2\/product_tag?post=54658"},{"taxonomy":"woo-feed-brand","embeddable":true,"href":"https:\/\/www.fleurop-home.ch\/fr-ch\/wp-json\/wp\/v2\/woo-feed-brand?post=54658"}],"curies":[{"name":"wp","href":"https:\/\/api.w.org\/{rel}","templated":true}]}}