{"id":54632,"date":"2025-04-24T16:46:07","date_gmt":"2025-04-24T14:46:07","guid":{"rendered":"https:\/\/www.fleurop-home.ch\/de-ch\/?post_type=product&#038;p=54632"},"modified":"2025-10-22T13:29:16","modified_gmt":"2025-10-22T11:29:16","slug":"set-de-vases-et-de-fleurs-sechees-bellevue","status":"publish","type":"product","link":"https:\/\/www.fleurop-home.ch\/fr-ch\/p\/set-aus-vasen-und-trockenblumen-bellevue","title":{"rendered":"Set de vases et de fleurs s\u00e9ch\u00e9es \"Bellevue"},"content":{"rendered":"<p>Trois vases en c\u00e9ramique harmonieusement assortis en vert menthe, blanc cr\u00e8me et jaune soleil apportent des accents de couleur discrets et, en m\u00eame temps, une l\u00e9g\u00e8ret\u00e9 raffin\u00e9e dans chaque int\u00e9rieur. Les compositions de fleurs s\u00e9ch\u00e9es nou\u00e9es \u00e0 la main soulignent le charme intemporel et font de l'ensemble une d\u00e9coration sp\u00e9ciale pour la table, le buffet ou le rebord de fen\u00eatre.<\/p>\n<p>Taille du vase jaune soleil : H : environ 21cm<\/p>\n<p>Taille du vase vert menthe : H : environ 18cm<\/p>\n<p>Taille du vase blanc cr\u00e8me : H : environ 17cm<\/p>\n<p>(Le prix comprend les 3 vases et les 2 bouquets de fleurs s\u00e9ch\u00e9es)<\/p>","protected":false},"excerpt":{"rendered":"<p>Trois vases en c\u00e9ramique \u00e9l\u00e9gants en vert menthe, blanc cr\u00e8me et jaune soleil, combin\u00e9s avec des fleurs s\u00e9ch\u00e9es arrang\u00e9es avec amour. Un accent de couleur \u00e9l\u00e9gant pour chaque maison - id\u00e9al comme d\u00e9coration ou comme cadeau.<\/p>","protected":false},"featured_media":54635,"template":"","meta":[],"product_brand":[],"product_cat":[27,23,1197,117],"product_tag":[1084],"woo-feed-brand":[],"class_list":{"0":"post-54632","1":"product","2":"type-product","3":"status-publish","4":"has-post-thumbnail","6":"product_cat-vasen-gefaesse","7":"product_cat-home-living","8":"product_cat-vasen","9":"product_cat-trockenblumen","10":"product_tag-froilein-blume","12":"first","13":"instock","14":"taxable","15":"shipping-taxable","16":"purchasable","17":"product-type-simple"},"_links":{"self":[{"href":"https:\/\/www.fleurop-home.ch\/fr-ch\/wp-json\/wp\/v2\/product\/54632","targetHints":{"allow":["GET"]}}],"collection":[{"href":"https:\/\/www.fleurop-home.ch\/fr-ch\/wp-json\/wp\/v2\/product"}],"about":[{"href":"https:\/\/www.fleurop-home.ch\/fr-ch\/wp-json\/wp\/v2\/types\/product"}],"wp:featuredmedia":[{"embeddable":true,"href":"https:\/\/www.fleurop-home.ch\/fr-ch\/wp-json\/wp\/v2\/media\/54635"}],"wp:attachment":[{"href":"https:\/\/www.fleurop-home.ch\/fr-ch\/wp-json\/wp\/v2\/media?parent=54632"}],"wp:term":[{"taxonomy":"product_brand","embeddable":true,"href":"https:\/\/www.fleurop-home.ch\/fr-ch\/wp-json\/wp\/v2\/product_brand?post=54632"},{"taxonomy":"product_cat","embeddable":true,"href":"https:\/\/www.fleurop-home.ch\/fr-ch\/wp-json\/wp\/v2\/product_cat?post=54632"},{"taxonomy":"product_tag","embeddable":true,"href":"https:\/\/www.fleurop-home.ch\/fr-ch\/wp-json\/wp\/v2\/product_tag?post=54632"},{"taxonomy":"woo-feed-brand","embeddable":true,"href":"https:\/\/www.fleurop-home.ch\/fr-ch\/wp-json\/wp\/v2\/woo-feed-brand?post=54632"}],"curies":[{"name":"wp","href":"https:\/\/api.w.org\/{rel}","templated":true}]}}