{"id":54618,"date":"2025-04-24T13:19:37","date_gmt":"2025-04-24T11:19:37","guid":{"rendered":"https:\/\/www.fleurop-home.ch\/de-ch\/?post_type=product&#038;p=54618"},"modified":"2026-03-18T13:54:43","modified_gmt":"2026-03-18T12:54:43","slug":"set-de-table-2-pieces-40-x-30-cm-ally-and-friends","status":"publish","type":"product","link":"https:\/\/www.fleurop-home.ch\/fr-ch\/p\/tischset-2er-set-40-x-30-cm-ally-and-friends","title":{"rendered":"Set de table 2 pi\u00e8ces, 40 x 30 cm \u201aAlly and Friends\u2018"},"content":{"rendered":"<p><em>Ally et ses amis<\/em><br \/>\nInspir\u00e9 par la magie des oiseaux migrateurs - qui partent ensemble, se soutiennent et d\u00e9couvrent de nouveaux horizons. Un sujet ludique plein de l\u00e9g\u00e8ret\u00e9, de communaut\u00e9 et d'espoir.<\/p>\n<p>Ces sets de table enrichissent ta table et font de tes repas quelque chose de sp\u00e9cial. Fabriqu\u00e9s en MDF d'eucalyptus de haute qualit\u00e9 avec un dessous en feutre de soie doux, ils offrent une protection optimale pour ta table. Tr\u00e8s facile \u00e0 entretenir : il suffit de l'essuyer avec un chiffon humide - parfait pour une utilisation quotidienne.<\/p>\n<p style=\"text-align: left;\"><em>Cr\u00e9ateur :<\/em> Andreas Frei\/HappyTrays<\/p>\n<p style=\"text-align: left;\"><em>Mat\u00e9riel :<\/em> MDF d'eucalyptus, feutre de soie<\/p>\n<p style=\"text-align: left;\"><em>Mod\u00e8le :<\/em> Ally et ses amis<\/p>\n<p style=\"text-align: left;\"><em>Forme :<\/em> Rectangulaire<\/p>\n<p style=\"text-align: left;\"><em>La taille :<\/em> 40 x 30 cm<\/p>","protected":false},"excerpt":{"rendered":"<p>Con\u00e7u en Suisse, fabriqu\u00e9 \u00e0 la main en Su\u00e8de. Set de 2 pi\u00e8ces, 40 x 30 cm.<\/p>","protected":false},"featured_media":54606,"template":"","meta":[],"product_brand":[],"product_cat":[1099,1022,797,1019,1018,909,916,42,43,1098],"product_tag":[314],"woo-feed-brand":[],"class_list":{"0":"post-54618","1":"product","2":"type-product","3":"status-publish","4":"has-post-thumbnail","6":"product_cat-tischtextilien","7":"product_cat-brunch","8":"product_cat-muttertag","9":"product_cat-osterbrunch","10":"product_cat-ostern","11":"product_cat-weihnachten","12":"product_cat-praesente","13":"product_cat-kueche","14":"product_cat-gedeckter-tisch","15":"product_cat-textilien","16":"product_tag-happytrays","18":"first","19":"instock","20":"taxable","21":"shipping-taxable","22":"purchasable","23":"product-type-simple"},"_links":{"self":[{"href":"https:\/\/www.fleurop-home.ch\/fr-ch\/wp-json\/wp\/v2\/product\/54618","targetHints":{"allow":["GET"]}}],"collection":[{"href":"https:\/\/www.fleurop-home.ch\/fr-ch\/wp-json\/wp\/v2\/product"}],"about":[{"href":"https:\/\/www.fleurop-home.ch\/fr-ch\/wp-json\/wp\/v2\/types\/product"}],"wp:featuredmedia":[{"embeddable":true,"href":"https:\/\/www.fleurop-home.ch\/fr-ch\/wp-json\/wp\/v2\/media\/54606"}],"wp:attachment":[{"href":"https:\/\/www.fleurop-home.ch\/fr-ch\/wp-json\/wp\/v2\/media?parent=54618"}],"wp:term":[{"taxonomy":"product_brand","embeddable":true,"href":"https:\/\/www.fleurop-home.ch\/fr-ch\/wp-json\/wp\/v2\/product_brand?post=54618"},{"taxonomy":"product_cat","embeddable":true,"href":"https:\/\/www.fleurop-home.ch\/fr-ch\/wp-json\/wp\/v2\/product_cat?post=54618"},{"taxonomy":"product_tag","embeddable":true,"href":"https:\/\/www.fleurop-home.ch\/fr-ch\/wp-json\/wp\/v2\/product_tag?post=54618"},{"taxonomy":"woo-feed-brand","embeddable":true,"href":"https:\/\/www.fleurop-home.ch\/fr-ch\/wp-json\/wp\/v2\/woo-feed-brand?post=54618"}],"curies":[{"name":"wp","href":"https:\/\/api.w.org\/{rel}","templated":true}]}}