{"id":54505,"date":"2025-04-22T16:56:35","date_gmt":"2025-04-22T14:56:35","guid":{"rendered":"https:\/\/www.fleurop-home.ch\/de-ch\/?post_type=product&#038;p=54505"},"modified":"2026-04-01T13:54:55","modified_gmt":"2026-04-01T11:54:55","slug":"set-de-vases-et-de-fleurs-sechees-hottingen","status":"publish","type":"product","link":"https:\/\/www.fleurop-home.ch\/fr-ch\/p\/set-aus-vasen-und-trockenblumen-hottingen","title":{"rendered":"Set de vases et de fleurs s\u00e9ch\u00e9es \"Hottingen"},"content":{"rendered":"<p>Trois vases en c\u00e9ramique harmonieusement assortis en bordeaux, corail et menthe apportent des accents de couleur discrets tout en apportant une l\u00e9g\u00e8ret\u00e9 raffin\u00e9e \u00e0 chaque int\u00e9rieur. Les compositions de fleurs s\u00e9ch\u00e9es nou\u00e9es \u00e0 la main soulignent le charme intemporel et font de l'ensemble une d\u00e9coration sp\u00e9ciale pour la table, le buffet ou le rebord de fen\u00eatre.<\/p>\n<p>Taille du vase Bordeaux : H : environ 21cm<br \/>\nTaille du vase corail : H : environ 18cm<br \/>\nTaille du vase Mint : H : environ 17cm<\/p>\n<p>(Le prix comprend les 3 vases et deux bouquets de fleurs s\u00e9ch\u00e9es)<\/p>","protected":false},"excerpt":{"rendered":"<p>Trois \u00e9l\u00e9gants vases en c\u00e9ramique en bordeaux, corail et menthe, combin\u00e9s avec des fleurs s\u00e9ch\u00e9es arrang\u00e9es avec amour. Un accent de couleur \u00e9l\u00e9gant pour chaque maison - id\u00e9al comme d\u00e9coration ou comme cadeau.<\/p>","protected":false},"featured_media":54530,"template":"","meta":[],"product_brand":[],"product_cat":[27,23,797,1024,1197,117],"product_tag":[1084],"woo-feed-brand":[],"class_list":{"0":"post-54505","1":"product","2":"type-product","3":"status-publish","4":"has-post-thumbnail","6":"product_cat-vasen-gefaesse","7":"product_cat-home-living","8":"product_cat-muttertag","9":"product_cat-muttertagsdeko","10":"product_cat-vasen","11":"product_cat-trockenblumen","12":"product_tag-froilein-blume","14":"first","15":"instock","16":"taxable","17":"shipping-taxable","18":"purchasable","19":"product-type-simple"},"_links":{"self":[{"href":"https:\/\/www.fleurop-home.ch\/fr-ch\/wp-json\/wp\/v2\/product\/54505","targetHints":{"allow":["GET"]}}],"collection":[{"href":"https:\/\/www.fleurop-home.ch\/fr-ch\/wp-json\/wp\/v2\/product"}],"about":[{"href":"https:\/\/www.fleurop-home.ch\/fr-ch\/wp-json\/wp\/v2\/types\/product"}],"wp:featuredmedia":[{"embeddable":true,"href":"https:\/\/www.fleurop-home.ch\/fr-ch\/wp-json\/wp\/v2\/media\/54530"}],"wp:attachment":[{"href":"https:\/\/www.fleurop-home.ch\/fr-ch\/wp-json\/wp\/v2\/media?parent=54505"}],"wp:term":[{"taxonomy":"product_brand","embeddable":true,"href":"https:\/\/www.fleurop-home.ch\/fr-ch\/wp-json\/wp\/v2\/product_brand?post=54505"},{"taxonomy":"product_cat","embeddable":true,"href":"https:\/\/www.fleurop-home.ch\/fr-ch\/wp-json\/wp\/v2\/product_cat?post=54505"},{"taxonomy":"product_tag","embeddable":true,"href":"https:\/\/www.fleurop-home.ch\/fr-ch\/wp-json\/wp\/v2\/product_tag?post=54505"},{"taxonomy":"woo-feed-brand","embeddable":true,"href":"https:\/\/www.fleurop-home.ch\/fr-ch\/wp-json\/wp\/v2\/woo-feed-brand?post=54505"}],"curies":[{"name":"wp","href":"https:\/\/api.w.org\/{rel}","templated":true}]}}