{"id":54478,"date":"2025-04-22T15:34:51","date_gmt":"2025-04-22T13:34:51","guid":{"rendered":"https:\/\/www.fleurop-home.ch\/de-ch\/?post_type=product&#038;p=54478"},"modified":"2026-04-01T13:54:05","modified_gmt":"2026-04-01T11:54:05","slug":"bouquet-de-fleurs-seches-seefeld","status":"publish","type":"product","link":"https:\/\/www.fleurop-home.ch\/fr-ch\/p\/trockenblumenstrauss-seefeld","title":{"rendered":"Bouquet de fleurs s\u00e9ch\u00e9es \"Champ de la mer"},"content":{"rendered":"<p class=\"\" data-start=\"270\" data-end=\"614\">Notre bouquet de fleurs s\u00e9ch\u00e9es li\u00e9 \u00e0 la main \"Seefeld\" associe de douces nuances de rose et de lilas pour cr\u00e9er une composition harmonieuse qui respire la l\u00e9g\u00e8ret\u00e9 et l'\u00e9l\u00e9gance. Compos\u00e9 avec amour de fleurs s\u00e9ch\u00e9es durables comme le lilas de mer et l'immortelle, ce bouquet apporte une beaut\u00e9 naturelle \u00e0 ton int\u00e9rieur - sans aucun entretien.<\/p>\n<p class=\"\" data-start=\"616\" data-end=\"736\">Parfait comme touche d\u00e9corative \u00e9l\u00e9gante, comme cadeau sp\u00e9cial ou comme alternative durable au bouquet de fleurs classique.<\/p>\n<p data-start=\"616\" data-end=\"736\">Taille : 52cm, \u00d8 : environ 25cm<\/p>","protected":false},"excerpt":{"rendered":"<p class=\"\" data-start=\"203\" data-end=\"268\">D\u00e9licatement. Intemporel. Plein de charme.- Bouquet de fleurs s\u00e9ch\u00e9es 'Seefeld' li\u00e9 \u00e0 la main dans des tons doux de rose et de lilas.<\/p>","protected":false},"featured_media":54475,"template":"","meta":[],"product_brand":[],"product_cat":[117,23,1023,797],"product_tag":[1084],"woo-feed-brand":[],"class_list":{"0":"post-54478","1":"product","2":"type-product","3":"status-publish","4":"has-post-thumbnail","6":"product_cat-trockenblumen","7":"product_cat-home-living","8":"product_cat-fuer-mama","9":"product_cat-muttertag","10":"product_tag-froilein-blume","12":"first","13":"instock","14":"taxable","15":"shipping-taxable","16":"purchasable","17":"product-type-simple"},"_links":{"self":[{"href":"https:\/\/www.fleurop-home.ch\/fr-ch\/wp-json\/wp\/v2\/product\/54478","targetHints":{"allow":["GET"]}}],"collection":[{"href":"https:\/\/www.fleurop-home.ch\/fr-ch\/wp-json\/wp\/v2\/product"}],"about":[{"href":"https:\/\/www.fleurop-home.ch\/fr-ch\/wp-json\/wp\/v2\/types\/product"}],"wp:featuredmedia":[{"embeddable":true,"href":"https:\/\/www.fleurop-home.ch\/fr-ch\/wp-json\/wp\/v2\/media\/54475"}],"wp:attachment":[{"href":"https:\/\/www.fleurop-home.ch\/fr-ch\/wp-json\/wp\/v2\/media?parent=54478"}],"wp:term":[{"taxonomy":"product_brand","embeddable":true,"href":"https:\/\/www.fleurop-home.ch\/fr-ch\/wp-json\/wp\/v2\/product_brand?post=54478"},{"taxonomy":"product_cat","embeddable":true,"href":"https:\/\/www.fleurop-home.ch\/fr-ch\/wp-json\/wp\/v2\/product_cat?post=54478"},{"taxonomy":"product_tag","embeddable":true,"href":"https:\/\/www.fleurop-home.ch\/fr-ch\/wp-json\/wp\/v2\/product_tag?post=54478"},{"taxonomy":"woo-feed-brand","embeddable":true,"href":"https:\/\/www.fleurop-home.ch\/fr-ch\/wp-json\/wp\/v2\/woo-feed-brand?post=54478"}],"curies":[{"name":"wp","href":"https:\/\/api.w.org\/{rel}","templated":true}]}}