{"id":54408,"date":"2025-05-19T08:49:33","date_gmt":"2025-05-19T06:49:33","guid":{"rendered":"https:\/\/www.fleurop-home.ch\/?post_type=product&#038;p=54408"},"modified":"2026-03-31T15:44:55","modified_gmt":"2026-03-31T13:44:55","slug":"hotel-pour-insectes-avec-oeillet-de-barbarie","status":"publish","type":"product","link":"https:\/\/www.fleurop-home.ch\/fr-ch\/p\/insektenhotel-side-bartnelke","title":{"rendered":"H\u00f4tel pour insectes Side - Oeillet d'Inde"},"content":{"rendered":"<p>CONTIENT : H\u00f4tel pour insectes avec terreau et graines d'\u0153illets d'Inde.<\/p>\n<p><strong>\u00c9tape 1<\/strong><br \/>\nVerser la terre dans le bac de plantation (toit).<\/p>\n<p><strong>\u00c9tape 2<\/strong><br \/>\nSaupoudrer les graines sur la terre.<\/p>\n<p><strong>\u00c9tape 3<\/strong><br \/>\nMaintenir humide.<\/p>\n<p><strong>\u00c9tape 4 :<\/strong><br \/>\nAmuse-toi bien avec l'\u0153illet d'Inde.<\/p>\n<p>En savoir plus sur <a href=\"https:\/\/www.fleurop-home.ch\/fr-ch\/seeddees\/\">SeeddeeS<\/a>.<\/p>","protected":false},"excerpt":{"rendered":"<p>H\u00f4tel pour insectes avec terreau et \u0153illets d'Inde.<\/p>","protected":false},"featured_media":54411,"template":"","meta":[],"product_brand":[],"product_cat":[110,34,1113,1122,41],"product_tag":[282],"woo-feed-brand":[],"class_list":{"0":"post-54408","1":"product","2":"type-product","3":"status-publish","4":"has-post-thumbnail","6":"product_cat-samen","7":"product_cat-garten-balkon","8":"product_cat-gartenbewohner","9":"product_cat-kids-im-gruenen","10":"product_cat-outdoorpflanzen","11":"product_tag-fleurop-interflora","13":"first","14":"instock","15":"taxable","16":"shipping-taxable","17":"purchasable","18":"product-type-simple"},"_links":{"self":[{"href":"https:\/\/www.fleurop-home.ch\/fr-ch\/wp-json\/wp\/v2\/product\/54408","targetHints":{"allow":["GET"]}}],"collection":[{"href":"https:\/\/www.fleurop-home.ch\/fr-ch\/wp-json\/wp\/v2\/product"}],"about":[{"href":"https:\/\/www.fleurop-home.ch\/fr-ch\/wp-json\/wp\/v2\/types\/product"}],"wp:featuredmedia":[{"embeddable":true,"href":"https:\/\/www.fleurop-home.ch\/fr-ch\/wp-json\/wp\/v2\/media\/54411"}],"wp:attachment":[{"href":"https:\/\/www.fleurop-home.ch\/fr-ch\/wp-json\/wp\/v2\/media?parent=54408"}],"wp:term":[{"taxonomy":"product_brand","embeddable":true,"href":"https:\/\/www.fleurop-home.ch\/fr-ch\/wp-json\/wp\/v2\/product_brand?post=54408"},{"taxonomy":"product_cat","embeddable":true,"href":"https:\/\/www.fleurop-home.ch\/fr-ch\/wp-json\/wp\/v2\/product_cat?post=54408"},{"taxonomy":"product_tag","embeddable":true,"href":"https:\/\/www.fleurop-home.ch\/fr-ch\/wp-json\/wp\/v2\/product_tag?post=54408"},{"taxonomy":"woo-feed-brand","embeddable":true,"href":"https:\/\/www.fleurop-home.ch\/fr-ch\/wp-json\/wp\/v2\/woo-feed-brand?post=54408"}],"curies":[{"name":"wp","href":"https:\/\/api.w.org\/{rel}","templated":true}]}}