{"id":54269,"date":"2025-05-19T08:49:54","date_gmt":"2025-05-19T06:49:54","guid":{"rendered":"https:\/\/www.fleurop-home.ch\/?post_type=product&#038;p=54269"},"modified":"2026-03-17T17:21:35","modified_gmt":"2026-03-17T16:21:35","slug":"coquille-en-liege-coquelicot","status":"publish","type":"product","link":"https:\/\/www.fleurop-home.ch\/fr-ch\/p\/korkschale-mohn","title":{"rendered":"Coque en li\u00e8ge - coquelicot"},"content":{"rendered":"<p>Kit de croissance avec un bac en li\u00e8ge avec soucoupe \/ couvercle qui peut \u00eatre utilis\u00e9 comme plantoir. Tout en 1, car avec ce kit de culture, tu re\u00e7ois une plaquette de coco et des graines pour pouvoir commencer imm\u00e9diatement. La seule chose dont tu as besoin est d'ajouter de l'eau, un peu d'amour et de la patience.<\/p>\n<p>CONTIENT : Jardini\u00e8re en li\u00e8ge avec soucoupe \/ couvercle en li\u00e8ge avec plaquette de coco et graines de pavot.<\/p>\n<p><strong>\u00c9tape 1<\/strong><br \/>\nPlacer la plaquette de coco dans le pot de plantation en li\u00e8ge.<\/p>\n<p><strong>\u00c9tape 2<\/strong><br \/>\nVerser une grande quantit\u00e9 d'eau sur le comprim\u00e9.<\/p>\n<p><strong>\u00c9tape 3<\/strong><br \/>\nSaupoudrer les graines sur le sol.<\/p>\n<p><strong>\u00c9tape 4 :<\/strong><br \/>\nApr\u00e8s quelques semaines, planter \u00e0 l'ext\u00e9rieur.<\/p>\n<p>En savoir plus sur <a href=\"https:\/\/www.fleurop-home.ch\/fr-ch\/seeddees\/\">SeeddeeS<\/a>.<\/p>","protected":false},"excerpt":{"rendered":"<p>Jardini\u00e8re en li\u00e8ge avec soucoupe \/ couvercle en li\u00e8ge avec plaquette de coco et graines de pavot.<\/p>","protected":false},"featured_media":54273,"template":"","meta":[],"product_brand":[],"product_cat":[110,34,41],"product_tag":[282],"woo-feed-brand":[],"class_list":{"0":"post-54269","1":"product","2":"type-product","3":"status-publish","4":"has-post-thumbnail","6":"product_cat-samen","7":"product_cat-garten-balkon","8":"product_cat-outdoorpflanzen","9":"product_tag-fleurop-interflora","11":"first","12":"instock","13":"featured","14":"taxable","15":"shipping-taxable","16":"purchasable","17":"product-type-simple"},"_links":{"self":[{"href":"https:\/\/www.fleurop-home.ch\/fr-ch\/wp-json\/wp\/v2\/product\/54269","targetHints":{"allow":["GET"]}}],"collection":[{"href":"https:\/\/www.fleurop-home.ch\/fr-ch\/wp-json\/wp\/v2\/product"}],"about":[{"href":"https:\/\/www.fleurop-home.ch\/fr-ch\/wp-json\/wp\/v2\/types\/product"}],"wp:featuredmedia":[{"embeddable":true,"href":"https:\/\/www.fleurop-home.ch\/fr-ch\/wp-json\/wp\/v2\/media\/54273"}],"wp:attachment":[{"href":"https:\/\/www.fleurop-home.ch\/fr-ch\/wp-json\/wp\/v2\/media?parent=54269"}],"wp:term":[{"taxonomy":"product_brand","embeddable":true,"href":"https:\/\/www.fleurop-home.ch\/fr-ch\/wp-json\/wp\/v2\/product_brand?post=54269"},{"taxonomy":"product_cat","embeddable":true,"href":"https:\/\/www.fleurop-home.ch\/fr-ch\/wp-json\/wp\/v2\/product_cat?post=54269"},{"taxonomy":"product_tag","embeddable":true,"href":"https:\/\/www.fleurop-home.ch\/fr-ch\/wp-json\/wp\/v2\/product_tag?post=54269"},{"taxonomy":"woo-feed-brand","embeddable":true,"href":"https:\/\/www.fleurop-home.ch\/fr-ch\/wp-json\/wp\/v2\/woo-feed-brand?post=54269"}],"curies":[{"name":"wp","href":"https:\/\/api.w.org\/{rel}","templated":true}]}}