{"id":54230,"date":"2025-05-19T08:50:36","date_gmt":"2025-05-19T06:50:36","guid":{"rendered":"https:\/\/www.fleurop-home.ch\/?post_type=product&#038;p=54230"},"modified":"2026-03-17T17:20:11","modified_gmt":"2026-03-17T16:20:11","slug":"vase-en-verre-avec-recipient-en-liege-cresson","status":"publish","type":"product","link":"https:\/\/www.fleurop-home.ch\/fr-ch\/p\/glasvase-mit-korkgefaess-kresse","title":{"rendered":"Vase en verre avec r\u00e9cipient en li\u00e8ge - Cresson"},"content":{"rendered":"<p>Kit de culture comprenant un vase en verre et un bol en li\u00e8ge qui peut \u00eatre utilis\u00e9 comme pot de culture. La m\u00e8che suspendue dans le vase en verre rempli d'eau maintient la terre humide dans le bac en li\u00e8ge.<\/p>\n<p>Tout en 1, car avec ce kit de culture, tu re\u00e7ois une plaquette de coco et des graines pour pouvoir commencer imm\u00e9diatement. La seule chose que tu dois ajouter est de l'eau, un peu d'amour et de la patience.<\/p>\n<p>CONTIENT : Vase en verre avec r\u00e9cipient en li\u00e8ge avec m\u00e8che, plaquette de coco et graines de cresson.<\/p>\n<p><strong>\u00c9tape 1<\/strong><br \/>\nPlacer la plaquette de coco dans le r\u00e9cipient en li\u00e8ge.<\/p>\n<p><strong>\u00c9tape 2<\/strong><br \/>\nVerser une grande quantit\u00e9 d'eau sur le comprim\u00e9.<\/p>\n<p><strong>\u00c9tape 3<\/strong><br \/>\nSaupoudrer les graines sur la terre.<\/p>\n<p><strong>\u00c9tape 4 :<\/strong><br \/>\nGarde le cresson humide et d\u00e9guste-le.<\/p>\n<p>En savoir plus sur <a href=\"https:\/\/www.fleurop-home.ch\/fr-ch\/seeddees\/\">SeeddeeS<\/a>.<\/p>","protected":false},"excerpt":{"rendered":"<p>CONTIENT : Vase en verre avec r\u00e9cipient en li\u00e8ge avec m\u00e8che, plaquette de coco et graines de cresson.<\/p>","protected":false},"featured_media":54233,"template":"","meta":[],"product_brand":[],"product_cat":[110,34,41,42,47,885],"product_tag":[282],"woo-feed-brand":[],"class_list":{"0":"post-54230","1":"product","2":"type-product","3":"status-publish","4":"has-post-thumbnail","6":"product_cat-samen","7":"product_cat-garten-balkon","8":"product_cat-outdoorpflanzen","9":"product_cat-kueche","10":"product_cat-kuechenaromen","11":"product_cat-koestlichkeiten","12":"product_tag-fleurop-interflora","14":"first","15":"instock","16":"taxable","17":"shipping-taxable","18":"purchasable","19":"product-type-simple"},"_links":{"self":[{"href":"https:\/\/www.fleurop-home.ch\/fr-ch\/wp-json\/wp\/v2\/product\/54230","targetHints":{"allow":["GET"]}}],"collection":[{"href":"https:\/\/www.fleurop-home.ch\/fr-ch\/wp-json\/wp\/v2\/product"}],"about":[{"href":"https:\/\/www.fleurop-home.ch\/fr-ch\/wp-json\/wp\/v2\/types\/product"}],"wp:featuredmedia":[{"embeddable":true,"href":"https:\/\/www.fleurop-home.ch\/fr-ch\/wp-json\/wp\/v2\/media\/54233"}],"wp:attachment":[{"href":"https:\/\/www.fleurop-home.ch\/fr-ch\/wp-json\/wp\/v2\/media?parent=54230"}],"wp:term":[{"taxonomy":"product_brand","embeddable":true,"href":"https:\/\/www.fleurop-home.ch\/fr-ch\/wp-json\/wp\/v2\/product_brand?post=54230"},{"taxonomy":"product_cat","embeddable":true,"href":"https:\/\/www.fleurop-home.ch\/fr-ch\/wp-json\/wp\/v2\/product_cat?post=54230"},{"taxonomy":"product_tag","embeddable":true,"href":"https:\/\/www.fleurop-home.ch\/fr-ch\/wp-json\/wp\/v2\/product_tag?post=54230"},{"taxonomy":"woo-feed-brand","embeddable":true,"href":"https:\/\/www.fleurop-home.ch\/fr-ch\/wp-json\/wp\/v2\/woo-feed-brand?post=54230"}],"curies":[{"name":"wp","href":"https:\/\/api.w.org\/{rel}","templated":true}]}}