{"id":54222,"date":"2025-05-19T08:50:43","date_gmt":"2025-05-19T06:50:43","guid":{"rendered":"https:\/\/www.fleurop-home.ch\/?post_type=product&#038;p=54222"},"modified":"2026-03-17T17:19:47","modified_gmt":"2026-03-17T16:19:47","slug":"sac-en-jute-carotte","status":"publish","type":"product","link":"https:\/\/www.fleurop-home.ch\/fr-ch\/p\/jutesack-karotte","title":{"rendered":"Sac en jute carotte"},"content":{"rendered":"<p>Sac en jute avec cordon de serrage, rempli de tous les ingr\u00e9dients n\u00e9cessaires \u00e0 la culture de plants de carottes. Fais pousser les plantes dans les pots bio. D\u00e8s qu'elles sont assez grandes, plante les plantes dans les pots bio du jardin. Avec un peu de chaleur du soleil et de l'eau des nuages ou de l'arrosoir, elles grandiront pour devenir de d\u00e9licieuses racines.<\/p>\n<p>CONTIENT : Sac en jute avec pot biod\u00e9gradable (4x), plaquette de coco (4x) et graines de carotte (4x).<\/p>\n<p><strong>\u00c9tape 1<\/strong><br \/>\nMettre la plaquette de coco dans le biotunnel.<\/p>\n<p><strong>\u00c9tape 2<\/strong><br \/>\nVerser une grande quantit\u00e9 d'eau sur le comprim\u00e9.<\/p>\n<p><strong>\u00c9tape 3<\/strong><br \/>\nSaupoudrer les graines sur la terre.<\/p>\n<p><strong>\u00c9tape 4 :<\/strong><br \/>\nGarde-les humides et d\u00e9guste les carottes.<\/p>\n<p>En savoir plus sur <a href=\"https:\/\/www.fleurop-home.ch\/fr-ch\/seeddees\/\">SeeddeeS<\/a>.<\/p>","protected":false},"excerpt":{"rendered":"<p>Sac en jute avec pot biod\u00e9gradable (4x), plaquette de coco (4x) et graines de carottes (4x).<\/p>","protected":false},"featured_media":54224,"template":"","meta":[],"product_brand":[],"product_cat":[110,34,41,42,47,885],"product_tag":[282],"woo-feed-brand":[],"class_list":{"0":"post-54222","1":"product","2":"type-product","3":"status-publish","4":"has-post-thumbnail","6":"product_cat-samen","7":"product_cat-garten-balkon","8":"product_cat-outdoorpflanzen","9":"product_cat-kueche","10":"product_cat-kuechenaromen","11":"product_cat-koestlichkeiten","12":"product_tag-fleurop-interflora","14":"first","15":"instock","16":"taxable","17":"shipping-taxable","18":"purchasable","19":"product-type-simple"},"_links":{"self":[{"href":"https:\/\/www.fleurop-home.ch\/fr-ch\/wp-json\/wp\/v2\/product\/54222","targetHints":{"allow":["GET"]}}],"collection":[{"href":"https:\/\/www.fleurop-home.ch\/fr-ch\/wp-json\/wp\/v2\/product"}],"about":[{"href":"https:\/\/www.fleurop-home.ch\/fr-ch\/wp-json\/wp\/v2\/types\/product"}],"wp:featuredmedia":[{"embeddable":true,"href":"https:\/\/www.fleurop-home.ch\/fr-ch\/wp-json\/wp\/v2\/media\/54224"}],"wp:attachment":[{"href":"https:\/\/www.fleurop-home.ch\/fr-ch\/wp-json\/wp\/v2\/media?parent=54222"}],"wp:term":[{"taxonomy":"product_brand","embeddable":true,"href":"https:\/\/www.fleurop-home.ch\/fr-ch\/wp-json\/wp\/v2\/product_brand?post=54222"},{"taxonomy":"product_cat","embeddable":true,"href":"https:\/\/www.fleurop-home.ch\/fr-ch\/wp-json\/wp\/v2\/product_cat?post=54222"},{"taxonomy":"product_tag","embeddable":true,"href":"https:\/\/www.fleurop-home.ch\/fr-ch\/wp-json\/wp\/v2\/product_tag?post=54222"},{"taxonomy":"woo-feed-brand","embeddable":true,"href":"https:\/\/www.fleurop-home.ch\/fr-ch\/wp-json\/wp\/v2\/woo-feed-brand?post=54222"}],"curies":[{"name":"wp","href":"https:\/\/api.w.org\/{rel}","templated":true}]}}