{"id":54176,"date":"2025-04-24T13:59:00","date_gmt":"2025-04-24T11:59:00","guid":{"rendered":"https:\/\/www.fleurop-home.ch\/de-ch\/?post_type=product&#038;p=54176"},"modified":"2026-01-12T08:49:54","modified_gmt":"2026-01-12T07:49:54","slug":"pot-boum-30l-pro-taupe","status":"publish","type":"product","link":"https:\/\/www.fleurop-home.ch\/fr-ch\/p\/boum-topf-30l-pro-taupe","title":{"rendered":"Boum pot 30L Pro taupe"},"content":{"rendered":"<p>Le nouveau pot Boum 30L Pro dispose d'un volume de fond de 30L et d'une profondeur de plantation de 37 cm. Il convient donc \u00e0 toutes les plantes d'int\u00e9rieur, herbes, l\u00e9gumes, fleurs, arbustes et petits arbres. Il est id\u00e9al pour les grandes plantes et les arbres \u00e0 longue dur\u00e9e de vie, ainsi que pour les l\u00e9gumes comme les tomates et les concombres qui b\u00e9n\u00e9ficient d'un grand volume de terre. Le pot est disponible en trois couleurs intemporelles qui s'adaptent \u00e0 tous les int\u00e9rieurs. Les tubes capillaires tirent l'eau du r\u00e9servoir int\u00e9gr\u00e9 du pot et assurent ainsi une humidit\u00e9 optimale du sol. Une valve \u00e0 flotteur r\u00e9gule l'arriv\u00e9e d'eau dans le r\u00e9servoir. Le pot est reli\u00e9 au syst\u00e8me d'arrosage Boum par un tuyau discret et facile \u00e0 installer. Les plantes sont ainsi approvisionn\u00e9es en eau de mani\u00e8re fiable pendant plusieurs semaines. Le pot est fabriqu\u00e9 \u00e0 partir d'un m\u00e9lange de plastique min\u00e9ral recycl\u00e9 80% de haute qualit\u00e9 avec une finition \u00e0 la main. Il est d\u00e9coratif, r\u00e9sistant aux chocs et \u00e0 la rupture, facile \u00e0 d\u00e9placer, r\u00e9sistant aux UV et au gel.<\/p>","protected":false},"excerpt":{"rendered":"<p>Pot Boum 30L Pro : pot \u00e0 plantes de 30L avec un syst\u00e8me de m\u00e8che innovant<\/p>","protected":false},"featured_media":54360,"template":"","meta":[],"product_brand":[],"product_cat":[521,23,34,40],"product_tag":[319],"woo-feed-brand":[],"class_list":{"0":"post-54176","1":"product","2":"type-product","3":"status-publish","4":"has-post-thumbnail","6":"product_cat-bewaesserung","7":"product_cat-home-living","8":"product_cat-garten-balkon","9":"product_cat-uebertoepfe","10":"product_tag-boum-ag","12":"first","13":"instock","14":"taxable","15":"shipping-taxable","16":"purchasable","17":"product-type-simple"},"_links":{"self":[{"href":"https:\/\/www.fleurop-home.ch\/fr-ch\/wp-json\/wp\/v2\/product\/54176","targetHints":{"allow":["GET"]}}],"collection":[{"href":"https:\/\/www.fleurop-home.ch\/fr-ch\/wp-json\/wp\/v2\/product"}],"about":[{"href":"https:\/\/www.fleurop-home.ch\/fr-ch\/wp-json\/wp\/v2\/types\/product"}],"wp:featuredmedia":[{"embeddable":true,"href":"https:\/\/www.fleurop-home.ch\/fr-ch\/wp-json\/wp\/v2\/media\/54360"}],"wp:attachment":[{"href":"https:\/\/www.fleurop-home.ch\/fr-ch\/wp-json\/wp\/v2\/media?parent=54176"}],"wp:term":[{"taxonomy":"product_brand","embeddable":true,"href":"https:\/\/www.fleurop-home.ch\/fr-ch\/wp-json\/wp\/v2\/product_brand?post=54176"},{"taxonomy":"product_cat","embeddable":true,"href":"https:\/\/www.fleurop-home.ch\/fr-ch\/wp-json\/wp\/v2\/product_cat?post=54176"},{"taxonomy":"product_tag","embeddable":true,"href":"https:\/\/www.fleurop-home.ch\/fr-ch\/wp-json\/wp\/v2\/product_tag?post=54176"},{"taxonomy":"woo-feed-brand","embeddable":true,"href":"https:\/\/www.fleurop-home.ch\/fr-ch\/wp-json\/wp\/v2\/woo-feed-brand?post=54176"}],"curies":[{"name":"wp","href":"https:\/\/api.w.org\/{rel}","templated":true}]}}