{"id":54168,"date":"2025-04-24T13:59:22","date_gmt":"2025-04-24T11:59:22","guid":{"rendered":"https:\/\/www.fleurop-home.ch\/de-ch\/?post_type=product&#038;p=54168"},"modified":"2026-01-12T08:49:53","modified_gmt":"2026-01-12T07:49:53","slug":"boum-3-starter-set-blanc","status":"publish","type":"product","link":"https:\/\/www.fleurop-home.ch\/fr-ch\/p\/boum-3-starter-set-weiss","title":{"rendered":"Boum Pro Set blanc"},"content":{"rendered":"<p>Le kit Boum Pro est le parfait d\u00e9but pour faire pousser des piments, des herbes, des fleurs ou de petits arbres sans effort. Il contient le nouveau contr\u00f4leur Boum 3, un r\u00e9servoir d'eau de 35 litres et un pot Boum Pro de 15 litres. L'arrosage automatique fournit tes plantes pendant des semaines, voire des mois, sans avoir \u00e0 les remplir. La commande Boum 3 \u00e9conomise en outre de l'eau gr\u00e2ce \u00e0 la fonction int\u00e9gr\u00e9e de r\u00e9cup\u00e9ration de la pluie et offre une surface de pose pratique pour le pot. Le pot Boum Pro garantit des conditions optimales gr\u00e2ce \u00e0 des supports de m\u00e8che am\u00e9lior\u00e9s, une valve flottante stabilis\u00e9e et des arr\u00eats de d\u00e9bordement - sans eau stagnante.<\/p>","protected":false},"excerpt":{"rendered":"<p>Set Boum Pro : r\u00e9servoir d'eau 35L + casserole Boum 15 L Pro + commande intelligente<\/p>","protected":false},"featured_media":54340,"template":"","meta":[],"product_brand":[],"product_cat":[521,23,34,40],"product_tag":[319],"woo-feed-brand":[],"class_list":{"0":"post-54168","1":"product","2":"type-product","3":"status-publish","4":"has-post-thumbnail","6":"product_cat-bewaesserung","7":"product_cat-home-living","8":"product_cat-garten-balkon","9":"product_cat-uebertoepfe","10":"product_tag-boum-ag","12":"first","13":"instock","14":"taxable","15":"shipping-taxable","16":"purchasable","17":"product-type-simple"},"_links":{"self":[{"href":"https:\/\/www.fleurop-home.ch\/fr-ch\/wp-json\/wp\/v2\/product\/54168","targetHints":{"allow":["GET"]}}],"collection":[{"href":"https:\/\/www.fleurop-home.ch\/fr-ch\/wp-json\/wp\/v2\/product"}],"about":[{"href":"https:\/\/www.fleurop-home.ch\/fr-ch\/wp-json\/wp\/v2\/types\/product"}],"wp:featuredmedia":[{"embeddable":true,"href":"https:\/\/www.fleurop-home.ch\/fr-ch\/wp-json\/wp\/v2\/media\/54340"}],"wp:attachment":[{"href":"https:\/\/www.fleurop-home.ch\/fr-ch\/wp-json\/wp\/v2\/media?parent=54168"}],"wp:term":[{"taxonomy":"product_brand","embeddable":true,"href":"https:\/\/www.fleurop-home.ch\/fr-ch\/wp-json\/wp\/v2\/product_brand?post=54168"},{"taxonomy":"product_cat","embeddable":true,"href":"https:\/\/www.fleurop-home.ch\/fr-ch\/wp-json\/wp\/v2\/product_cat?post=54168"},{"taxonomy":"product_tag","embeddable":true,"href":"https:\/\/www.fleurop-home.ch\/fr-ch\/wp-json\/wp\/v2\/product_tag?post=54168"},{"taxonomy":"woo-feed-brand","embeddable":true,"href":"https:\/\/www.fleurop-home.ch\/fr-ch\/wp-json\/wp\/v2\/woo-feed-brand?post=54168"}],"curies":[{"name":"wp","href":"https:\/\/api.w.org\/{rel}","templated":true}]}}