{"id":54049,"date":"2025-04-14T10:12:45","date_gmt":"2025-04-14T08:12:45","guid":{"rendered":"https:\/\/www.fleurop-home.ch\/de-ch\/?post_type=product&#038;p=54049"},"modified":"2026-03-18T13:54:43","modified_gmt":"2026-03-18T12:54:43","slug":"dessous-de-verre-en-bois-de-bouleau-juice-of-the-day-set-de-4-pieces","status":"publish","type":"product","link":"https:\/\/www.fleurop-home.ch\/fr-ch\/p\/untersetzer-aus-birkenholz-juice-of-the-day-4er-set","title":{"rendered":"Dessous de verre en bois de bouleau \u201aJuice of the Day\u2018, set de 4 pi\u00e8ces"},"content":{"rendered":"<p><em>Le jus du jour<\/em><br \/>\nUne f\u00eate de la couleur - juteuse, insolente et inond\u00e9e de soleil. Comme un jus de fruit fra\u00eechement press\u00e9 sur une longue table de petit-d\u00e9jeuner, plein de joie de vivre et d'\u00e9nergie.<\/p>\n<p style=\"text-align: left\">Ces dessous de verre de haute qualit\u00e9 en placage de bouleau sont livr\u00e9s en lot de 4. Les designs vivants font tous partie d'une \u00e9dition limit\u00e9e et sont id\u00e9aux pour donner une touche individuelle \u00e0 la maison. Ils sont con\u00e7us en Suisse et fabriqu\u00e9s \u00e0 la main en Su\u00e8de \u00e0 partir de mat\u00e9riaux durables.<\/p>\n<p style=\"text-align: left\"><em>Cr\u00e9ateur :<\/em> Andreas Frei\/HappyTrays<\/p>\n<p style=\"text-align: left\"><em>Mat\u00e9riel :\u00a0<\/em>Placage bouleau, rev\u00eatement m\u00e9lamine<\/p>\n<p style=\"text-align: left\"><em>Mod\u00e8le :<\/em> Le jus du jour<\/p>\n<p style=\"text-align: left\"><em>Forme :<\/em> Rond<\/p>\n<p style=\"text-align: left\"><em>La taille :<\/em>\u00a0\u00f8 9 cm<\/p>","protected":false},"excerpt":{"rendered":"<p>Dessous de verre de haute qualit\u00e9 en placage de bouleau durable avec un design vivant en \u00e9dition limit\u00e9e. Con\u00e7u en Suisse, fabriqu\u00e9 \u00e0 la main en Su\u00e8de. Lot de 4, 9 x 9 cm.<\/p>","protected":false},"featured_media":54026,"template":"","meta":[],"product_brand":[],"product_cat":[1022,797,1019,1018,1208,909,915,52,53],"product_tag":[314],"woo-feed-brand":[],"class_list":{"0":"post-54049","1":"product","2":"type-product","3":"status-publish","4":"has-post-thumbnail","6":"product_cat-brunch","7":"product_cat-muttertag","8":"product_cat-osterbrunch","9":"product_cat-ostern","10":"product_cat-ueber-25-chf","11":"product_cat-weihnachten","12":"product_cat-wichteln","13":"product_cat-geschenke","14":"product_cat-geschenksets","15":"product_tag-happytrays","17":"first","18":"instock","19":"taxable","20":"shipping-taxable","21":"purchasable","22":"product-type-simple"},"_links":{"self":[{"href":"https:\/\/www.fleurop-home.ch\/fr-ch\/wp-json\/wp\/v2\/product\/54049","targetHints":{"allow":["GET"]}}],"collection":[{"href":"https:\/\/www.fleurop-home.ch\/fr-ch\/wp-json\/wp\/v2\/product"}],"about":[{"href":"https:\/\/www.fleurop-home.ch\/fr-ch\/wp-json\/wp\/v2\/types\/product"}],"wp:featuredmedia":[{"embeddable":true,"href":"https:\/\/www.fleurop-home.ch\/fr-ch\/wp-json\/wp\/v2\/media\/54026"}],"wp:attachment":[{"href":"https:\/\/www.fleurop-home.ch\/fr-ch\/wp-json\/wp\/v2\/media?parent=54049"}],"wp:term":[{"taxonomy":"product_brand","embeddable":true,"href":"https:\/\/www.fleurop-home.ch\/fr-ch\/wp-json\/wp\/v2\/product_brand?post=54049"},{"taxonomy":"product_cat","embeddable":true,"href":"https:\/\/www.fleurop-home.ch\/fr-ch\/wp-json\/wp\/v2\/product_cat?post=54049"},{"taxonomy":"product_tag","embeddable":true,"href":"https:\/\/www.fleurop-home.ch\/fr-ch\/wp-json\/wp\/v2\/product_tag?post=54049"},{"taxonomy":"woo-feed-brand","embeddable":true,"href":"https:\/\/www.fleurop-home.ch\/fr-ch\/wp-json\/wp\/v2\/woo-feed-brand?post=54049"}],"curies":[{"name":"wp","href":"https:\/\/api.w.org\/{rel}","templated":true}]}}