{"id":54046,"date":"2025-04-14T10:02:29","date_gmt":"2025-04-14T08:02:29","guid":{"rendered":"https:\/\/www.fleurop-home.ch\/de-ch\/?post_type=product&#038;p=54046"},"modified":"2026-03-18T13:54:44","modified_gmt":"2026-03-18T12:54:44","slug":"happytrays-dessous-de-verre-en-bois-ally-and-friends-9x9cm-double-face-4pcs","status":"publish","type":"product","link":"https:\/\/www.fleurop-home.ch\/fr-ch\/p\/happytrays-untersetzer-aus-holz-ally-and-friends-9x9cm-doppelseitig-4er-set","title":{"rendered":"HappyTrays Dessous de verre en bois \u201aAlly and Friends\u2018, 9x9cm double face - Set de 4"},"content":{"rendered":"<div class=\"product-info__block-item\" data-block-type=\"text\">\n<div class=\"prose\">\n<p><em>Ally et ses amis<\/em><br \/>\nInspir\u00e9 par la magie des oiseaux migrateurs - qui partent ensemble, se soutiennent et d\u00e9couvrent de nouveaux horizons. Un sujet ludique plein de l\u00e9g\u00e8ret\u00e9, de communaut\u00e9 et d'espoir.<\/p>\n<\/div>\n<\/div>\n<div class=\"product-info__block-item\" data-block-type=\"text\">\n<div class=\"prose\">\n<p><span class=\"metafield-multi_line_text_field\">Les sous-verres rectangulaires \u00e0 double face sont disponibles dans un set pratique de quatre pi\u00e8ces. Les deux c\u00f4t\u00e9s pr\u00e9sentent chacun un design diff\u00e9rent, tu peux donc les combiner selon ton humeur. Les sous-verres sont fabriqu\u00e9s \u00e0 la main en Su\u00e8de \u00e0 partir d'un placage de bouleau durable et de haute qualit\u00e9.<\/span><\/p>\n<\/div>\n<\/div>\n<div class=\"product-info__block-item\" data-block-type=\"text\">\n<div class=\"prose\">\n<p><span class=\"metafield-multi_line_text_field\">Prot\u00e8ge ta table et mets l'accent avec ces \u00e9l\u00e9gants dessous de verre.<\/span><\/p>\n<\/div>\n<\/div>\n<p style=\"text-align: left;\"><em>Cr\u00e9ateur :<\/em> Andreas Frei\/HappyTrays<\/p>\n<p style=\"text-align: left;\"><em>Mat\u00e9riel :\u00a0<\/em>Placage bouleau, rev\u00eatement m\u00e9lamine<\/p>\n<p style=\"text-align: left;\"><em>Mod\u00e8le :<\/em> Ally et ses amis Black &amp; White<\/p>\n<p style=\"text-align: left;\"><em>Forme :<\/em>\u00a0Carr\u00e9<\/p>\n<p style=\"text-align: left;\"><em>La taille :<\/em>\u00a09 x 9 cm<\/p>","protected":false},"excerpt":{"rendered":"<p>Dessous de verre de haute qualit\u00e9 en placage de bouleau durable avec un design vivant en \u00e9dition limit\u00e9e. Con\u00e7u en Suisse, fabriqu\u00e9 \u00e0 la main en Su\u00e8de. Lot de 4, 9 x 9 cm.<\/p>","protected":false},"featured_media":54048,"template":"","meta":[],"product_brand":[],"product_cat":[1106,1022,797,1019,1018,1208,909,915,42,1104,43,52,53],"product_tag":[314],"woo-feed-brand":[],"class_list":{"0":"post-54046","1":"product","2":"type-product","3":"status-publish","4":"has-post-thumbnail","6":"product_cat-untersetzer","7":"product_cat-brunch","8":"product_cat-muttertag","9":"product_cat-osterbrunch","10":"product_cat-ostern","11":"product_cat-ueber-25-chf","12":"product_cat-weihnachten","13":"product_cat-wichteln","14":"product_cat-kueche","15":"product_cat-tischakzente","16":"product_cat-gedeckter-tisch","17":"product_cat-geschenke","18":"product_cat-geschenksets","19":"product_tag-happytrays","21":"first","22":"instock","23":"taxable","24":"shipping-taxable","25":"purchasable","26":"product-type-simple"},"_links":{"self":[{"href":"https:\/\/www.fleurop-home.ch\/fr-ch\/wp-json\/wp\/v2\/product\/54046","targetHints":{"allow":["GET"]}}],"collection":[{"href":"https:\/\/www.fleurop-home.ch\/fr-ch\/wp-json\/wp\/v2\/product"}],"about":[{"href":"https:\/\/www.fleurop-home.ch\/fr-ch\/wp-json\/wp\/v2\/types\/product"}],"wp:featuredmedia":[{"embeddable":true,"href":"https:\/\/www.fleurop-home.ch\/fr-ch\/wp-json\/wp\/v2\/media\/54048"}],"wp:attachment":[{"href":"https:\/\/www.fleurop-home.ch\/fr-ch\/wp-json\/wp\/v2\/media?parent=54046"}],"wp:term":[{"taxonomy":"product_brand","embeddable":true,"href":"https:\/\/www.fleurop-home.ch\/fr-ch\/wp-json\/wp\/v2\/product_brand?post=54046"},{"taxonomy":"product_cat","embeddable":true,"href":"https:\/\/www.fleurop-home.ch\/fr-ch\/wp-json\/wp\/v2\/product_cat?post=54046"},{"taxonomy":"product_tag","embeddable":true,"href":"https:\/\/www.fleurop-home.ch\/fr-ch\/wp-json\/wp\/v2\/product_tag?post=54046"},{"taxonomy":"woo-feed-brand","embeddable":true,"href":"https:\/\/www.fleurop-home.ch\/fr-ch\/wp-json\/wp\/v2\/woo-feed-brand?post=54046"}],"curies":[{"name":"wp","href":"https:\/\/api.w.org\/{rel}","templated":true}]}}