{"id":5404,"date":"2019-07-23T15:28:35","date_gmt":"2019-07-23T13:28:35","guid":{"rendered":"https:\/\/www.fleurop-home.ch\/?product=white-tea-jasmin-ellipse"},"modified":"2025-04-01T07:09:52","modified_gmt":"2025-04-01T05:09:52","slug":"white-tea-jasmin-ellipse","status":"publish","type":"product","link":"https:\/\/www.fleurop-home.ch\/fr-ch\/p\/white-tea-jasmin-ellipse","title":{"rendered":"White Tea &amp; Jasmin Ellipse"},"content":{"rendered":"<p><strong>Th\u00e9 blanc &amp; jasmin<\/strong><\/p>\n<p>Le th\u00e9 blanc pur avec un soup\u00e7on de jasmin se m\u00eale doucement aux ar\u00f4mes de c\u00e8dre rouge et de rose.<\/p>\n<p>Les bougies elliptiques avec flamme Hearthwick ont une m\u00e8che en bois naturel qui produit le bruit apaisant d'un feu qui cr\u00e9pite. Le design exclusif cr\u00e9e une longue flamme dansante pour une ambiance de chemin\u00e9e unique dans chaque pi\u00e8ce. Parfait comme cadeau !\nDur\u00e9e de combustion : 30-40h<\/p>","protected":false},"excerpt":{"rendered":"<p>Le th\u00e9 blanc pur avec un soup\u00e7on de jasmin se m\u00eale doucement aux ar\u00f4mes de c\u00e8dre rouge et de rose.<\/p>","protected":false},"featured_media":5405,"template":"","meta":[],"product_brand":[],"product_cat":[99,23,28],"product_tag":[288],"woo-feed-brand":[],"class_list":{"0":"post-5404","1":"product","2":"type-product","3":"status-publish","4":"has-post-thumbnail","6":"product_cat-duftkerzen","7":"product_cat-home-living","8":"product_cat-kerzen-lichter","9":"product_tag-spirig-kerzen-ag","11":"first","12":"instock","13":"taxable","14":"shipping-taxable","15":"purchasable","16":"product-type-simple"},"_links":{"self":[{"href":"https:\/\/www.fleurop-home.ch\/fr-ch\/wp-json\/wp\/v2\/product\/5404","targetHints":{"allow":["GET"]}}],"collection":[{"href":"https:\/\/www.fleurop-home.ch\/fr-ch\/wp-json\/wp\/v2\/product"}],"about":[{"href":"https:\/\/www.fleurop-home.ch\/fr-ch\/wp-json\/wp\/v2\/types\/product"}],"wp:featuredmedia":[{"embeddable":true,"href":"https:\/\/www.fleurop-home.ch\/fr-ch\/wp-json\/wp\/v2\/media\/5405"}],"wp:attachment":[{"href":"https:\/\/www.fleurop-home.ch\/fr-ch\/wp-json\/wp\/v2\/media?parent=5404"}],"wp:term":[{"taxonomy":"product_brand","embeddable":true,"href":"https:\/\/www.fleurop-home.ch\/fr-ch\/wp-json\/wp\/v2\/product_brand?post=5404"},{"taxonomy":"product_cat","embeddable":true,"href":"https:\/\/www.fleurop-home.ch\/fr-ch\/wp-json\/wp\/v2\/product_cat?post=5404"},{"taxonomy":"product_tag","embeddable":true,"href":"https:\/\/www.fleurop-home.ch\/fr-ch\/wp-json\/wp\/v2\/product_tag?post=5404"},{"taxonomy":"woo-feed-brand","embeddable":true,"href":"https:\/\/www.fleurop-home.ch\/fr-ch\/wp-json\/wp\/v2\/woo-feed-brand?post=5404"}],"curies":[{"name":"wp","href":"https:\/\/api.w.org\/{rel}","templated":true}]}}