{"id":5398,"date":"2019-07-23T13:28:33","date_gmt":"2019-07-23T13:28:33","guid":{"rendered":"https:\/\/www.fleurop-home.ch\/?product=coastal-sunset-ellipse"},"modified":"2025-04-01T07:13:40","modified_gmt":"2025-04-01T05:13:40","slug":"coastal-sunset-ellipse","status":"publish","type":"product","link":"https:\/\/www.fleurop-home.ch\/fr-ch\/p\/coastal-sunset-ellipse","title":{"rendered":"Coastal Sunset Ellipse"},"content":{"rendered":"<p>Les fleurs embrass\u00e9es par le soleil, les nuances accueillantes de la noix de coco et l'air sal\u00e9 de la mer capturent l'\u00e9clat chaud de la c\u00f4te.<\/p>\n<p>Les bougies elliptiques avec flamme Hearthwick ont une m\u00e8che en bois naturel qui produit le bruit apaisant d'un feu qui cr\u00e9pite. Le design exclusif cr\u00e9e une longue flamme dansante pour une ambiance de chemin\u00e9e unique dans chaque pi\u00e8ce. Parfait comme cadeau !\nDur\u00e9e de combustion : 30-40h<\/p>","protected":false},"excerpt":{"rendered":"<p>Les fleurs embrass\u00e9es par le soleil, les nuances accueillantes de la noix de coco et l'air sal\u00e9 de la mer capturent l'\u00e9clat chaud de la c\u00f4te.<br \/>\nH : 92mm, L : 121mm, D : 191mm (prix par pi\u00e8ce)<\/p>","protected":false},"featured_media":5399,"template":"","meta":[],"product_brand":[],"product_cat":[99,23,28],"product_tag":[288],"woo-feed-brand":[],"class_list":{"0":"post-5398","1":"product","2":"type-product","3":"status-publish","4":"has-post-thumbnail","6":"product_cat-duftkerzen","7":"product_cat-home-living","8":"product_cat-kerzen-lichter","9":"product_tag-spirig-kerzen-ag","11":"first","12":"instock","13":"taxable","14":"shipping-taxable","15":"purchasable","16":"product-type-simple"},"_links":{"self":[{"href":"https:\/\/www.fleurop-home.ch\/fr-ch\/wp-json\/wp\/v2\/product\/5398","targetHints":{"allow":["GET"]}}],"collection":[{"href":"https:\/\/www.fleurop-home.ch\/fr-ch\/wp-json\/wp\/v2\/product"}],"about":[{"href":"https:\/\/www.fleurop-home.ch\/fr-ch\/wp-json\/wp\/v2\/types\/product"}],"wp:featuredmedia":[{"embeddable":true,"href":"https:\/\/www.fleurop-home.ch\/fr-ch\/wp-json\/wp\/v2\/media\/5399"}],"wp:attachment":[{"href":"https:\/\/www.fleurop-home.ch\/fr-ch\/wp-json\/wp\/v2\/media?parent=5398"}],"wp:term":[{"taxonomy":"product_brand","embeddable":true,"href":"https:\/\/www.fleurop-home.ch\/fr-ch\/wp-json\/wp\/v2\/product_brand?post=5398"},{"taxonomy":"product_cat","embeddable":true,"href":"https:\/\/www.fleurop-home.ch\/fr-ch\/wp-json\/wp\/v2\/product_cat?post=5398"},{"taxonomy":"product_tag","embeddable":true,"href":"https:\/\/www.fleurop-home.ch\/fr-ch\/wp-json\/wp\/v2\/product_tag?post=5398"},{"taxonomy":"woo-feed-brand","embeddable":true,"href":"https:\/\/www.fleurop-home.ch\/fr-ch\/wp-json\/wp\/v2\/woo-feed-brand?post=5398"}],"curies":[{"name":"wp","href":"https:\/\/api.w.org\/{rel}","templated":true}]}}