{"id":5393,"date":"2019-07-23T13:28:32","date_gmt":"2019-07-23T13:28:32","guid":{"rendered":"https:\/\/www.fleurop-home.ch\/?product=white-teak-ellipse"},"modified":"2025-10-27T11:21:03","modified_gmt":"2025-10-27T10:21:03","slug":"white-teak-ellipse","status":"publish","type":"product","link":"https:\/\/www.fleurop-home.ch\/fr-ch\/p\/white-teak-ellipse","title":{"rendered":"Teck blanc Ellipse"},"content":{"rendered":"<p>Des branches balsamiques fra\u00eeches m\u00e9lang\u00e9es au bois de santal et au ch\u00eane, avec une touche de mousse d'arbre et de bois de c\u00e8dre.<\/p>\n<p>Les bougies elliptiques avec flamme Hearthwick ont une m\u00e8che en bois naturel qui produit le bruit apaisant d'un feu qui cr\u00e9pite. Le design exclusif cr\u00e9e une longue flamme dansante pour une ambiance de chemin\u00e9e unique dans chaque pi\u00e8ce. Parfait comme cadeau !\nDur\u00e9e de combustion : 30-40h<\/p>","protected":false},"excerpt":{"rendered":"<p>Des branches balsamiques fra\u00eeches m\u00e9lang\u00e9es au bois de santal et au ch\u00eane, avec une touche de mousse d'arbre et de bois de c\u00e8dre.<br \/>\nH : 92mm, L : 121mm, D : 191mm (prix par pi\u00e8ce)<\/p>","protected":false},"featured_media":5394,"template":"","meta":[],"product_brand":[],"product_cat":[99,23,1000,999,909,1179,911,28],"product_tag":[288],"woo-feed-brand":[],"class_list":{"0":"post-5393","1":"product","2":"type-product","3":"status-publish","4":"has-post-thumbnail","6":"product_cat-duftkerzen","7":"product_cat-home-living","8":"product_cat-valentinstagsdeko","9":"product_cat-valentinstag","10":"product_cat-weihnachten","11":"product_cat-weihnachtsdeko","12":"product_cat-accessoires","13":"product_cat-kerzen-lichter","14":"product_tag-spirig-kerzen-ag","16":"first","17":"instock","18":"taxable","19":"shipping-taxable","20":"purchasable","21":"product-type-simple"},"_links":{"self":[{"href":"https:\/\/www.fleurop-home.ch\/fr-ch\/wp-json\/wp\/v2\/product\/5393","targetHints":{"allow":["GET"]}}],"collection":[{"href":"https:\/\/www.fleurop-home.ch\/fr-ch\/wp-json\/wp\/v2\/product"}],"about":[{"href":"https:\/\/www.fleurop-home.ch\/fr-ch\/wp-json\/wp\/v2\/types\/product"}],"wp:featuredmedia":[{"embeddable":true,"href":"https:\/\/www.fleurop-home.ch\/fr-ch\/wp-json\/wp\/v2\/media\/5394"}],"wp:attachment":[{"href":"https:\/\/www.fleurop-home.ch\/fr-ch\/wp-json\/wp\/v2\/media?parent=5393"}],"wp:term":[{"taxonomy":"product_brand","embeddable":true,"href":"https:\/\/www.fleurop-home.ch\/fr-ch\/wp-json\/wp\/v2\/product_brand?post=5393"},{"taxonomy":"product_cat","embeddable":true,"href":"https:\/\/www.fleurop-home.ch\/fr-ch\/wp-json\/wp\/v2\/product_cat?post=5393"},{"taxonomy":"product_tag","embeddable":true,"href":"https:\/\/www.fleurop-home.ch\/fr-ch\/wp-json\/wp\/v2\/product_tag?post=5393"},{"taxonomy":"woo-feed-brand","embeddable":true,"href":"https:\/\/www.fleurop-home.ch\/fr-ch\/wp-json\/wp\/v2\/woo-feed-brand?post=5393"}],"curies":[{"name":"wp","href":"https:\/\/api.w.org\/{rel}","templated":true}]}}