{"id":53626,"date":"2025-04-03T08:49:32","date_gmt":"2025-04-03T06:49:32","guid":{"rendered":"https:\/\/www.fleurop-home.ch\/de-ch\/?post_type=product&#038;p=53626"},"modified":"2026-04-01T15:39:13","modified_gmt":"2026-04-01T13:39:13","slug":"set-de-bombes-de-bain-de-primestudios","status":"publish","type":"product","link":"https:\/\/www.fleurop-home.ch\/fr-ch\/p\/badebomben-set-von-primestudios","title":{"rendered":"Set de bombes de bain de PRIMESTUDIOS"},"content":{"rendered":"<p class=\"\" data-start=\"33\" data-end=\"187\">Transforme ta salle de bain en une exp\u00e9rience de spa luxueuse avec le set exclusif de bombes de bain de Primestudios. Quatre vari\u00e9t\u00e9s s\u00e9duisantes pour une pure d\u00e9tente :<\/p>\n<ul data-start=\"189\" data-end=\"526\">\n<li class=\"\" data-start=\"189\" data-end=\"262\">\n<p class=\"\" data-start=\"191\" data-end=\"262\"><strong data-start=\"191\" data-end=\"203\">Lavande<\/strong>: Relaxant et apaisant - pour une pause bienfaisante.<\/p>\n<\/li>\n<li class=\"\" data-start=\"263\" data-end=\"341\">\n<p class=\"\" data-start=\"265\" data-end=\"341\"><strong data-start=\"265\" data-end=\"273\">Rose<\/strong>: Doux et nourrissant - pour une sensation de douceur sur la peau et une agr\u00e9able tranquillit\u00e9.<\/p>\n<\/li>\n<li class=\"\" data-start=\"342\" data-end=\"447\">\n<p class=\"\" data-start=\"344\" data-end=\"447\"><strong data-start=\"344\" data-end=\"353\">Hamam<\/strong>: Une exp\u00e9rience de bien-\u00eatre exotique - plonge dans la magie d'un hammam traditionnel.<\/p>\n<\/li>\n<li class=\"\" data-start=\"448\" data-end=\"526\">\n<p class=\"\" data-start=\"450\" data-end=\"526\"><strong data-start=\"450\" data-end=\"465\">Ylang ylang<\/strong>: Douceur florale et envo\u00fbtante - pour un bain sensuel.<\/p>\n<\/li>\n<\/ul>\n<p class=\"\" data-start=\"528\" data-end=\"633\">Laisse-toi dorloter et profite de ton bain de bien-\u00eatre personnel. La pure d\u00e9tente dans chaque bombe de bain !<\/p>","protected":false},"excerpt":{"rendered":"<p>Kit de bombes de bain Primestudios<\/p>","protected":false},"featured_media":53627,"template":"","meta":[],"product_brand":[],"product_cat":[50,1023,797,1208,909,915,48,52,1224,53],"product_tag":[322],"woo-feed-brand":[],"class_list":{"0":"post-53626","1":"product","2":"type-product","3":"status-publish","4":"has-post-thumbnail","6":"product_cat-badezubehoer","7":"product_cat-fuer-mama","8":"product_cat-muttertag","9":"product_cat-ueber-25-chf","10":"product_cat-weihnachten","11":"product_cat-wichteln","12":"product_cat-bad-wellness","13":"product_cat-geschenke","14":"product_cat-beauty-wellness","15":"product_cat-geschenksets","16":"product_tag-primestudios","18":"first","19":"instock","20":"taxable","21":"shipping-taxable","22":"purchasable","23":"product-type-simple"},"_links":{"self":[{"href":"https:\/\/www.fleurop-home.ch\/fr-ch\/wp-json\/wp\/v2\/product\/53626","targetHints":{"allow":["GET"]}}],"collection":[{"href":"https:\/\/www.fleurop-home.ch\/fr-ch\/wp-json\/wp\/v2\/product"}],"about":[{"href":"https:\/\/www.fleurop-home.ch\/fr-ch\/wp-json\/wp\/v2\/types\/product"}],"wp:featuredmedia":[{"embeddable":true,"href":"https:\/\/www.fleurop-home.ch\/fr-ch\/wp-json\/wp\/v2\/media\/53627"}],"wp:attachment":[{"href":"https:\/\/www.fleurop-home.ch\/fr-ch\/wp-json\/wp\/v2\/media?parent=53626"}],"wp:term":[{"taxonomy":"product_brand","embeddable":true,"href":"https:\/\/www.fleurop-home.ch\/fr-ch\/wp-json\/wp\/v2\/product_brand?post=53626"},{"taxonomy":"product_cat","embeddable":true,"href":"https:\/\/www.fleurop-home.ch\/fr-ch\/wp-json\/wp\/v2\/product_cat?post=53626"},{"taxonomy":"product_tag","embeddable":true,"href":"https:\/\/www.fleurop-home.ch\/fr-ch\/wp-json\/wp\/v2\/product_tag?post=53626"},{"taxonomy":"woo-feed-brand","embeddable":true,"href":"https:\/\/www.fleurop-home.ch\/fr-ch\/wp-json\/wp\/v2\/woo-feed-brand?post=53626"}],"curies":[{"name":"wp","href":"https:\/\/api.w.org\/{rel}","templated":true}]}}