{"id":53625,"date":"2025-04-03T08:42:51","date_gmt":"2025-04-03T06:42:51","guid":{"rendered":"https:\/\/www.fleurop-home.ch\/de-ch\/?post_type=product&#038;p=53625"},"modified":"2026-04-22T10:56:09","modified_gmt":"2026-04-22T08:56:09","slug":"oeufs-de-coccinelle","status":"publish","type":"product","link":"https:\/\/www.fleurop-home.ch\/fr-ch\/p\/marienkaefer-eier","title":{"rendered":"\u0152ufs de coccinelle (carte de r\u00e9f\u00e9rence)"},"content":{"rendered":"<p>Ce kit comprend une bo\u00eete d'\u0153ufs de coccinelles et la nourriture n\u00e9cessaire pour les \u00e9lever.<\/p>\n<p>C'est le compl\u00e9ment id\u00e9al de la maison des coccinelles. Avec cette commande, tu re\u00e7ois une carte d'achat pr\u00e9affranchie (bon d'achat). Cette carte est importante car elle permet - d\u00e8s que tout est pr\u00eat pour l'\u00e9levage - de commander les \u0153ufs de coccinelles, nourriture comprise, directement \u00e0 la p\u00e9pini\u00e8re bio et de les recevoir chez soi quelques jours plus tard.<\/p>\n<p>Important : il s'agit d'animaux vivants. Pr\u00e9pare-toi bien, lis attentivement les instructions (t\u00e9l\u00e9chargement du plan d'\u00e9levage) et suis les \u00e9tapes indiqu\u00e9es. Conserve imp\u00e9rativement la carte de retrait (bon), car en cas de perte, aucun remplacement ne pourra \u00eatre effectu\u00e9.<\/p>","protected":false},"excerpt":{"rendered":"<p>Une carte d'achat pr\u00e9affranchie (bon) pour des \u0153ufs de coccinelle de la p\u00e9pini\u00e8re bio.<\/p>","protected":false},"featured_media":52799,"template":"","meta":[],"product_brand":[],"product_cat":[939,1263,1267,34,1113,1122,59],"product_tag":[1036],"woo-feed-brand":[],"class_list":{"0":"post-53625","1":"product","2":"type-product","3":"status-publish","4":"has-post-thumbnail","6":"product_cat-kindergeschenke","7":"product_cat-fleuropkids","8":"product_cat-tiere-lebensraeume","9":"product_cat-garten-balkon","10":"product_cat-gartenbewohner","11":"product_cat-kids-im-gruenen","12":"product_cat-kids","13":"product_tag-naturprodukte-byminz","15":"first","16":"instock","17":"taxable","18":"shipping-taxable","19":"purchasable","20":"product-type-simple"},"_links":{"self":[{"href":"https:\/\/www.fleurop-home.ch\/fr-ch\/wp-json\/wp\/v2\/product\/53625","targetHints":{"allow":["GET"]}}],"collection":[{"href":"https:\/\/www.fleurop-home.ch\/fr-ch\/wp-json\/wp\/v2\/product"}],"about":[{"href":"https:\/\/www.fleurop-home.ch\/fr-ch\/wp-json\/wp\/v2\/types\/product"}],"wp:featuredmedia":[{"embeddable":true,"href":"https:\/\/www.fleurop-home.ch\/fr-ch\/wp-json\/wp\/v2\/media\/52799"}],"wp:attachment":[{"href":"https:\/\/www.fleurop-home.ch\/fr-ch\/wp-json\/wp\/v2\/media?parent=53625"}],"wp:term":[{"taxonomy":"product_brand","embeddable":true,"href":"https:\/\/www.fleurop-home.ch\/fr-ch\/wp-json\/wp\/v2\/product_brand?post=53625"},{"taxonomy":"product_cat","embeddable":true,"href":"https:\/\/www.fleurop-home.ch\/fr-ch\/wp-json\/wp\/v2\/product_cat?post=53625"},{"taxonomy":"product_tag","embeddable":true,"href":"https:\/\/www.fleurop-home.ch\/fr-ch\/wp-json\/wp\/v2\/product_tag?post=53625"},{"taxonomy":"woo-feed-brand","embeddable":true,"href":"https:\/\/www.fleurop-home.ch\/fr-ch\/wp-json\/wp\/v2\/woo-feed-brand?post=53625"}],"curies":[{"name":"wp","href":"https:\/\/api.w.org\/{rel}","templated":true}]}}