{"id":53623,"date":"2025-04-03T08:32:39","date_gmt":"2025-04-03T06:32:39","guid":{"rendered":"https:\/\/www.fleurop-home.ch\/de-ch\/?post_type=product&#038;p=53623"},"modified":"2026-04-01T15:39:13","modified_gmt":"2026-04-01T13:39:13","slug":"set-de-sels-de-bain-de-primetstudios","status":"publish","type":"product","link":"https:\/\/www.fleurop-home.ch\/fr-ch\/p\/badesalz-set-von-primetstudios","title":{"rendered":"Set de sels de bain de PRIMETSTUDIOS"},"content":{"rendered":"<p>Offre-toi une pause avec le set de sels de bain exclusif de Primestudios. Quatre sortes choyantes pour tes sens :<\/p>\n<ul data-start=\"151\" data-end=\"508\">\n<li class=\"\" data-start=\"151\" data-end=\"230\">\n<p class=\"\" data-start=\"153\" data-end=\"230\"><strong data-start=\"153\" data-end=\"165\">Lavande<\/strong>: apaisant et relaxant - parfait pour le quotidien stressant.<\/p>\n<\/li>\n<li class=\"\" data-start=\"231\" data-end=\"306\">\n<p class=\"\" data-start=\"233\" data-end=\"306\"><strong data-start=\"233\" data-end=\"241\">Rose<\/strong>: L'harmonie \u00e0 l'\u00e9tat pur - procure une sensation de douceur et de d\u00e9tente \u00e0 la peau.<\/p>\n<\/li>\n<li class=\"\" data-start=\"307\" data-end=\"418\">\n<p class=\"\" data-start=\"309\" data-end=\"418\"><strong data-start=\"309\" data-end=\"318\">Hamam<\/strong>: Une exp\u00e9rience exotique - apporte l'atmosph\u00e8re bienfaisante d'un hammam traditionnel dans ton bain.<\/p>\n<\/li>\n<li class=\"\" data-start=\"419\" data-end=\"508\">\n<p class=\"\" data-start=\"421\" data-end=\"508\"><strong data-start=\"421\" data-end=\"436\">Ylang ylang<\/strong>: Magie florale pour le corps et l'esprit - s\u00e9duit avec son parfum fleuri.<\/p>\n<\/li>\n<\/ul>\n<p class=\"\" data-start=\"510\" data-end=\"591\">Transforme ta salle de bain en une exp\u00e9rience spa de luxe. Offre-toi le meilleur !<\/p>","protected":false},"excerpt":{"rendered":"<p>Set de sels de bain Primestudios<\/p>","protected":false},"featured_media":53624,"template":"","meta":[],"product_brand":[],"product_cat":[50,1023,797,1208,909,915,48,52,1224,53],"product_tag":[322],"woo-feed-brand":[],"class_list":{"0":"post-53623","1":"product","2":"type-product","3":"status-publish","4":"has-post-thumbnail","6":"product_cat-badezubehoer","7":"product_cat-fuer-mama","8":"product_cat-muttertag","9":"product_cat-ueber-25-chf","10":"product_cat-weihnachten","11":"product_cat-wichteln","12":"product_cat-bad-wellness","13":"product_cat-geschenke","14":"product_cat-beauty-wellness","15":"product_cat-geschenksets","16":"product_tag-primestudios","18":"first","19":"instock","20":"taxable","21":"shipping-taxable","22":"purchasable","23":"product-type-simple"},"_links":{"self":[{"href":"https:\/\/www.fleurop-home.ch\/fr-ch\/wp-json\/wp\/v2\/product\/53623","targetHints":{"allow":["GET"]}}],"collection":[{"href":"https:\/\/www.fleurop-home.ch\/fr-ch\/wp-json\/wp\/v2\/product"}],"about":[{"href":"https:\/\/www.fleurop-home.ch\/fr-ch\/wp-json\/wp\/v2\/types\/product"}],"wp:featuredmedia":[{"embeddable":true,"href":"https:\/\/www.fleurop-home.ch\/fr-ch\/wp-json\/wp\/v2\/media\/53624"}],"wp:attachment":[{"href":"https:\/\/www.fleurop-home.ch\/fr-ch\/wp-json\/wp\/v2\/media?parent=53623"}],"wp:term":[{"taxonomy":"product_brand","embeddable":true,"href":"https:\/\/www.fleurop-home.ch\/fr-ch\/wp-json\/wp\/v2\/product_brand?post=53623"},{"taxonomy":"product_cat","embeddable":true,"href":"https:\/\/www.fleurop-home.ch\/fr-ch\/wp-json\/wp\/v2\/product_cat?post=53623"},{"taxonomy":"product_tag","embeddable":true,"href":"https:\/\/www.fleurop-home.ch\/fr-ch\/wp-json\/wp\/v2\/product_tag?post=53623"},{"taxonomy":"woo-feed-brand","embeddable":true,"href":"https:\/\/www.fleurop-home.ch\/fr-ch\/wp-json\/wp\/v2\/woo-feed-brand?post=53623"}],"curies":[{"name":"wp","href":"https:\/\/api.w.org\/{rel}","templated":true}]}}