{"id":53544,"date":"2025-04-01T18:06:05","date_gmt":"2025-04-01T16:06:05","guid":{"rendered":"https:\/\/www.fleurop-home.ch\/de-ch\/?post_type=product&#038;p=53544"},"modified":"2026-04-01T08:18:03","modified_gmt":"2026-04-01T06:18:03","slug":"chop-chop-bloom-ciseaux-de-jardin-chili-pepper","status":"publish","type":"product","link":"https:\/\/www.fleurop-home.ch\/fr-ch\/p\/chop-chop-bloom-gartenschere-chili-pepper","title":{"rendered":"Chop Chop Bloom s\u00e9cateur - Chili Pepper"},"content":{"rendered":"<p><span data-sheets-root=\"1\">S\u00e9cateur puissant, l\u00e9ger et durable avec des poign\u00e9es en cuir color\u00e9 cousues \u00e0 la main : Les s\u00e9cateurs Chop Chop Bloom - Chili Pepper sont parfaits pour prendre soin de toutes sortes de fleurs et de plantes, \u00e0 l'int\u00e9rieur comme \u00e0 l'ext\u00e9rieur.<\/span><\/p>\n<p>- Couleur : rouge bordeaux<br \/>\n- Longueur : 17,5 cm<br \/>\n- Diam\u00e8tre de coupe : 1,6 cm<br \/>\n- Convient pour l'int\u00e9rieur et l'ext\u00e9rieur, pour les fleurs coup\u00e9es, les arbustes et tout type de plantes n\u00e9cessitant des soins particuliers<br \/>\n- Les poign\u00e9es : Cuir de veau tann\u00e9 v\u00e9g\u00e9tal cousu \u00e0 la main<\/p>\n<p>Conseils d'avertissement et d'entretien :<br \/>\n- Une utilisation inappropri\u00e9e peut entra\u00eener des blessures corporelles ou des dommages mat\u00e9riels.<br \/>\n- Ne laisse jamais les ciseaux ouverts.<br \/>\n- Conserver en toute s\u00e9curit\u00e9 et hors de port\u00e9e des enfants.<br \/>\n- Ne coupe pas les c\u00e2bles ou les fils \u00e9lectriques sous tension.<br \/>\n- Si les poign\u00e9es en cuir se salissent, essuie-les d\u00e9licatement avec un chiffon doux et humide. Appliquer de la cire pour cuir de temps en temps permet de garder le cuir souple.<br \/>\n- M\u00eame si les s\u00e9cateurs Chop Chop Bloom aiment \u00eatre \u00e0 l'ext\u00e9rieur, ils n'aiment pas \u00eatre laiss\u00e9s sous la pluie.<\/p>","protected":false},"excerpt":{"rendered":"<p><span data-sheets-root=\"1\">100% produit en Allemagne | Haute qualit\u00e9 et longue dur\u00e9e de vie avec des poign\u00e9es en cuir cousues \u00e0 la main<\/span><\/p>","protected":false},"featured_media":53524,"template":"","meta":[],"product_brand":[],"product_cat":[1062,34,39],"product_tag":[294],"woo-feed-brand":[],"class_list":{"0":"post-53544","1":"product","2":"type-product","3":"status-publish","4":"has-post-thumbnail","6":"product_cat-gartenwerkzeug","7":"product_cat-garten-balkon","8":"product_cat-gartenzubehoer","9":"product_tag-the-bloomery","11":"first","12":"instock","13":"taxable","14":"shipping-taxable","15":"purchasable","16":"product-type-simple"},"_links":{"self":[{"href":"https:\/\/www.fleurop-home.ch\/fr-ch\/wp-json\/wp\/v2\/product\/53544","targetHints":{"allow":["GET"]}}],"collection":[{"href":"https:\/\/www.fleurop-home.ch\/fr-ch\/wp-json\/wp\/v2\/product"}],"about":[{"href":"https:\/\/www.fleurop-home.ch\/fr-ch\/wp-json\/wp\/v2\/types\/product"}],"wp:featuredmedia":[{"embeddable":true,"href":"https:\/\/www.fleurop-home.ch\/fr-ch\/wp-json\/wp\/v2\/media\/53524"}],"wp:attachment":[{"href":"https:\/\/www.fleurop-home.ch\/fr-ch\/wp-json\/wp\/v2\/media?parent=53544"}],"wp:term":[{"taxonomy":"product_brand","embeddable":true,"href":"https:\/\/www.fleurop-home.ch\/fr-ch\/wp-json\/wp\/v2\/product_brand?post=53544"},{"taxonomy":"product_cat","embeddable":true,"href":"https:\/\/www.fleurop-home.ch\/fr-ch\/wp-json\/wp\/v2\/product_cat?post=53544"},{"taxonomy":"product_tag","embeddable":true,"href":"https:\/\/www.fleurop-home.ch\/fr-ch\/wp-json\/wp\/v2\/product_tag?post=53544"},{"taxonomy":"woo-feed-brand","embeddable":true,"href":"https:\/\/www.fleurop-home.ch\/fr-ch\/wp-json\/wp\/v2\/woo-feed-brand?post=53544"}],"curies":[{"name":"wp","href":"https:\/\/api.w.org\/{rel}","templated":true}]}}