{"id":52836,"date":"2025-04-01T16:10:26","date_gmt":"2025-04-01T14:10:26","guid":{"rendered":"https:\/\/www.fleurop-home.ch\/de-ch\/?post_type=product&#038;p=52836"},"modified":"2026-04-22T10:50:47","modified_gmt":"2026-04-22T08:50:47","slug":"set-de-cartes-postales-amis","status":"publish","type":"product","link":"https:\/\/www.fleurop-home.ch\/fr-ch\/p\/postkarten-set-freunde","title":{"rendered":"Set de cartes postales \"Amis"},"content":{"rendered":"<p><strong>Voici les quatre messages des cartes postales des amis :<\/strong><br \/>\nLes amis sont forts ensemble.<br \/>\nLes amis peuvent \u00eatre diff\u00e9rents.<br \/>\nLes amis se chamaillent et les amis s'aiment.<br \/>\nTu peux compter sur tes amis.<\/p>\n<p>D'autres tatouages Kraft peuvent \u00eatre ajout\u00e9s individuellement plus tard. Un joli compl\u00e9ment aux cartes postales est le porte-cartes qui est produit par des personnes handicap\u00e9es \u00e0 la fondation BSZ dans le canton de Schwyz.<\/p>\n<p><strong>Format A6<\/strong><br \/>\nLxL = 10.5\u00d714.8 cm<\/p>\n<p><strong>Contenu de la livraison<\/strong><br \/>\nLe kit se compose de 4 cartes postales avec des messages individuels (affirmations) et de 3 feuilles de tatouage avec un total de 18 tatouages d'animaux de pouvoir.<\/p>\n<p><strong>Production<\/strong><br \/>\nLes cartes postales sont fabriqu\u00e9es \u00e0 partir d'un papier naturel soigneusement s\u00e9lectionn\u00e9, FSC\u00ae, 100 % de vieux papier, produit par Engelberger Druck \u00e0 Stans. Les tatouages durables d'animaux de pouvoir Organic sont test\u00e9s dermatologiquement, v\u00e9g\u00e9taliens &amp; biod\u00e9gradables, produits en Autriche.<\/p>","protected":false},"excerpt":{"rendered":"<p>Les cartes postales des amis contiennent des messages autour des valeurs d'une amiti\u00e9 saine entre enfants. Chaque set de cartes postales contient 18 tatouages d'animaux.<\/p>","protected":false},"featured_media":52837,"template":"","meta":[],"product_brand":[],"product_cat":[23,1263,1268,909,915,59,939,52,58],"product_tag":[1036],"woo-feed-brand":[],"class_list":{"0":"post-52836","1":"product","2":"type-product","3":"status-publish","4":"has-post-thumbnail","6":"product_cat-home-living","7":"product_cat-fleuropkids","8":"product_cat-malen-basteln","9":"product_cat-weihnachten","10":"product_cat-wichteln","11":"product_cat-kids","12":"product_cat-kindergeschenke","13":"product_cat-geschenke","14":"product_cat-grusskarten","15":"product_tag-naturprodukte-byminz","17":"first","18":"instock","19":"taxable","20":"shipping-taxable","21":"product-type-simple"},"_links":{"self":[{"href":"https:\/\/www.fleurop-home.ch\/fr-ch\/wp-json\/wp\/v2\/product\/52836","targetHints":{"allow":["GET"]}}],"collection":[{"href":"https:\/\/www.fleurop-home.ch\/fr-ch\/wp-json\/wp\/v2\/product"}],"about":[{"href":"https:\/\/www.fleurop-home.ch\/fr-ch\/wp-json\/wp\/v2\/types\/product"}],"wp:featuredmedia":[{"embeddable":true,"href":"https:\/\/www.fleurop-home.ch\/fr-ch\/wp-json\/wp\/v2\/media\/52837"}],"wp:attachment":[{"href":"https:\/\/www.fleurop-home.ch\/fr-ch\/wp-json\/wp\/v2\/media?parent=52836"}],"wp:term":[{"taxonomy":"product_brand","embeddable":true,"href":"https:\/\/www.fleurop-home.ch\/fr-ch\/wp-json\/wp\/v2\/product_brand?post=52836"},{"taxonomy":"product_cat","embeddable":true,"href":"https:\/\/www.fleurop-home.ch\/fr-ch\/wp-json\/wp\/v2\/product_cat?post=52836"},{"taxonomy":"product_tag","embeddable":true,"href":"https:\/\/www.fleurop-home.ch\/fr-ch\/wp-json\/wp\/v2\/product_tag?post=52836"},{"taxonomy":"woo-feed-brand","embeddable":true,"href":"https:\/\/www.fleurop-home.ch\/fr-ch\/wp-json\/wp\/v2\/woo-feed-brand?post=52836"}],"curies":[{"name":"wp","href":"https:\/\/api.w.org\/{rel}","templated":true}]}}