{"id":52829,"date":"2025-04-01T16:10:28","date_gmt":"2025-04-01T14:10:28","guid":{"rendered":"https:\/\/www.fleurop-home.ch\/de-ch\/?post_type=product&#038;p=52829"},"modified":"2026-04-22T10:50:47","modified_gmt":"2026-04-22T08:50:47","slug":"set-de-cartes-postales-animaux-de-pouvoir","status":"publish","type":"product","link":"https:\/\/www.fleurop-home.ch\/fr-ch\/p\/postkarten-set-krafttiere","title":{"rendered":"Set de cartes postales \"Animaux de pouvoir"},"content":{"rendered":"<p><strong>Les six messages sont les suivants<\/strong><br \/>\nTu seras prot\u00e9g\u00e9.<br \/>\nNous sommes fiers de toi<br \/>\nAie confiance en toi et en tes capacit\u00e9s.<br \/>\nTu es juste comme il faut, comme tu es.<br \/>\nC'est difficile, mais tu peux le faire.<br \/>\nTu es plus puissant que le probl\u00e8me.<\/p>\n<p>D'autres tatouages Kraft peuvent \u00eatre ajout\u00e9s individuellement plus tard. Un joli compl\u00e9ment aux cartes postales est le porte-cartes qui est produit par des personnes handicap\u00e9es \u00e0 la fondation BSZ dans le canton de Schwyz.<\/p>\n<p><strong>Format A6<\/strong><br \/>\nLxL = 10.5\u00d714.8 cm<\/p>\n<p><strong>Contenu de la livraison<\/strong><br \/>\nLe kit se compose de 6 cartes postales avec des messages individuels (affirmations) et de 3 feuilles de tatouage avec un total de 18 tatouages d'animaux de pouvoir.<\/p>\n<p><strong>Production<\/strong><br \/>\nLes cartes postales sont fabriqu\u00e9es \u00e0 partir d'un papier naturel soigneusement s\u00e9lectionn\u00e9, FSC\u00ae, 100 % de vieux papier, produit par Engelberger Druck \u00e0 Stans. Les tatouages durables d'animaux de pouvoir Organic sont test\u00e9s dermatologiquement, v\u00e9g\u00e9taliens &amp; biod\u00e9gradables, produits en Autriche.<\/p>","protected":false},"excerpt":{"rendered":"<p>Les cartes postales byMinz contiennent des messages de motivation et aident les enfants - comme les affirmations - \u00e0 avoir confiance en eux. Chaque set de cartes postales contient 18 tatouages d'animaux.<\/p>","protected":false},"featured_media":52830,"template":"","meta":[],"product_brand":[],"product_cat":[23,1263,1268,1208,909,915,59,939,52,58],"product_tag":[1036],"woo-feed-brand":[],"class_list":{"0":"post-52829","1":"product","2":"type-product","3":"status-publish","4":"has-post-thumbnail","6":"product_cat-home-living","7":"product_cat-fleuropkids","8":"product_cat-malen-basteln","9":"product_cat-ueber-25-chf","10":"product_cat-weihnachten","11":"product_cat-wichteln","12":"product_cat-kids","13":"product_cat-kindergeschenke","14":"product_cat-geschenke","15":"product_cat-grusskarten","16":"product_tag-naturprodukte-byminz","18":"first","19":"instock","20":"taxable","21":"shipping-taxable","22":"product-type-simple"},"_links":{"self":[{"href":"https:\/\/www.fleurop-home.ch\/fr-ch\/wp-json\/wp\/v2\/product\/52829","targetHints":{"allow":["GET"]}}],"collection":[{"href":"https:\/\/www.fleurop-home.ch\/fr-ch\/wp-json\/wp\/v2\/product"}],"about":[{"href":"https:\/\/www.fleurop-home.ch\/fr-ch\/wp-json\/wp\/v2\/types\/product"}],"wp:featuredmedia":[{"embeddable":true,"href":"https:\/\/www.fleurop-home.ch\/fr-ch\/wp-json\/wp\/v2\/media\/52830"}],"wp:attachment":[{"href":"https:\/\/www.fleurop-home.ch\/fr-ch\/wp-json\/wp\/v2\/media?parent=52829"}],"wp:term":[{"taxonomy":"product_brand","embeddable":true,"href":"https:\/\/www.fleurop-home.ch\/fr-ch\/wp-json\/wp\/v2\/product_brand?post=52829"},{"taxonomy":"product_cat","embeddable":true,"href":"https:\/\/www.fleurop-home.ch\/fr-ch\/wp-json\/wp\/v2\/product_cat?post=52829"},{"taxonomy":"product_tag","embeddable":true,"href":"https:\/\/www.fleurop-home.ch\/fr-ch\/wp-json\/wp\/v2\/product_tag?post=52829"},{"taxonomy":"woo-feed-brand","embeddable":true,"href":"https:\/\/www.fleurop-home.ch\/fr-ch\/wp-json\/wp\/v2\/woo-feed-brand?post=52829"}],"curies":[{"name":"wp","href":"https:\/\/api.w.org\/{rel}","templated":true}]}}