{"id":52802,"date":"2025-04-01T16:10:35","date_gmt":"2025-04-01T14:10:35","guid":{"rendered":"https:\/\/www.fleurop-home.ch\/de-ch\/?post_type=product&#038;p=52802"},"modified":"2026-01-08T08:09:23","modified_gmt":"2026-01-08T07:09:23","slug":"livre-dor","status":"publish","type":"product","link":"https:\/\/www.fleurop-home.ch\/fr-ch\/p\/freundebuch","title":{"rendered":"Livre des amis"},"content":{"rendered":"<p>Il s'agit d'amiti\u00e9s et de souvenirs communs, d'appr\u00e9ciation et d'apprendre \u00e0 mieux se conna\u00eetre. Le livre pose des questions pr\u00e9cises telles que : Que signifie l'amiti\u00e9 pour toi ? Pour quoi souhaites-tu avoir plus de courage ? Qu'est-ce qui te rend heureux ? Et qu'est-ce que tu admires chez ton ami ? Chaque page invite \u00e0 d\u00e9couvrir le monde d'un autre animal de pouvoir et offre beaucoup d'espace pour les contributions personnelles. Convient aux enfants de 5 \u00e0 12 ans.<\/p>\n<p>Le livre d'amiti\u00e9 comprend 64 pages, dont 8 pages sp\u00e9ciales, imprim\u00e9es sur du papier naturel color\u00e9. La couverture est en bois v\u00e9ritable et est agr\u00e9ment\u00e9e d'un ruban de lin.<br \/>\nFormat : 16,5 x 23,5 cm, finition de haute qualit\u00e9.<\/p>\n<p><strong>Production<\/strong><br \/>\nCe livre d'amis est fabriqu\u00e9 avec soin en Suisse. La couverture en bois a \u00e9t\u00e9 fabriqu\u00e9e \u00e0 la fondation BSZ, Einsiedeln, par des personnes handicap\u00e9es. Le papier naturel est pass\u00e9 sur les rouleaux d'impression de l'imprimerie Odermatt \u00e0 Dallenwil et l'atelier de reliure Grollimund a apport\u00e9 la touche finale aux livres avec une belle couverture en lin. L'id\u00e9e, le contenu, la conception et la responsabilit\u00e9 globale incombent \u00e0 Minz, agence de communication visuelle.<\/p>","protected":false},"excerpt":{"rendered":"<p>Le livre ami:int\u00e9rieur sp\u00e9cial avec une v\u00e9ritable couverture en bois est - pour les enfants en plein air, les amis de la nature, les moineaux de la salet\u00e9 et tous ceux qui aiment \u00eatre dehors.<\/p>","protected":false},"featured_media":52803,"template":"","meta":[],"product_brand":[],"product_cat":[939,59],"product_tag":[1036],"woo-feed-brand":[],"class_list":{"0":"post-52802","1":"product","2":"type-product","3":"status-publish","4":"has-post-thumbnail","6":"product_cat-kindergeschenke","7":"product_cat-kids","8":"product_tag-naturprodukte-byminz","9":"product_shipping_class-1-3-arbeitstage","11":"first","12":"instock","13":"taxable","14":"shipping-taxable","15":"purchasable","16":"product-type-simple"},"_links":{"self":[{"href":"https:\/\/www.fleurop-home.ch\/fr-ch\/wp-json\/wp\/v2\/product\/52802","targetHints":{"allow":["GET"]}}],"collection":[{"href":"https:\/\/www.fleurop-home.ch\/fr-ch\/wp-json\/wp\/v2\/product"}],"about":[{"href":"https:\/\/www.fleurop-home.ch\/fr-ch\/wp-json\/wp\/v2\/types\/product"}],"wp:featuredmedia":[{"embeddable":true,"href":"https:\/\/www.fleurop-home.ch\/fr-ch\/wp-json\/wp\/v2\/media\/52803"}],"wp:attachment":[{"href":"https:\/\/www.fleurop-home.ch\/fr-ch\/wp-json\/wp\/v2\/media?parent=52802"}],"wp:term":[{"taxonomy":"product_brand","embeddable":true,"href":"https:\/\/www.fleurop-home.ch\/fr-ch\/wp-json\/wp\/v2\/product_brand?post=52802"},{"taxonomy":"product_cat","embeddable":true,"href":"https:\/\/www.fleurop-home.ch\/fr-ch\/wp-json\/wp\/v2\/product_cat?post=52802"},{"taxonomy":"product_tag","embeddable":true,"href":"https:\/\/www.fleurop-home.ch\/fr-ch\/wp-json\/wp\/v2\/product_tag?post=52802"},{"taxonomy":"woo-feed-brand","embeddable":true,"href":"https:\/\/www.fleurop-home.ch\/fr-ch\/wp-json\/wp\/v2\/woo-feed-brand?post=52802"}],"curies":[{"name":"wp","href":"https:\/\/api.w.org\/{rel}","templated":true}]}}