{"id":52792,"date":"2025-03-17T14:16:01","date_gmt":"2025-03-17T13:16:01","guid":{"rendered":"https:\/\/www.fleurop-home.ch\/de-ch\/?post_type=product&#038;p=52792"},"modified":"2026-05-06T08:57:30","modified_gmt":"2026-05-06T06:57:30","slug":"marienkaeferhaus","status":"publish","type":"product","link":"https:\/\/www.fleurop-home.ch\/fr-ch\/p\/marienkaeferhaus","title":{"rendered":"La maison des coccinelles"},"content":{"rendered":"<p>Assister \u00e0 la transformation de la larve en coccinelle - ce kit d'\u00e9levage est une merveilleuse id\u00e9e de cadeau pour les petits et les grands. Il permet d'observer la m\u00e9tamorphose fascinante et parfois brutale et spectaculaire des coccinelles porte-bonheur. Le kit contient du mat\u00e9riel d'information adapt\u00e9 aux enfants, y compris des instructions d\u00e9taill\u00e9es sur l'\u00e9levage, l'alimentation et les soins, un journal d'observation et une image de recherche polyvalente \u00e0 accrocher.<\/p>\n<p>Pour l'\u00e9levage des coccinelles, il faut en plus des \u0153ufs de coccinelles que tu peux commander en m\u00eame temps que la maison des coccinelles. Ceux-ci sont livr\u00e9s directement chez toi par la p\u00e9pini\u00e8re bio via une carte d'appel \/ un bon - et l'\u00e9levage peut alors commencer.<\/p>\n<p>La maison des coccinelles convient \u00e9galement \u00e0 l'observation d'autres esp\u00e8ces d'insectes, aussi bien \u00e0 la maison qu'\u00e0 l'\u00e9cole. Les enseignants peuvent couvrir d'importants objectifs de comp\u00e9tences NMG du programme scolaire 21 gr\u00e2ce \u00e0 notre mat\u00e9riel p\u00e9dagogique adapt\u00e9.<\/p>\n<p><strong>Contenu de la livraison<\/strong><br \/>\nLa maison des coccinelles se compose d'un fond, de deux parois lat\u00e9rales, d'une paroi arri\u00e8re et d'une paroi avant en bois et d'un couvercle coulissant en plexiglas. Elle s'assemble en un tour de main, sans outils, et se d\u00e9monte et se range facilement apr\u00e8s utilisation. La livraison comprend \u00e9galement un d\u00e9pliant d'information avec de nombreuses informations et astuces sur les bons soins, l'alimentation et l'\u00e9levage des larves, ainsi qu'un journal d'observation et un grand tableau de recherche \u00e0 accrocher.<\/p>\n<p><strong>Masse<\/strong><br \/>\nLxLxP = 21x9x14.8 cm<\/p>\n<p><strong>Production<\/strong><br \/>\nLa maison des coccinelles est fabriqu\u00e9e en Suisse par des personnes souffrant de handicaps. Elle est fabriqu\u00e9e en bois (panneaux HDF) et en plexiglas (PETG transparent, brut). Les larves de coccinelles proviennent de Biogarten Andermatt \u00e0 Grossdietwil dans le canton de Lucerne.<\/p>","protected":false},"excerpt":{"rendered":"<p>Lors de l'\u00e9levage dans la maison des coccinelles, tu peux observer la fascinante transformation de la larve \u00e0 la coccinelle \u00e0 la maison. Un journal d'\u00e9levage accompagne les petits et grands explorateurs de la nature.<\/p>","protected":false},"featured_media":52794,"template":"","meta":[],"product_brand":[],"product_cat":[939,1263,1267,34,1113,1122,59],"product_tag":[1036],"woo-feed-brand":[],"class_list":{"0":"post-52792","1":"product","2":"type-product","3":"status-publish","4":"has-post-thumbnail","6":"product_cat-kindergeschenke","7":"product_cat-fleuropkids","8":"product_cat-tiere-lebensraeume","9":"product_cat-garten-balkon","10":"product_cat-gartenbewohner","11":"product_cat-kids-im-gruenen","12":"product_cat-kids","13":"product_tag-naturprodukte-byminz","15":"first","16":"instock","17":"taxable","18":"shipping-taxable","19":"product-type-simple"},"_links":{"self":[{"href":"https:\/\/www.fleurop-home.ch\/fr-ch\/wp-json\/wp\/v2\/product\/52792","targetHints":{"allow":["GET"]}}],"collection":[{"href":"https:\/\/www.fleurop-home.ch\/fr-ch\/wp-json\/wp\/v2\/product"}],"about":[{"href":"https:\/\/www.fleurop-home.ch\/fr-ch\/wp-json\/wp\/v2\/types\/product"}],"wp:featuredmedia":[{"embeddable":true,"href":"https:\/\/www.fleurop-home.ch\/fr-ch\/wp-json\/wp\/v2\/media\/52794"}],"wp:attachment":[{"href":"https:\/\/www.fleurop-home.ch\/fr-ch\/wp-json\/wp\/v2\/media?parent=52792"}],"wp:term":[{"taxonomy":"product_brand","embeddable":true,"href":"https:\/\/www.fleurop-home.ch\/fr-ch\/wp-json\/wp\/v2\/product_brand?post=52792"},{"taxonomy":"product_cat","embeddable":true,"href":"https:\/\/www.fleurop-home.ch\/fr-ch\/wp-json\/wp\/v2\/product_cat?post=52792"},{"taxonomy":"product_tag","embeddable":true,"href":"https:\/\/www.fleurop-home.ch\/fr-ch\/wp-json\/wp\/v2\/product_tag?post=52792"},{"taxonomy":"woo-feed-brand","embeddable":true,"href":"https:\/\/www.fleurop-home.ch\/fr-ch\/wp-json\/wp\/v2\/woo-feed-brand?post=52792"}],"curies":[{"name":"wp","href":"https:\/\/api.w.org\/{rel}","templated":true}]}}