{"id":52779,"date":"2025-04-01T16:10:36","date_gmt":"2025-04-01T14:10:36","guid":{"rendered":"https:\/\/www.fleurop-home.ch\/de-ch\/?post_type=product&#038;p=52779"},"modified":"2026-04-22T10:55:44","modified_gmt":"2026-04-22T08:55:44","slug":"boite-a-chenilles","status":"publish","type":"product","link":"https:\/\/www.fleurop-home.ch\/fr-ch\/p\/raupenkasten","title":{"rendered":"Bo\u00eete \u00e0 chenilles"},"content":{"rendered":"<p>Ces derni\u00e8res ann\u00e9es, la bo\u00eete \u00e0 chenilles a attir\u00e9 de tr\u00e8s nombreux petits et grands amoureux de la nature vers ce hobby unique : l'\u00e9levage de papillons indig\u00e8nes. La bo\u00eete \u00e0 chenilles permet d'assister \u00e0 la transformation de la chenille en papillon (la queue d'hirondelle, le petit renard et l'amiral sont particuli\u00e8rement adapt\u00e9s). D\u00e8s que les papillons \u00e9closent, il suffit d'ouvrir la bo\u00eete \u00e0 chenilles pour que les insectes filigranes s'envolent dans la nature. Le produit comprend la bo\u00eete \u00e0 chenilles en bois et de nombreux conseils et informations illustr\u00e9s sur la recherche des chenilles, les soins \u00e0 apporter aux prot\u00e9g\u00e9s et de la place pour noter ses propres observations sur une affiche de recherche. La bo\u00eete \u00e0 chenilles est une merveilleuse id\u00e9e de cadeau pour les petits et les grands. Le mat\u00e9riel est en allemand.<\/p>\n<p><strong>Contenu de la livraison<\/strong><br \/>\nLe bac \u00e0 chenilles est compos\u00e9 d'un couvercle, d'un fond, de deux parois lat\u00e9rales en bois, d'une paroi arri\u00e8re et d'une porte coulissante en plexiglas. Il s'assemble en un tour de main, sans outils, et se d\u00e9monte et se range facilement apr\u00e8s utilisation. La livraison comprend \u00e9galement un livret avec de nombreuses informations et conseils sur la recherche des chenilles et les soins \u00e0 leur apporter, ainsi qu'une affiche de recherche A3 sur laquelle tu peux noter tes propres observations.<\/p>\n<p><strong>Masse<\/strong><br \/>\nLxHxP = 21x29x21 cm<\/p>\n<p><strong>Production<\/strong><br \/>\nLa bo\u00eete \u00e0 chenilles est fabriqu\u00e9e en Suisse par des personnes handicap\u00e9es. Elle est fabriqu\u00e9e en bois (panneaux HDF et PETG transparent, brut) et en plexiglas. L'\u00e9levage des chenilles dans le respect de la nature et la propagation des papillons locaux sont \u00e9galement centraux. Merci \u00e0 Papa Papillon pour son pr\u00e9cieux soutien.<\/p>","protected":false},"excerpt":{"rendered":"<p>Vivre et observer la transformation de la chenille en papillon \u00e0 la maison. La bo\u00eete \u00e0 chenilles est un kit d'\u00e9levage qui contient de nombreux conseils pr\u00e9cieux sur l'\u00e9levage et les soins des chenilles, des chrysalides et des papillons.<\/p>","protected":false},"featured_media":57488,"template":"","meta":[],"product_brand":[],"product_cat":[939,1263,1267,34,1113,1122,59],"product_tag":[1036],"woo-feed-brand":[],"class_list":{"0":"post-52779","1":"product","2":"type-product","3":"status-publish","4":"has-post-thumbnail","6":"product_cat-kindergeschenke","7":"product_cat-fleuropkids","8":"product_cat-tiere-lebensraeume","9":"product_cat-garten-balkon","10":"product_cat-gartenbewohner","11":"product_cat-kids-im-gruenen","12":"product_cat-kids","13":"product_tag-naturprodukte-byminz","15":"first","16":"instock","17":"taxable","18":"shipping-taxable","19":"purchasable","20":"product-type-simple"},"_links":{"self":[{"href":"https:\/\/www.fleurop-home.ch\/fr-ch\/wp-json\/wp\/v2\/product\/52779","targetHints":{"allow":["GET"]}}],"collection":[{"href":"https:\/\/www.fleurop-home.ch\/fr-ch\/wp-json\/wp\/v2\/product"}],"about":[{"href":"https:\/\/www.fleurop-home.ch\/fr-ch\/wp-json\/wp\/v2\/types\/product"}],"wp:featuredmedia":[{"embeddable":true,"href":"https:\/\/www.fleurop-home.ch\/fr-ch\/wp-json\/wp\/v2\/media\/57488"}],"wp:attachment":[{"href":"https:\/\/www.fleurop-home.ch\/fr-ch\/wp-json\/wp\/v2\/media?parent=52779"}],"wp:term":[{"taxonomy":"product_brand","embeddable":true,"href":"https:\/\/www.fleurop-home.ch\/fr-ch\/wp-json\/wp\/v2\/product_brand?post=52779"},{"taxonomy":"product_cat","embeddable":true,"href":"https:\/\/www.fleurop-home.ch\/fr-ch\/wp-json\/wp\/v2\/product_cat?post=52779"},{"taxonomy":"product_tag","embeddable":true,"href":"https:\/\/www.fleurop-home.ch\/fr-ch\/wp-json\/wp\/v2\/product_tag?post=52779"},{"taxonomy":"woo-feed-brand","embeddable":true,"href":"https:\/\/www.fleurop-home.ch\/fr-ch\/wp-json\/wp\/v2\/woo-feed-brand?post=52779"}],"curies":[{"name":"wp","href":"https:\/\/api.w.org\/{rel}","templated":true}]}}