{"id":52661,"date":"2025-03-14T15:19:08","date_gmt":"2025-03-14T14:19:08","guid":{"rendered":"https:\/\/www.fleurop-home.ch\/de-ch\/p\/gartenschere-s-3-5x1-4x14-2cm"},"modified":"2025-05-14T11:34:38","modified_gmt":"2025-05-14T09:34:38","slug":"cisaille-de-jardin-s-3-5x1-4x14-2cm","status":"publish","type":"product","link":"https:\/\/www.fleurop-home.ch\/fr-ch\/p\/gartenschere-s-3-5x1-4x14-2cm","title":{"rendered":"S\u00e9cateur S - 3.5\u00d71.4\u00d714.2cm"},"content":{"rendered":"<p>Des outils de jardin traditionnels pour tous ceux qui ont la main verte. Le choix durable des mat\u00e9riaux garantit une longue dur\u00e9e de vie. Ces petits s\u00e9cateurs sont parfaits pour couper les bourgeons et les fleurs. Le format est \u00e9galement id\u00e9al pour le jardinage en int\u00e9rieur.<\/p>\n<p>- Fermeture \u00e0 l'arri\u00e8re<br \/>\n- Poign\u00e9e ergonomique<\/p>\n<p>Dimensions du produit en cm : L 3,5 x P 1,4 x H 14,2<br \/>\nMat\u00e9riau : fer, PVC<br \/>\nPoids brut : 0,111 kg<br \/>\nPoids net : 0.104 kg<\/p>","protected":false},"excerpt":{"rendered":"<p>Ces petits s\u00e9cateurs sont parfaits pour couper les bourgeons et les fleurs.<\/p>","protected":false},"featured_media":52660,"template":"","meta":[],"product_brand":[],"product_cat":[1062,1089,1088,34,39],"product_tag":[289],"woo-feed-brand":[],"class_list":{"0":"post-52661","1":"product","2":"type-product","3":"status-publish","4":"has-post-thumbnail","6":"product_cat-gartenwerkzeug","7":"product_cat-hobbygaertner","8":"product_cat-vatertag","9":"product_cat-garten-balkon","10":"product_cat-gartenzubehoer","11":"product_tag-blumengarten-kung-ag","13":"first","14":"instock","15":"taxable","16":"shipping-taxable","17":"purchasable","18":"product-type-simple"},"_links":{"self":[{"href":"https:\/\/www.fleurop-home.ch\/fr-ch\/wp-json\/wp\/v2\/product\/52661","targetHints":{"allow":["GET"]}}],"collection":[{"href":"https:\/\/www.fleurop-home.ch\/fr-ch\/wp-json\/wp\/v2\/product"}],"about":[{"href":"https:\/\/www.fleurop-home.ch\/fr-ch\/wp-json\/wp\/v2\/types\/product"}],"wp:featuredmedia":[{"embeddable":true,"href":"https:\/\/www.fleurop-home.ch\/fr-ch\/wp-json\/wp\/v2\/media\/52660"}],"wp:attachment":[{"href":"https:\/\/www.fleurop-home.ch\/fr-ch\/wp-json\/wp\/v2\/media?parent=52661"}],"wp:term":[{"taxonomy":"product_brand","embeddable":true,"href":"https:\/\/www.fleurop-home.ch\/fr-ch\/wp-json\/wp\/v2\/product_brand?post=52661"},{"taxonomy":"product_cat","embeddable":true,"href":"https:\/\/www.fleurop-home.ch\/fr-ch\/wp-json\/wp\/v2\/product_cat?post=52661"},{"taxonomy":"product_tag","embeddable":true,"href":"https:\/\/www.fleurop-home.ch\/fr-ch\/wp-json\/wp\/v2\/product_tag?post=52661"},{"taxonomy":"woo-feed-brand","embeddable":true,"href":"https:\/\/www.fleurop-home.ch\/fr-ch\/wp-json\/wp\/v2\/woo-feed-brand?post=52661"}],"curies":[{"name":"wp","href":"https:\/\/api.w.org\/{rel}","templated":true}]}}