{"id":52655,"date":"2025-03-14T15:18:49","date_gmt":"2025-03-14T14:18:49","guid":{"rendered":"https:\/\/www.fleurop-home.ch\/de-ch\/p\/kinderwerkzeug-besen-gruen"},"modified":"2026-04-22T10:59:14","modified_gmt":"2026-04-22T08:59:14","slug":"outils-pour-enfants-balai-vert","status":"publish","type":"product","link":"https:\/\/www.fleurop-home.ch\/fr-ch\/p\/kinderwerkzeug-besen-gruen","title":{"rendered":"Outil pour enfants \u201abalai\u2018 vert"},"content":{"rendered":"<p>Avec ce balai l\u00e9ger, tu gardes les trottoirs et les chemins du jardin libres de salet\u00e9s ou de feuilles. Ce balai avec manche en bois est sp\u00e9cialement adapt\u00e9 aux enfants gr\u00e2ce \u00e0 sa longueur.<br \/>\navec cordon de suspension<\/p>\n<p>Dimensions du produit L 21.0 cm \u00d7 P 5.1 cm \u00d7 H 80.3 cm<br \/>\nMat\u00e9riau bois de peuplier, nylon<br \/>\nPoids brut 0,295 kg<br \/>\nPoids net 0,295 kg<br \/>\nCertification FSC\u00ae FSC 100%<br \/>\nAvec marquage CE Oui<\/p>","protected":false},"excerpt":{"rendered":"<p>Tu es comme un vrai jardinier avec tes propres outils de jardinage !<\/p>","protected":false},"featured_media":52654,"template":"","meta":[],"product_brand":[],"product_cat":[62,1263,1266,34,39,1122,59],"product_tag":[289],"woo-feed-brand":[],"class_list":{"0":"post-52655","1":"product","2":"type-product","3":"status-publish","4":"has-post-thumbnail","6":"product_cat-spielzeug","7":"product_cat-fleuropkids","8":"product_cat-garten-outdoor","9":"product_cat-garten-balkon","10":"product_cat-gartenzubehoer","11":"product_cat-kids-im-gruenen","12":"product_cat-kids","13":"product_tag-blumengarten-kung-ag","15":"first","16":"instock","17":"taxable","18":"shipping-taxable","19":"purchasable","20":"product-type-simple"},"_links":{"self":[{"href":"https:\/\/www.fleurop-home.ch\/fr-ch\/wp-json\/wp\/v2\/product\/52655","targetHints":{"allow":["GET"]}}],"collection":[{"href":"https:\/\/www.fleurop-home.ch\/fr-ch\/wp-json\/wp\/v2\/product"}],"about":[{"href":"https:\/\/www.fleurop-home.ch\/fr-ch\/wp-json\/wp\/v2\/types\/product"}],"wp:featuredmedia":[{"embeddable":true,"href":"https:\/\/www.fleurop-home.ch\/fr-ch\/wp-json\/wp\/v2\/media\/52654"}],"wp:attachment":[{"href":"https:\/\/www.fleurop-home.ch\/fr-ch\/wp-json\/wp\/v2\/media?parent=52655"}],"wp:term":[{"taxonomy":"product_brand","embeddable":true,"href":"https:\/\/www.fleurop-home.ch\/fr-ch\/wp-json\/wp\/v2\/product_brand?post=52655"},{"taxonomy":"product_cat","embeddable":true,"href":"https:\/\/www.fleurop-home.ch\/fr-ch\/wp-json\/wp\/v2\/product_cat?post=52655"},{"taxonomy":"product_tag","embeddable":true,"href":"https:\/\/www.fleurop-home.ch\/fr-ch\/wp-json\/wp\/v2\/product_tag?post=52655"},{"taxonomy":"woo-feed-brand","embeddable":true,"href":"https:\/\/www.fleurop-home.ch\/fr-ch\/wp-json\/wp\/v2\/woo-feed-brand?post=52655"}],"curies":[{"name":"wp","href":"https:\/\/api.w.org\/{rel}","templated":true}]}}