{"id":52652,"date":"2025-03-14T15:18:40","date_gmt":"2025-03-14T14:18:40","guid":{"rendered":"https:\/\/www.fleurop-home.ch\/de-ch\/p\/kinderwerkzeug-spaten-gruen"},"modified":"2026-04-22T10:59:14","modified_gmt":"2026-04-22T08:59:14","slug":"outils-pour-enfants-beche-verte","status":"publish","type":"product","link":"https:\/\/www.fleurop-home.ch\/fr-ch\/p\/kinderwerkzeug-spaten-gruen","title":{"rendered":"Outil pour enfant \u201ab\u00eache\u2018 vert"},"content":{"rendered":"<p>Tu es comme un vrai jardinier avec tes propres outils de jardinage. Cette b\u00eache verte en m\u00e9tal avec manche en bois est sp\u00e9cialement adapt\u00e9e aux enfants en raison de la longueur de l'outil.<\/p>\n<p>avec cordon de suspension<\/p>\n<p>Dimensions du produit L 13,2 cm \u00d7 P 4,4 cm \u00d7 H 81,2 cm<br \/>\nMat\u00e9riau Fer, bois de peuplier, nylon<br \/>\nPoids brut 0,298 kg<br \/>\nPoids net 0,298 kg<br \/>\nCertification FSC\u00ae FSC 100%<br \/>\nAvec marquage CE Oui<\/p>","protected":false},"excerpt":{"rendered":"<p>Tu es comme un vrai jardinier avec tes propres outils de jardinage !<\/p>","protected":false},"featured_media":52653,"template":"","meta":[],"product_brand":[],"product_cat":[62,1263,1266,34,39,1122,59],"product_tag":[289],"woo-feed-brand":[],"class_list":{"0":"post-52652","1":"product","2":"type-product","3":"status-publish","4":"has-post-thumbnail","6":"product_cat-spielzeug","7":"product_cat-fleuropkids","8":"product_cat-garten-outdoor","9":"product_cat-garten-balkon","10":"product_cat-gartenzubehoer","11":"product_cat-kids-im-gruenen","12":"product_cat-kids","13":"product_tag-blumengarten-kung-ag","15":"first","16":"instock","17":"taxable","18":"shipping-taxable","19":"purchasable","20":"product-type-simple"},"_links":{"self":[{"href":"https:\/\/www.fleurop-home.ch\/fr-ch\/wp-json\/wp\/v2\/product\/52652","targetHints":{"allow":["GET"]}}],"collection":[{"href":"https:\/\/www.fleurop-home.ch\/fr-ch\/wp-json\/wp\/v2\/product"}],"about":[{"href":"https:\/\/www.fleurop-home.ch\/fr-ch\/wp-json\/wp\/v2\/types\/product"}],"wp:featuredmedia":[{"embeddable":true,"href":"https:\/\/www.fleurop-home.ch\/fr-ch\/wp-json\/wp\/v2\/media\/52653"}],"wp:attachment":[{"href":"https:\/\/www.fleurop-home.ch\/fr-ch\/wp-json\/wp\/v2\/media?parent=52652"}],"wp:term":[{"taxonomy":"product_brand","embeddable":true,"href":"https:\/\/www.fleurop-home.ch\/fr-ch\/wp-json\/wp\/v2\/product_brand?post=52652"},{"taxonomy":"product_cat","embeddable":true,"href":"https:\/\/www.fleurop-home.ch\/fr-ch\/wp-json\/wp\/v2\/product_cat?post=52652"},{"taxonomy":"product_tag","embeddable":true,"href":"https:\/\/www.fleurop-home.ch\/fr-ch\/wp-json\/wp\/v2\/product_tag?post=52652"},{"taxonomy":"woo-feed-brand","embeddable":true,"href":"https:\/\/www.fleurop-home.ch\/fr-ch\/wp-json\/wp\/v2\/woo-feed-brand?post=52652"}],"curies":[{"name":"wp","href":"https:\/\/api.w.org\/{rel}","templated":true}]}}