{"id":52649,"date":"2025-03-14T15:18:31","date_gmt":"2025-03-14T14:18:31","guid":{"rendered":"https:\/\/www.fleurop-home.ch\/de-ch\/p\/kinderwerkzeug-rechen-gruen"},"modified":"2026-04-22T10:59:15","modified_gmt":"2026-04-22T08:59:15","slug":"outils-pour-enfants-ratisser-vert","status":"publish","type":"product","link":"https:\/\/www.fleurop-home.ch\/fr-ch\/p\/kinderwerkzeug-rechen-gruen","title":{"rendered":"Outil pour enfants \u201aR\u00e2teau\u2018 vert"},"content":{"rendered":"<p>Tu es comme un vrai jardinier avec tes propres outils de jardinage. Ce r\u00e2teau \u00e0 feuilles en m\u00e9tal avec un manche en bois convient pour ratisser une petite surface de mani\u00e8re lisse et pour ratisser les feuilles mortes et autres. En raison de la longueur de l'outil, ce r\u00e2teau \u00e0 feuilles est particuli\u00e8rement adapt\u00e9 aux enfants.<\/p>\n<p>avec corde de suspension<\/p>\n<p>Dimensions du produit en cm : L 18,7 x P 4,8 x H 81,5<br \/>\nMat\u00e9riel : fer, peuplier , nylon<br \/>\nPoids brut : 0,273 kg<br \/>\nPoids net : 0,273 kg<br \/>\nFSC\u00ae : FSC 100%<br \/>\navec marquage CE : oui<\/p>","protected":false},"excerpt":{"rendered":"<p>Tu es comme un vrai jardinier avec tes propres outils de jardinage !<\/p>","protected":false},"featured_media":52648,"template":"","meta":[],"product_brand":[],"product_cat":[62,1263,1266,34,39,1122,59],"product_tag":[289],"woo-feed-brand":[],"class_list":{"0":"post-52649","1":"product","2":"type-product","3":"status-publish","4":"has-post-thumbnail","6":"product_cat-spielzeug","7":"product_cat-fleuropkids","8":"product_cat-garten-outdoor","9":"product_cat-garten-balkon","10":"product_cat-gartenzubehoer","11":"product_cat-kids-im-gruenen","12":"product_cat-kids","13":"product_tag-blumengarten-kung-ag","15":"first","16":"instock","17":"taxable","18":"shipping-taxable","19":"purchasable","20":"product-type-simple"},"_links":{"self":[{"href":"https:\/\/www.fleurop-home.ch\/fr-ch\/wp-json\/wp\/v2\/product\/52649","targetHints":{"allow":["GET"]}}],"collection":[{"href":"https:\/\/www.fleurop-home.ch\/fr-ch\/wp-json\/wp\/v2\/product"}],"about":[{"href":"https:\/\/www.fleurop-home.ch\/fr-ch\/wp-json\/wp\/v2\/types\/product"}],"wp:featuredmedia":[{"embeddable":true,"href":"https:\/\/www.fleurop-home.ch\/fr-ch\/wp-json\/wp\/v2\/media\/52648"}],"wp:attachment":[{"href":"https:\/\/www.fleurop-home.ch\/fr-ch\/wp-json\/wp\/v2\/media?parent=52649"}],"wp:term":[{"taxonomy":"product_brand","embeddable":true,"href":"https:\/\/www.fleurop-home.ch\/fr-ch\/wp-json\/wp\/v2\/product_brand?post=52649"},{"taxonomy":"product_cat","embeddable":true,"href":"https:\/\/www.fleurop-home.ch\/fr-ch\/wp-json\/wp\/v2\/product_cat?post=52649"},{"taxonomy":"product_tag","embeddable":true,"href":"https:\/\/www.fleurop-home.ch\/fr-ch\/wp-json\/wp\/v2\/product_tag?post=52649"},{"taxonomy":"woo-feed-brand","embeddable":true,"href":"https:\/\/www.fleurop-home.ch\/fr-ch\/wp-json\/wp\/v2\/woo-feed-brand?post=52649"}],"curies":[{"name":"wp","href":"https:\/\/api.w.org\/{rel}","templated":true}]}}