{"id":52532,"date":"2025-03-10T07:35:33","date_gmt":"2025-03-10T06:35:33","guid":{"rendered":"https:\/\/www.fleurop-home.ch\/de-ch\/?post_type=product&#038;p=52532"},"modified":"2025-12-02T09:35:21","modified_gmt":"2025-12-02T08:35:21","slug":"lanterne-solaire-antic-sombra-globe","status":"publish","type":"product","link":"https:\/\/www.fleurop-home.ch\/fr-ch\/p\/solarlaterne-antic-sombra-globe","title":{"rendered":"Lanterne solaire Antic Sombra Globe"},"content":{"rendered":"<p><strong>Illumine ton ext\u00e9rieur avec l'\u00e9l\u00e9gante lanterne solaire Antic Globe Sombra noire<\/strong><\/p>\n<p>Ajoute une touche de style \u00e0 ton jardin ou \u00e0 ton balcon avec la lanterne solaire Antic Globe Sombra noire. Cette boule solaire artistiquement con\u00e7ue en m\u00e9tal de haute qualit\u00e9 dans un ton noir classique est le point fort id\u00e9al pour les soir\u00e9es agr\u00e9ables.<\/p>\n<p><strong>Principales caract\u00e9ristiques :<\/strong><\/p>\n<ul>\n<li><strong>L'efficacit\u00e9 solaire :<\/strong> Gr\u00e2ce \u00e0 la cellule solaire int\u00e9gr\u00e9e, la boule se charge pendant la journ\u00e9e et diffuse automatiquement une lumi\u00e8re blanche chaude et accueillante pendant la nuit.<\/li>\n<li><strong>Design \u00e9l\u00e9gant :<\/strong> Le design antique de la Sombra Globe s'int\u00e8gre harmonieusement dans n'importe quel paysage de jardin et conf\u00e8re \u00e0 ton espace ext\u00e9rieur une atmosph\u00e8re romantique et styl\u00e9e.<\/li>\n<li><strong>La long\u00e9vit\u00e9 :<\/strong> Le m\u00e9tal robuste garantit une longue dur\u00e9e de vie et r\u00e9siste m\u00eame aux pires conditions m\u00e9t\u00e9orologiques.<\/li>\n<li><strong>Taille parfaite :<\/strong> Avec ses dimensions de 22 cm de diam\u00e8tre et 18 cm de hauteur, la boule solaire s'int\u00e8gre parfaitement dans n'importe quel environnement et apporte une touche de charme.<\/li>\n<li><strong>Fonctions pratiques :<\/strong> La boule n'a pas de variateur d'intensit\u00e9, mais elle dispose d'une fonction de minuterie et d'une LED fixe qui diffuse une lumi\u00e8re blanche chaude.<\/li>\n<\/ul>\n<p>Fais de ton jardin un lieu de d\u00e9tente et d'\u00e9merveillement. Le STT Solar Antic Globe Sombra Noir est plus qu'une simple source de lumi\u00e8re - c'est une d\u00e9claration de style et d'\u00e9l\u00e9gance. Laisse-toi envo\u00fbter par la magie de la lumi\u00e8re chaude et cr\u00e9e une atmosph\u00e8re incomparable dans ton espace ext\u00e9rieur.<\/p>","protected":false},"excerpt":{"rendered":"<p>Lanterne solaire Antic Sombra Globe 22x18cm noir<\/p>","protected":false},"featured_media":52394,"template":"","meta":[],"product_brand":[],"product_cat":[108,23,28],"product_tag":[983],"woo-feed-brand":[],"class_list":{"0":"post-52532","1":"product","2":"type-product","3":"status-publish","4":"has-post-thumbnail","6":"product_cat-lichterketten-laternen","7":"product_cat-home-living","8":"product_cat-kerzen-lichter","9":"product_tag-selection-by-fleurophome","11":"first","12":"instock","13":"taxable","14":"shipping-taxable","15":"purchasable","16":"product-type-simple"},"_links":{"self":[{"href":"https:\/\/www.fleurop-home.ch\/fr-ch\/wp-json\/wp\/v2\/product\/52532","targetHints":{"allow":["GET"]}}],"collection":[{"href":"https:\/\/www.fleurop-home.ch\/fr-ch\/wp-json\/wp\/v2\/product"}],"about":[{"href":"https:\/\/www.fleurop-home.ch\/fr-ch\/wp-json\/wp\/v2\/types\/product"}],"wp:featuredmedia":[{"embeddable":true,"href":"https:\/\/www.fleurop-home.ch\/fr-ch\/wp-json\/wp\/v2\/media\/52394"}],"wp:attachment":[{"href":"https:\/\/www.fleurop-home.ch\/fr-ch\/wp-json\/wp\/v2\/media?parent=52532"}],"wp:term":[{"taxonomy":"product_brand","embeddable":true,"href":"https:\/\/www.fleurop-home.ch\/fr-ch\/wp-json\/wp\/v2\/product_brand?post=52532"},{"taxonomy":"product_cat","embeddable":true,"href":"https:\/\/www.fleurop-home.ch\/fr-ch\/wp-json\/wp\/v2\/product_cat?post=52532"},{"taxonomy":"product_tag","embeddable":true,"href":"https:\/\/www.fleurop-home.ch\/fr-ch\/wp-json\/wp\/v2\/product_tag?post=52532"},{"taxonomy":"woo-feed-brand","embeddable":true,"href":"https:\/\/www.fleurop-home.ch\/fr-ch\/wp-json\/wp\/v2\/woo-feed-brand?post=52532"}],"curies":[{"name":"wp","href":"https:\/\/api.w.org\/{rel}","templated":true}]}}