{"id":52529,"date":"2025-03-10T07:01:29","date_gmt":"2025-03-10T06:01:29","guid":{"rendered":"https:\/\/www.fleurop-home.ch\/de-ch\/?post_type=product&#038;p=52529"},"modified":"2025-10-13T09:42:12","modified_gmt":"2025-10-13T07:42:12","slug":"lanterne-solaire-antic-mini-m-baccara","status":"publish","type":"product","link":"https:\/\/www.fleurop-home.ch\/fr-ch\/p\/solarlaterne-antic-mini-m-baccara","title":{"rendered":"Lanterne solaire Antic Mini M Baccara"},"content":{"rendered":"<p><strong>Illumine ton ext\u00e9rieur avec l'\u00e9l\u00e9gante lanterne solaire Antic Baccara<\/strong><\/p>\n<p>Ajoute une touche de style \u00e0 ton jardin ou \u00e0 ton balcon avec la lanterne solaire Antic Baccara. Cette lanterne solaire artistiquement con\u00e7ue, fabriqu\u00e9e en m\u00e9tal de haute qualit\u00e9 dans un ton blanc classique, est le point fort id\u00e9al pour les soir\u00e9es agr\u00e9ables. Le charmant motif de roses ajoute une touche romantique et artistique qui embellit n'importe quel espace ext\u00e9rieur.<\/p>\n<p><strong>Principales caract\u00e9ristiques :<\/strong><\/p>\n<ul>\n<li><strong>L'efficacit\u00e9 solaire :<\/strong> Gr\u00e2ce \u00e0 la cellule solaire int\u00e9gr\u00e9e, la lanterne se recharge pendant la journ\u00e9e et diffuse automatiquement une lumi\u00e8re blanche chaude et accueillante la nuit.<\/li>\n<li><strong>Charmant motif de roses :<\/strong> Le design \u00e9l\u00e9gant avec des motifs de roses ajoute une atmosph\u00e8re romantique et styl\u00e9e \u00e0 ton espace ext\u00e9rieur.<\/li>\n<li><strong>La long\u00e9vit\u00e9 :<\/strong> Le m\u00e9tal robuste garantit une longue dur\u00e9e de vie et r\u00e9siste m\u00eame aux pires conditions m\u00e9t\u00e9orologiques.<\/li>\n<li><strong>Taille parfaite :<\/strong> Avec ses dimensions de 18 cm de diam\u00e8tre et 22 cm de hauteur, la lanterne solaire s'int\u00e8gre parfaitement dans n'importe quel environnement et apporte une touche de charme.<\/li>\n<\/ul>\n<p>Fais de ton jardin un lieu de d\u00e9tente et d'\u00e9merveillement. Le Solar Antic Baccara est plus qu'une simple source de lumi\u00e8re - c'est une d\u00e9claration de style et d'\u00e9l\u00e9gance. Laisse-toi envo\u00fbter par la magie de la lumi\u00e8re chaude et du motif enchanteur des roses et cr\u00e9e une atmosph\u00e8re incomparable dans ton espace ext\u00e9rieur.<\/p>","protected":false},"excerpt":{"rendered":"<p>Lanterne solaire Antic Mini M Baccara 18x22cm blanc<\/p>","protected":false},"featured_media":52397,"template":"","meta":[],"product_brand":[],"product_cat":[35,23,108,28,34],"product_tag":[983],"woo-feed-brand":[],"class_list":{"0":"post-52529","1":"product","2":"type-product","3":"status-publish","4":"has-post-thumbnail","6":"product_cat-gartendeko","7":"product_cat-home-living","8":"product_cat-lichterketten-laternen","9":"product_cat-kerzen-lichter","10":"product_cat-garten-balkon","11":"product_tag-selection-by-fleurophome","13":"first","14":"instock","15":"taxable","16":"shipping-taxable","17":"purchasable","18":"product-type-simple"},"_links":{"self":[{"href":"https:\/\/www.fleurop-home.ch\/fr-ch\/wp-json\/wp\/v2\/product\/52529","targetHints":{"allow":["GET"]}}],"collection":[{"href":"https:\/\/www.fleurop-home.ch\/fr-ch\/wp-json\/wp\/v2\/product"}],"about":[{"href":"https:\/\/www.fleurop-home.ch\/fr-ch\/wp-json\/wp\/v2\/types\/product"}],"wp:featuredmedia":[{"embeddable":true,"href":"https:\/\/www.fleurop-home.ch\/fr-ch\/wp-json\/wp\/v2\/media\/52397"}],"wp:attachment":[{"href":"https:\/\/www.fleurop-home.ch\/fr-ch\/wp-json\/wp\/v2\/media?parent=52529"}],"wp:term":[{"taxonomy":"product_brand","embeddable":true,"href":"https:\/\/www.fleurop-home.ch\/fr-ch\/wp-json\/wp\/v2\/product_brand?post=52529"},{"taxonomy":"product_cat","embeddable":true,"href":"https:\/\/www.fleurop-home.ch\/fr-ch\/wp-json\/wp\/v2\/product_cat?post=52529"},{"taxonomy":"product_tag","embeddable":true,"href":"https:\/\/www.fleurop-home.ch\/fr-ch\/wp-json\/wp\/v2\/product_tag?post=52529"},{"taxonomy":"woo-feed-brand","embeddable":true,"href":"https:\/\/www.fleurop-home.ch\/fr-ch\/wp-json\/wp\/v2\/woo-feed-brand?post=52529"}],"curies":[{"name":"wp","href":"https:\/\/api.w.org\/{rel}","templated":true}]}}