{"id":52369,"date":"2025-03-04T12:10:38","date_gmt":"2025-03-04T11:10:38","guid":{"rendered":"https:\/\/www.fleurop-home.ch\/de-ch\/?post_type=product&#038;p=52369"},"modified":"2026-04-21T13:06:51","modified_gmt":"2026-04-21T11:06:51","slug":"tradition-poupees-pour-la-fete-des-meres-20-pieces","status":"publish","type":"product","link":"https:\/\/www.fleurop-home.ch\/fr-ch\/p\/tradition-hueppen-zum-muttertag-20-stueck","title":{"rendered":"Gaufrettes traditionnelles \"F\u00eate des M\u00e8res\" (20 pi\u00e8ces)"},"content":{"rendered":"<p>Montre ton amour, ta gratitude et souhaite tout le meilleur pour la f\u00eate des m\u00e8res avec le m\u00e9lange traditionnel tr\u00e8s appr\u00e9ci\u00e9 (pralin\u00e9, moka, gianduja) des Gottlieber H\u00fcppen.<\/p>\n<p>Le fourrage pralin\u00e9 fondant est compos\u00e9 de noisettes grill\u00e9es et de p\u00e2te de cacao de qualit\u00e9 sup\u00e9rieure. C'est \u00e9galement la base du fourrage Mocca, qui est en outre enrichi de caf\u00e9 Arabica de qualit\u00e9 sup\u00e9rieure. Le fourrage Gianduja se distingue par son d\u00e9licieux go\u00fbt de noisettes grill\u00e9es et s\u00e9duit \u00e9galement par sa couverture en chocolat noir bio.<\/p>\n<p>En outre, depuis janvier 2023, les bricelets du m\u00e9lange traditionnel <strong>vegan\u00a0<\/strong>et\u00a0<strong>sans huile de palme<\/strong>.<\/p>\n<p>On dit que le m\u00e9lange traditionnel avec pralin\u00e9, moka et gianduja est la meilleure composition de la maison Gottlieber. Vois par toi-m\u00eame !<\/p>\n<p class=\"product-name\" style=\"text-align: left;\"><strong>Contenu<br \/>\n<\/strong>20 galettes, 300 g<\/p>\n<p><strong>Garniture de bricelets<\/strong><br \/>\nPralin\u00e9, moka, gianduja<\/p>\n<p><strong>Masse<\/strong><br \/>\n183 x 165 x 40 mm<\/p>\n<div class=\"ce_text block\">\n<div class=\"ce_text block\" style=\"text-align: left;\">\n<h3>Informations pour les personnes allergiques<\/h3>\n<p>Il n'y a pas d'autres allerg\u00e8nes que ceux mentionn\u00e9s dans les ingr\u00e9dients.<\/p>\n<\/div>\n<p><a href=\"https:\/\/www.gottlieber.ch\/de\/online-shop\/naehrwertinformationen\" target=\"_blank\" rel=\"noopener\">Informations nutritionnelles et conseils pour les personnes allergiques<\/a><\/p>\n<\/div>","protected":false},"excerpt":{"rendered":"<p>Surprends ta maman avec des bricelets Gottlieber au design affectueux pour la f\u00eate des m\u00e8res.<\/p>","protected":false},"featured_media":52370,"template":"","meta":[],"product_brand":[],"product_cat":[114,1022,1023,797,42,885,52,54],"product_tag":[286],"woo-feed-brand":[],"class_list":{"0":"post-52369","1":"product","2":"type-product","3":"status-publish","4":"has-post-thumbnail","6":"product_cat-schokolade-sweets","7":"product_cat-brunch","8":"product_cat-fuer-mama","9":"product_cat-muttertag","10":"product_cat-kueche","11":"product_cat-koestlichkeiten","12":"product_cat-geschenke","13":"product_cat-feinkost","14":"product_tag-gottlieber-spezialitaten-ag","16":"first","17":"instock","18":"taxable","19":"shipping-taxable","20":"purchasable","21":"product-type-simple"},"_links":{"self":[{"href":"https:\/\/www.fleurop-home.ch\/fr-ch\/wp-json\/wp\/v2\/product\/52369","targetHints":{"allow":["GET"]}}],"collection":[{"href":"https:\/\/www.fleurop-home.ch\/fr-ch\/wp-json\/wp\/v2\/product"}],"about":[{"href":"https:\/\/www.fleurop-home.ch\/fr-ch\/wp-json\/wp\/v2\/types\/product"}],"wp:featuredmedia":[{"embeddable":true,"href":"https:\/\/www.fleurop-home.ch\/fr-ch\/wp-json\/wp\/v2\/media\/52370"}],"wp:attachment":[{"href":"https:\/\/www.fleurop-home.ch\/fr-ch\/wp-json\/wp\/v2\/media?parent=52369"}],"wp:term":[{"taxonomy":"product_brand","embeddable":true,"href":"https:\/\/www.fleurop-home.ch\/fr-ch\/wp-json\/wp\/v2\/product_brand?post=52369"},{"taxonomy":"product_cat","embeddable":true,"href":"https:\/\/www.fleurop-home.ch\/fr-ch\/wp-json\/wp\/v2\/product_cat?post=52369"},{"taxonomy":"product_tag","embeddable":true,"href":"https:\/\/www.fleurop-home.ch\/fr-ch\/wp-json\/wp\/v2\/product_tag?post=52369"},{"taxonomy":"woo-feed-brand","embeddable":true,"href":"https:\/\/www.fleurop-home.ch\/fr-ch\/wp-json\/wp\/v2\/woo-feed-brand?post=52369"}],"curies":[{"name":"wp","href":"https:\/\/api.w.org\/{rel}","templated":true}]}}