{"id":52367,"date":"2025-03-04T11:40:18","date_gmt":"2025-03-04T10:40:18","guid":{"rendered":"https:\/\/www.fleurop-home.ch\/de-ch\/?post_type=product&#038;p=52367"},"modified":"2026-02-05T14:31:53","modified_gmt":"2026-02-05T13:31:53","slug":"gottlieber-set-cadeau-deluxe","status":"publish","type":"product","link":"https:\/\/www.fleurop-home.ch\/fr-ch\/p\/gottlieber-geschenkset-deluxe","title":{"rendered":"Set cadeau Gottlieber \"Deluxe"},"content":{"rendered":"<div class=\"description\">\n<p>Surprends tes proches avec notre coffret cadeau \"Deluxe\" et plonge-les dans un monde de plaisirs ! Chaque sp\u00e9cialit\u00e9 Gottlieber est fabriqu\u00e9e avec le plus grand soin et avec les meilleurs ingr\u00e9dients pour offrir une exp\u00e9rience gustative incomparable.<\/p>\n<p>Le coffret cadeau \"Deluxe\" contient une s\u00e9lection vari\u00e9e de gourmandises qui satisferont tous les go\u00fbts. Les tartufi faits \u00e0 la main \u00e0 base de chocolat fin, de noisettes et de morceaux de bricelets fondent litt\u00e9ralement dans la bouche, tandis que les amandes de cacao &amp; noisettes les plus fines enrob\u00e9es de chocolat blanc offrent un d\u00e9licieux croustillant et que le th\u00e9 aux fruits \"Evolution de fruits\" te permet de te d\u00e9tendre. Nos galettes exclusives Gottlieber avec diff\u00e9rentes garnitures d\u00e9licates compl\u00e8tent parfaitement l'exp\u00e9rience de d\u00e9gustation.<\/p>\n<p>Le coffret cadeau \"Deluxe\" est \u00e9galement un cadeau id\u00e9al pour les partenaires commerciaux ou les amis qui aiment ce qui est sp\u00e9cial. Avec ce cadeau exquis, tu montres ton appr\u00e9ciation et tu laisses une impression durable.<\/p>\n<\/div>\n<p style=\"text-align: left;\"><strong>Contenu<\/strong><br \/>\n1 paquet de Noix de Coco, 22 mini-bouch\u00e9es, 85 g<br \/>\n1 paquet de Black Special Grand Cru, 22 mini-bouch\u00e9es, 95 g<br \/>\n1 paquet de Chocolait, Cappuccino, Noix de Coco, 8 bouch\u00e9es, 120 g<br \/>\n1 paquet Classic, 10 galettes, 150 g<br \/>\n1 paquet Tradition, 10 galettes, 150 g<br \/>\n1 bo\u00eete d'infusion de fruits \"Evolution de fruits\", 100 g<br \/>\n1 sachet d'orange Gianduja, 10 bouchons, 150 g<br \/>\n1 sachet d'amandes au cacao, 180 g<br \/>\n1 sachet de noisettes au chocolat blanc, 180g<br \/>\n1 sachet de Tartufi bianchi, 6 pi\u00e8ces, 72 g<br \/>\n1 sachet de Tartufi neri, 6 pi\u00e8ces, 72 g<\/p>\n<p><strong>Masse<\/strong><br \/>\n365 x 380 x 98 mm<\/p>\n<p style=\"text-align: left;\"><a href=\"https:\/\/www.gottlieber.ch\/de\/online-shop\/naehrwertinformationen\" target=\"_blank\" rel=\"noopener\"> Informations nutritionnelles et conseils pour les personnes allergiques<\/a><\/p>","protected":false},"excerpt":{"rendered":"<p>Avec une s\u00e9lection exquise de notre manufacture<\/p>","protected":false},"featured_media":52368,"template":"","meta":[],"product_brand":[],"product_cat":[53,984,993,42,114,885,52,1225],"product_tag":[286],"woo-feed-brand":[],"class_list":{"0":"post-52367","1":"product","2":"type-product","3":"status-publish","4":"has-post-thumbnail","6":"product_cat-geschenksets","7":"product_cat-silvester","8":"product_cat-silvestergeschenke","9":"product_cat-kueche","10":"product_cat-schokolade-sweets","11":"product_cat-koestlichkeiten","12":"product_cat-geschenke","13":"product_cat-genuss","14":"product_tag-gottlieber-spezialitaten-ag","16":"first","17":"instock","18":"taxable","19":"shipping-taxable","20":"purchasable","21":"product-type-simple"},"_links":{"self":[{"href":"https:\/\/www.fleurop-home.ch\/fr-ch\/wp-json\/wp\/v2\/product\/52367","targetHints":{"allow":["GET"]}}],"collection":[{"href":"https:\/\/www.fleurop-home.ch\/fr-ch\/wp-json\/wp\/v2\/product"}],"about":[{"href":"https:\/\/www.fleurop-home.ch\/fr-ch\/wp-json\/wp\/v2\/types\/product"}],"wp:featuredmedia":[{"embeddable":true,"href":"https:\/\/www.fleurop-home.ch\/fr-ch\/wp-json\/wp\/v2\/media\/52368"}],"wp:attachment":[{"href":"https:\/\/www.fleurop-home.ch\/fr-ch\/wp-json\/wp\/v2\/media?parent=52367"}],"wp:term":[{"taxonomy":"product_brand","embeddable":true,"href":"https:\/\/www.fleurop-home.ch\/fr-ch\/wp-json\/wp\/v2\/product_brand?post=52367"},{"taxonomy":"product_cat","embeddable":true,"href":"https:\/\/www.fleurop-home.ch\/fr-ch\/wp-json\/wp\/v2\/product_cat?post=52367"},{"taxonomy":"product_tag","embeddable":true,"href":"https:\/\/www.fleurop-home.ch\/fr-ch\/wp-json\/wp\/v2\/product_tag?post=52367"},{"taxonomy":"woo-feed-brand","embeddable":true,"href":"https:\/\/www.fleurop-home.ch\/fr-ch\/wp-json\/wp\/v2\/woo-feed-brand?post=52367"}],"curies":[{"name":"wp","href":"https:\/\/api.w.org\/{rel}","templated":true}]}}