{"id":52142,"date":"2025-02-26T17:58:13","date_gmt":"2025-02-26T16:58:13","guid":{"rendered":"https:\/\/www.fleurop-home.ch\/de-ch\/p\/pflanzenbox-ital-kraeuter-5-pflanzen-14cm-topf"},"modified":"2026-04-14T18:59:53","modified_gmt":"2026-04-14T16:59:53","slug":"herbes-de-cuisine-italiennes-set-de-5-o-pot-de-14cm","status":"publish","type":"product","link":"https:\/\/www.fleurop-home.ch\/fr-ch\/p\/kuechenkraeuter-italien-5er-set-o-14cm-topf","title":{"rendered":"Herbes de cuisine \u00abItalie\u00bb set de 5 pots de \u00d8 14cm"},"content":{"rendered":"<p>M\u00e9lange d'herbes pour ton premier jardin d'herbes<br \/>\nDiverses herbes m\u00e9diterran\u00e9ennes en provenance directe d'Italie.<\/p>\n<p>Kit de d\u00e9marrage pour ton premier jardin d'herbes aromatiques.<br \/>\nNous leur pr\u00e9parons un m\u00e9lange d'herbes \u00e0 partir des herbes actuellement disponibles.<br \/>\nC'est pourquoi la PflanzenBox est environ 20% moins ch\u00e8re que les herbes achet\u00e9es s\u00e9par\u00e9ment.<\/p>\n<p>Tu recevras une s\u00e9lection actuelle de 5 plantes parmi ces herbes :<br \/>\nHerbe au curry, aneth, fenouil, thym aromatique, coriandre, lavande, herbe \u00e0 Maggi, marjolaine, menthe, origan, persil, menthe poivr\u00e9e, romarin, roquette, sauge, bette \u00e0 cardes, sarriette d'hiver, m\u00e9lisse citronn\u00e9e, verveine citronn\u00e9e, etc.<\/p>","protected":false},"excerpt":{"rendered":"<p>Diverses herbes m\u00e9diterran\u00e9ennes en provenance directe d'Italie<\/p>","protected":false},"featured_media":52141,"template":"","meta":[],"product_brand":[],"product_cat":[105,34,41],"product_tag":[289],"woo-feed-brand":[],"class_list":{"0":"post-52142","1":"product","2":"type-product","3":"status-publish","4":"has-post-thumbnail","6":"product_cat-kraeuter","7":"product_cat-garten-balkon","8":"product_cat-outdoorpflanzen","9":"product_tag-blumengarten-kung-ag","11":"first","12":"instock","13":"taxable","14":"shipping-taxable","15":"purchasable","16":"product-type-simple"},"_links":{"self":[{"href":"https:\/\/www.fleurop-home.ch\/fr-ch\/wp-json\/wp\/v2\/product\/52142","targetHints":{"allow":["GET"]}}],"collection":[{"href":"https:\/\/www.fleurop-home.ch\/fr-ch\/wp-json\/wp\/v2\/product"}],"about":[{"href":"https:\/\/www.fleurop-home.ch\/fr-ch\/wp-json\/wp\/v2\/types\/product"}],"wp:featuredmedia":[{"embeddable":true,"href":"https:\/\/www.fleurop-home.ch\/fr-ch\/wp-json\/wp\/v2\/media\/52141"}],"wp:attachment":[{"href":"https:\/\/www.fleurop-home.ch\/fr-ch\/wp-json\/wp\/v2\/media?parent=52142"}],"wp:term":[{"taxonomy":"product_brand","embeddable":true,"href":"https:\/\/www.fleurop-home.ch\/fr-ch\/wp-json\/wp\/v2\/product_brand?post=52142"},{"taxonomy":"product_cat","embeddable":true,"href":"https:\/\/www.fleurop-home.ch\/fr-ch\/wp-json\/wp\/v2\/product_cat?post=52142"},{"taxonomy":"product_tag","embeddable":true,"href":"https:\/\/www.fleurop-home.ch\/fr-ch\/wp-json\/wp\/v2\/product_tag?post=52142"},{"taxonomy":"woo-feed-brand","embeddable":true,"href":"https:\/\/www.fleurop-home.ch\/fr-ch\/wp-json\/wp\/v2\/woo-feed-brand?post=52142"}],"curies":[{"name":"wp","href":"https:\/\/api.w.org\/{rel}","templated":true}]}}