{"id":52135,"date":"2025-02-26T17:39:59","date_gmt":"2025-02-26T16:39:59","guid":{"rendered":"https:\/\/www.fleurop-home.ch\/de-ch\/p\/bodensee-bluetentraeume-aussaathilfe-500gr-15m2"},"modified":"2025-05-12T14:34:58","modified_gmt":"2025-05-12T12:34:58","slug":"aide-a-lensemencement-des-fleurs-du-lac-de-constance-500gr-15m2","status":"publish","type":"product","link":"https:\/\/www.fleurop-home.ch\/fr-ch\/p\/bodensee-bluetentraeume-aussaathilfe-500gr-15m2","title":{"rendered":"R\u00eaves de fleurs du lac de Constance \u201aAide au semis\u2018 500gr - 15m2"},"content":{"rendered":"<p>Aide \u00e0 l'ensemencement<br \/>\nLes aides \u00e0 l'ensemencement facilitent l'ensemencement r\u00e9gulier sur une surface. C'est comme \u00e7a qu'il faut faire :<br \/>\n1. d\u00e9terminer d'abord la surface exacte et la d\u00e9limiter. Respecter la quantit\u00e9 de semences indiqu\u00e9e par surface.<br \/>\n2. m\u00e9langer les graines avec l'aide \u00e0 l'ensemencement dans un rapport d'environ 1:5 pour augmenter le volume pour une plus grande facilit\u00e9.<br \/>\nAugmenter les semis.<br \/>\n3. pour obtenir un ensemencement r\u00e9gulier, nous recommandons de faire deux passages, chacun avec la moiti\u00e9 de la quantit\u00e9 : une fois dans le sens de la longueur et une fois dans le sens de la largeur.<br \/>\n4. la profondeur optimale de semis : pour les m\u00e9langes de graines annuelles (germes sombres), la profondeur de semis est de 0,5 \u00e0 1,5 cm. Les graines sont enfouies en cons\u00e9quence \u00e0 l'aide d'un h\u00e9risson ou d'un r\u00e2teau \u00e0 gazon.<br \/>\nLes m\u00e9langes pluriannuels sont des germes de lumi\u00e8re. Leurs graines ne sont que dispers\u00e9es (elles ne sont pas enfouies dans le sol).<br \/>\n5. pour garantir une bonne adh\u00e9rence des graines au sol, il faut rouler la surface apr\u00e8s le semis ou la tasser avec une pelle plate.<br \/>\n6. pour une germination optimale, la surface doit \u00eatre maintenue bien humide pendant au moins 2 \u00e0 3 semaines.<br \/>\nCette aide \u00e0 l'ensemencement est compos\u00e9e d'\u00e9pis de ma\u00efs concass\u00e9s et peut \u00eatre \u00e9pandue sans crainte dans le jardin.<\/p>","protected":false},"excerpt":{"rendered":"<p>Les aides au semis facilitent l'ensemencement r\u00e9gulier sur une surface.<\/p>","protected":false},"featured_media":52134,"template":"","meta":[],"product_brand":[],"product_cat":[110,1089,1088,34,41],"product_tag":[289],"woo-feed-brand":[],"class_list":{"0":"post-52135","1":"product","2":"type-product","3":"status-publish","4":"has-post-thumbnail","6":"product_cat-samen","7":"product_cat-hobbygaertner","8":"product_cat-vatertag","9":"product_cat-garten-balkon","10":"product_cat-outdoorpflanzen","11":"product_tag-blumengarten-kung-ag","13":"first","14":"instock","15":"taxable","16":"shipping-taxable","17":"purchasable","18":"product-type-simple"},"_links":{"self":[{"href":"https:\/\/www.fleurop-home.ch\/fr-ch\/wp-json\/wp\/v2\/product\/52135","targetHints":{"allow":["GET"]}}],"collection":[{"href":"https:\/\/www.fleurop-home.ch\/fr-ch\/wp-json\/wp\/v2\/product"}],"about":[{"href":"https:\/\/www.fleurop-home.ch\/fr-ch\/wp-json\/wp\/v2\/types\/product"}],"wp:featuredmedia":[{"embeddable":true,"href":"https:\/\/www.fleurop-home.ch\/fr-ch\/wp-json\/wp\/v2\/media\/52134"}],"wp:attachment":[{"href":"https:\/\/www.fleurop-home.ch\/fr-ch\/wp-json\/wp\/v2\/media?parent=52135"}],"wp:term":[{"taxonomy":"product_brand","embeddable":true,"href":"https:\/\/www.fleurop-home.ch\/fr-ch\/wp-json\/wp\/v2\/product_brand?post=52135"},{"taxonomy":"product_cat","embeddable":true,"href":"https:\/\/www.fleurop-home.ch\/fr-ch\/wp-json\/wp\/v2\/product_cat?post=52135"},{"taxonomy":"product_tag","embeddable":true,"href":"https:\/\/www.fleurop-home.ch\/fr-ch\/wp-json\/wp\/v2\/product_tag?post=52135"},{"taxonomy":"woo-feed-brand","embeddable":true,"href":"https:\/\/www.fleurop-home.ch\/fr-ch\/wp-json\/wp\/v2\/woo-feed-brand?post=52135"}],"curies":[{"name":"wp","href":"https:\/\/api.w.org\/{rel}","templated":true}]}}