{"id":52132,"date":"2025-02-26T17:39:48","date_gmt":"2025-02-26T16:39:48","guid":{"rendered":"https:\/\/www.fleurop-home.ch\/de-ch\/p\/bodensee-bluetentraeume-wildblumenzauber-100gr"},"modified":"2025-05-12T14:35:01","modified_gmt":"2025-05-12T12:35:01","slug":"fleurs-sauvages-du-lac-de-constance-100gr","status":"publish","type":"product","link":"https:\/\/www.fleurop-home.ch\/fr-ch\/p\/bodensee-bluetentraeume-wildblumenzauber-100gr","title":{"rendered":"R\u00eaves de fleurs du lac de Constance \u201aMagie des fleurs sauvages\u2018 100gr"},"content":{"rendered":"<p>Transforme les bordures ennuyeuses et les pelouses qui demandent beaucoup d'entretien en une mer de fleurs enchanteresse.<br \/>\nUn bienfait pour chaque spectateur et pour les insectes !<\/p>\n<p>\"Magie des fleurs sauvages\"<br \/>\nM\u00e9lange pluriannuel d'esp\u00e8ces indig\u00e8nes.<br \/>\n- Hauteur de croissance : 30 - 80 cm<br \/>\n- Achill\u00e9e millefeuille, bleuet, campanule des pr\u00e9s, tabouret des pr\u00e9s, marguerite des pr\u00e9s, coquelicot, petite brunelle, sauge des pr\u00e9s, scabieuse colombe, \u0153illet rouge et bien d'autres.<br \/>\n- Dose de semis : environ 8 g\/m2<br \/>\n- Les herbes sauvages vivaces se d\u00e9veloppent<br \/>\nlente et ne fleurit qu'\u00e0 partir de la deuxi\u00e8me ann\u00e9e.<\/p>\n<p>M\u00e9lange de fleurs sauvages<br \/>\nAvec plus de 30 herbes sauvages indig\u00e8nes, principalement vivaces, comme l'achill\u00e9e millefeuille, le bleuet, la campanule des pr\u00e9s, le piment des pr\u00e9s, le tabouret des pr\u00e9s, le pissenlit \u00e0 poils raides, la marguerite des pr\u00e9s, le coquelicot, la petite brunelle, la sauge des pr\u00e9s, la scabieuse des ros\u00e9es, l'\u0153illet rouge, le thym \u00e0 larges feuilles, le bouc des pr\u00e9s et bien d'autres. Ecotypes suisses nationaux issus de la multiplication biologique.<br \/>\nOffre une floraison abondante \u00e0 partir de la deuxi\u00e8me ann\u00e9e, convient aussi tr\u00e8s bien comme plante mellif\u00e8re.<br \/>\nLes herbes sauvages vivaces se d\u00e9veloppent lentement, ne forment que des rosettes de feuilles l'ann\u00e9e de l'ensemencement et ne fleurissent qu'\u00e0 partir de la deuxi\u00e8me ann\u00e9e.<br \/>\nEmplacement : Les herbes sauvages pr\u00e9f\u00e8rent un emplacement ensoleill\u00e9 avec une terre bien perm\u00e9able.<br \/>\nSol sans eau stagnante.<br \/>\nSemis : dans un lit de semis finement \u00e9miett\u00e9 et bien s\u00e9par\u00e9, de fin mars \u00e0 mi-mai, ainsi que de fin juillet \u00e0 d\u00e9but septembre. Veiller \u00e0 ce que les limaces ne mangent pas. Le m\u00e9lange contient des aides au semis pour une meilleure pr\u00e9cision d'\u00e9pandage. Quantit\u00e9 de semences : 8 g \/ m ?<br \/>\nEntretien : - L'ann\u00e9e du semis : en cas de forte pression des mauvaises herbes, tondre la pelouse en hauteur.<br \/>\ncouper r\u00e9guli\u00e8rement d\u00e8s que les mauvaises herbes atteignent environ 20 cm de haut. En cas de faible pression des mauvaises herbes, lorsque les esp\u00e8ces annuelles sont en train de se faner (coquelicots, bleuets).<br \/>\n- Ann\u00e9es suivantes : 1 \u00e0 3 tontes \u00e0 la faux lorsque la plupart des herbes sauvages sont en train de se faner, vers la mi-juin, ainsi qu'\u00e0 la fin de l'\u00e9t\u00e9. Hauteur de coupe : environ 8 cm. Laisser s\u00e9cher l'herbe coup\u00e9e sur la surface et l'\u00e9vacuer ensuite.<\/p>","protected":false},"excerpt":{"rendered":"<p>Transforme les bordures ennuyeuses et les pelouses qui demandent beaucoup d'entretien en une mer de fleurs enchanteresse.<\/p>","protected":false},"featured_media":52131,"template":"","meta":[],"product_brand":[],"product_cat":[110,1089,1088,34,41],"product_tag":[289],"woo-feed-brand":[],"class_list":{"0":"post-52132","1":"product","2":"type-product","3":"status-publish","4":"has-post-thumbnail","6":"product_cat-samen","7":"product_cat-hobbygaertner","8":"product_cat-vatertag","9":"product_cat-garten-balkon","10":"product_cat-outdoorpflanzen","11":"product_tag-blumengarten-kung-ag","13":"first","14":"instock","15":"taxable","16":"shipping-taxable","17":"purchasable","18":"product-type-simple"},"_links":{"self":[{"href":"https:\/\/www.fleurop-home.ch\/fr-ch\/wp-json\/wp\/v2\/product\/52132","targetHints":{"allow":["GET"]}}],"collection":[{"href":"https:\/\/www.fleurop-home.ch\/fr-ch\/wp-json\/wp\/v2\/product"}],"about":[{"href":"https:\/\/www.fleurop-home.ch\/fr-ch\/wp-json\/wp\/v2\/types\/product"}],"wp:featuredmedia":[{"embeddable":true,"href":"https:\/\/www.fleurop-home.ch\/fr-ch\/wp-json\/wp\/v2\/media\/52131"}],"wp:attachment":[{"href":"https:\/\/www.fleurop-home.ch\/fr-ch\/wp-json\/wp\/v2\/media?parent=52132"}],"wp:term":[{"taxonomy":"product_brand","embeddable":true,"href":"https:\/\/www.fleurop-home.ch\/fr-ch\/wp-json\/wp\/v2\/product_brand?post=52132"},{"taxonomy":"product_cat","embeddable":true,"href":"https:\/\/www.fleurop-home.ch\/fr-ch\/wp-json\/wp\/v2\/product_cat?post=52132"},{"taxonomy":"product_tag","embeddable":true,"href":"https:\/\/www.fleurop-home.ch\/fr-ch\/wp-json\/wp\/v2\/product_tag?post=52132"},{"taxonomy":"woo-feed-brand","embeddable":true,"href":"https:\/\/www.fleurop-home.ch\/fr-ch\/wp-json\/wp\/v2\/woo-feed-brand?post=52132"}],"curies":[{"name":"wp","href":"https:\/\/api.w.org\/{rel}","templated":true}]}}