{"id":52129,"date":"2025-02-26T17:39:38","date_gmt":"2025-02-26T16:39:38","guid":{"rendered":"https:\/\/www.fleurop-home.ch\/de-ch\/p\/bodensee-bluetentraeume-butterflys-garden-100gr"},"modified":"2025-04-01T03:44:20","modified_gmt":"2025-04-01T01:44:20","slug":"fleurs-du-lac-de-constance-butterflys-garden-100gr","status":"publish","type":"product","link":"https:\/\/www.fleurop-home.ch\/fr-ch\/p\/bodensee-bluetentraeume-butterflys-garden-100gr","title":{"rendered":"R\u00eaves de fleurs du lac de Constance \u201aButterfly's Garden\u2018 100gr"},"content":{"rendered":"<p>Transforme les bordures ennuyeuses et les pelouses qui demandent beaucoup d'entretien en une mer de fleurs enchanteresse.<br \/>\nUn bienfait pour chaque spectateur et pour les insectes !<\/p>\n<p>\"Le jardin de Butterfly\"<br \/>\nNectar et \"p\u00e2turage\" pour divers insectes.<br \/>\n- Hauteur de croissance : 50 - 80 cm<br \/>\n- Bleuet, chicor\u00e9e, marguerite, mauve musqu\u00e9e<br \/>\nCamomille, coquelicot, cornouiller, \u00e9pervi\u00e8re des champs, tabouret des pr\u00e9s, tr\u00e8fle blanc, cumin noir des champs, panais, r\u00e9s\u00e9da jaune, \u0153illet de Kuhn, laitue des champs, mol\u00e8ne \u00e0 grandes fleurs et bien d'autres.<br \/>\n- Dose de semis : environ 8 g\/m2<\/p>\n<p>M\u00e9lange d'herbes sauvages comprenant jusqu'\u00e0 23 esp\u00e8ces annuelles et bisannuelles :<br \/>\nBleuet, chicor\u00e9e, marguerite, mauve musqu\u00e9e, camomille vraie, coquelicot, conrade, \u00e9peron de cheval des champs, carotte sauvage, labrador des pr\u00e9s, tr\u00e8fle blanc mielleux, nigelle des champs, r\u00e9s\u00e9da jaune, \u0153illet de Kuhn, laitue des champs, mol\u00e8ne \u00e0 grandes fleurs et bien d'autres encore.<br \/>\nEcotypes suisses domestiques issus de la multiplication biologique. Donnent beaucoup de nectar et de nourriture aux abeilles et autres insectes utiles.<br \/>\nHauteur de croissance : 50-80 cm<br \/>\nSemis : le semis se fait au printemps - selon les conditions m\u00e9t\u00e9orologiques, de mi-avril \u00e0 mi-juin environ. Les graines peuvent \u00eatre sem\u00e9es dans n'importe quel sol de jardin a\u00e9r\u00e9, dans de grandes coupes, des pots ou m\u00eame des jardini\u00e8res de balcon. Un emplacement ensoleill\u00e9 est pr\u00e9f\u00e9rable.<br \/>\nQuantit\u00e9 d'ensemencement : environ 8 grammes\/m ? y compris l'aide au semis pour une meilleure pr\u00e9cision d'\u00e9pandage.<br \/>\nP\u00e9riode de floraison : \u00e0 partir de la mi-mai jusqu'aux premi\u00e8res gel\u00e9es.<br \/>\nAutres : la surface doit \u00eatre ameublie sur une profondeur d'environ 5 \u00e0 10 cm. Le mieux est de le pr\u00e9parer d\u00e8s l'automne de l'ann\u00e9e pr\u00e9c\u00e9dente ou de travailler en surface 1 \u00e0 2 fois \u00e0 2 semaines d'intervalle pour \u00e9liminer les mauvaises herbes en germination. Sur un sol fertile, aucune fertilisation n'est n\u00e9cessaire. Niveler finement le sol avant de semer.<br \/>\nEnlever les grosses pierres et les mauvaises herbes des racines. La quantit\u00e9 de graines peut \u00eatre \u00e9tir\u00e9e jusqu'\u00e0 3 \u00e0 5 fois le volume en ajoutant de la sciure ou du sable de quartz. Cela garantit une meilleure r\u00e9partition des graines sur la surface.<br \/>\nLa profondeur optimale de semis est de 0,5 \u00e0 1,5 cm. Maintenir humide jusqu'\u00e0 la germination. Temps de germination : 1 \u00e0 3 semaines.<\/p>","protected":false},"excerpt":{"rendered":"<p>Transforme les bordures ennuyeuses et les pelouses qui demandent beaucoup d'entretien en une mer de fleurs enchanteresse.<\/p>","protected":false},"featured_media":52128,"template":"","meta":[],"product_brand":[],"product_cat":[110,34,41],"product_tag":[289],"woo-feed-brand":[],"class_list":{"0":"post-52129","1":"product","2":"type-product","3":"status-publish","4":"has-post-thumbnail","6":"product_cat-samen","7":"product_cat-garten-balkon","8":"product_cat-outdoorpflanzen","9":"product_tag-blumengarten-kung-ag","11":"first","12":"instock","13":"taxable","14":"shipping-taxable","15":"purchasable","16":"product-type-simple"},"_links":{"self":[{"href":"https:\/\/www.fleurop-home.ch\/fr-ch\/wp-json\/wp\/v2\/product\/52129","targetHints":{"allow":["GET"]}}],"collection":[{"href":"https:\/\/www.fleurop-home.ch\/fr-ch\/wp-json\/wp\/v2\/product"}],"about":[{"href":"https:\/\/www.fleurop-home.ch\/fr-ch\/wp-json\/wp\/v2\/types\/product"}],"wp:featuredmedia":[{"embeddable":true,"href":"https:\/\/www.fleurop-home.ch\/fr-ch\/wp-json\/wp\/v2\/media\/52128"}],"wp:attachment":[{"href":"https:\/\/www.fleurop-home.ch\/fr-ch\/wp-json\/wp\/v2\/media?parent=52129"}],"wp:term":[{"taxonomy":"product_brand","embeddable":true,"href":"https:\/\/www.fleurop-home.ch\/fr-ch\/wp-json\/wp\/v2\/product_brand?post=52129"},{"taxonomy":"product_cat","embeddable":true,"href":"https:\/\/www.fleurop-home.ch\/fr-ch\/wp-json\/wp\/v2\/product_cat?post=52129"},{"taxonomy":"product_tag","embeddable":true,"href":"https:\/\/www.fleurop-home.ch\/fr-ch\/wp-json\/wp\/v2\/product_tag?post=52129"},{"taxonomy":"woo-feed-brand","embeddable":true,"href":"https:\/\/www.fleurop-home.ch\/fr-ch\/wp-json\/wp\/v2\/woo-feed-brand?post=52129"}],"curies":[{"name":"wp","href":"https:\/\/api.w.org\/{rel}","templated":true}]}}