{"id":52108,"date":"2025-02-26T17:38:23","date_gmt":"2025-02-26T16:38:23","guid":{"rendered":"https:\/\/www.fleurop-home.ch\/de-ch\/p\/bodensee-bluetentraeume-bienensommer-100gr"},"modified":"2026-05-06T08:57:38","modified_gmt":"2026-05-06T06:57:38","slug":"lac-de-constance-fleurs-dete-100gr","status":"publish","type":"product","link":"https:\/\/www.fleurop-home.ch\/fr-ch\/p\/bodensee-bluetentraeume-bienensommer-100gr","title":{"rendered":"R\u00eaves de fleurs du lac de Constance \u201a\u00c9t\u00e9 des abeilles\u2018 100gr"},"content":{"rendered":"<p>Transforme les bordures ennuyeuses et les pelouses qui demandent beaucoup d'entretien en une mer de fleurs enchanteresse.<br \/>\nUn bienfait pour chaque spectateur et pour les insectes !<\/p>\n<p>Pr\u00e9cieux pour chaque colonie d'abeilles !<br \/>\n- Hauteur de croissance : 30 - 60 cm<br \/>\n- Tr\u00e8fle odorant, t\u00eate de vip\u00e8re, t\u00eate de dragon, pavot dor\u00e9, lin rouge et bleu, gypsophile, coquelicots, bleuets, corbeilles d\u00e9coratives, tournesols et bien d'autres.<br \/>\n- Dose d'ensemencement : 7 - max. 10 g\/m2<\/p>\n<p>Notre m\u00e9lange de fleurs annuelles contient jusqu'\u00e0 40 esp\u00e8ces :<br \/>\nTige odorante, t\u00eate de dragon, liseron des buissons, pavot dor\u00e9, lin rouge * bleu, gypsophile, coquelicot, bleuets, soucis, paniers d\u00e9coratifs, marguerites du Cap, tournesols et bien plus encore.<br \/>\nHauteur de croissance : 30 - 60 cm<br \/>\nP\u00e9riode de semis : les semis peuvent \u00eatre effectu\u00e9s de d\u00e9but avril \u00e0 fin mai, selon les conditions m\u00e9t\u00e9orologiques. Les graines peuvent \u00eatre sem\u00e9es dans n'importe quel sol de jardin ameubli.<br \/>\nUn emplacement ensoleill\u00e9 est pr\u00e9f\u00e9rable.<br \/>\nDose d'ensemencement : 7- max 10 g\/m ?<br \/>\nP\u00e9riode de floraison : d\u00e9but juin jusqu'aux premi\u00e8res gel\u00e9es<br \/>\nAutres : notre \u00e9t\u00e9 apicole doit cr\u00e9er une image color\u00e9e et vivante dans le jardin et le paysage et offrir une source de nourriture pour les papillons, les abeilles et les bourdons.<br \/>\nCe m\u00e9lange sp\u00e9cial ne n\u00e9cessite aucune fertilisation sur un sol fertile. La surface \u00e0 ensemencer doit \u00eatre ameublie sur une profondeur d'environ 5 cm. La quantit\u00e9 de graines peut \u00eatre m\u00e9lang\u00e9e \u00e0 3 \u00e0 5 fois son volume en ajoutant de la sciure ou du sable de quartz. Cela garantit une meilleure r\u00e9partition des graines sur la surface.<br \/>\nLa profondeur optimale de semis est de 0,5 \u00e0 1,5 cm. Il faut veiller \u00e0 ce que l'humidit\u00e9 soit suffisante pendant les 3 \u00e0 4 premi\u00e8res semaines.<\/p>","protected":false},"excerpt":{"rendered":"<p>Transforme les bordures ennuyeuses et les pelouses qui demandent beaucoup d'entretien en une mer de fleurs enchanteresse.<\/p>","protected":false},"featured_media":52107,"template":"","meta":[],"product_brand":[],"product_cat":[110,1089,1088,34,41],"product_tag":[289],"woo-feed-brand":[],"class_list":{"0":"post-52108","1":"product","2":"type-product","3":"status-publish","4":"has-post-thumbnail","6":"product_cat-samen","7":"product_cat-hobbygaertner","8":"product_cat-vatertag","9":"product_cat-garten-balkon","10":"product_cat-outdoorpflanzen","11":"product_tag-blumengarten-kung-ag","13":"first","14":"instock","15":"taxable","16":"shipping-taxable","17":"purchasable","18":"product-type-simple"},"_links":{"self":[{"href":"https:\/\/www.fleurop-home.ch\/fr-ch\/wp-json\/wp\/v2\/product\/52108","targetHints":{"allow":["GET"]}}],"collection":[{"href":"https:\/\/www.fleurop-home.ch\/fr-ch\/wp-json\/wp\/v2\/product"}],"about":[{"href":"https:\/\/www.fleurop-home.ch\/fr-ch\/wp-json\/wp\/v2\/types\/product"}],"wp:featuredmedia":[{"embeddable":true,"href":"https:\/\/www.fleurop-home.ch\/fr-ch\/wp-json\/wp\/v2\/media\/52107"}],"wp:attachment":[{"href":"https:\/\/www.fleurop-home.ch\/fr-ch\/wp-json\/wp\/v2\/media?parent=52108"}],"wp:term":[{"taxonomy":"product_brand","embeddable":true,"href":"https:\/\/www.fleurop-home.ch\/fr-ch\/wp-json\/wp\/v2\/product_brand?post=52108"},{"taxonomy":"product_cat","embeddable":true,"href":"https:\/\/www.fleurop-home.ch\/fr-ch\/wp-json\/wp\/v2\/product_cat?post=52108"},{"taxonomy":"product_tag","embeddable":true,"href":"https:\/\/www.fleurop-home.ch\/fr-ch\/wp-json\/wp\/v2\/product_tag?post=52108"},{"taxonomy":"woo-feed-brand","embeddable":true,"href":"https:\/\/www.fleurop-home.ch\/fr-ch\/wp-json\/wp\/v2\/woo-feed-brand?post=52108"}],"curies":[{"name":"wp","href":"https:\/\/api.w.org\/{rel}","templated":true}]}}