{"id":52102,"date":"2025-02-26T17:38:01","date_gmt":"2025-02-26T16:38:01","guid":{"rendered":"https:\/\/www.fleurop-home.ch\/de-ch\/p\/bodensee-bluetentraeume-zartes-pastell-100gr"},"modified":"2025-04-01T03:44:34","modified_gmt":"2025-04-01T01:44:34","slug":"reves-de-fleurs-du-lac-de-constance-pastel-tendre-100gr","status":"publish","type":"product","link":"https:\/\/www.fleurop-home.ch\/fr-ch\/p\/bodensee-bluetentraeume-zartes-pastell-100gr","title":{"rendered":"R\u00eaves de fleurs du lac de Constance \u201aPastel tendre\u2018 100gr"},"content":{"rendered":"<p>Transforme les bordures ennuyeuses et les pelouses qui demandent beaucoup d'entretien en une mer de fleurs enchanteresse.<br \/>\nUn bienfait pour chaque spectateur et pour les insectes !<\/p>\n<p>Le m\u00e9lange avec plus de 20 esp\u00e8ces bisannuelles et vivaces !<br \/>\n- Hauteur de croissance : 60 - 80 cm<br \/>\n- Sauge panach\u00e9e, aneth, bleuets, liserons des buissons, corbeilles d\u00e9coratives, fleurs d'araign\u00e9e, myosotis, vip\u00e9rine, cow-boys, lemon et bien d'autres.<br \/>\n- Dose de semis : environ 6 - 7 g\/m2<\/p>\n<p>Notre m\u00e9lange de fleurs annuelles contient plus de 20 esp\u00e8ces :<br \/>\nSauge panach\u00e9e, aneth, bleuets, liserons des buissons, corbeilles d\u00e9coratives, fleurs d'araign\u00e9e, soucis, myosotis, m\u00e9lisse de Moldavie, vip\u00e9rine, gypsophile, ailes de soleil, mauve \u00e0 godets, Gretel dans le buisson, lin bleu, lem \u00e0 grandes fleurs, durtesede, bleuets des vaches, lemplum, an\u00e9mones c\u00e9lestes et bien d'autres.<br \/>\nHauteur de croissance : 50-80 cm<br \/>\nDate de semis : les graines peuvent \u00eatre sem\u00e9es d\u00e8s le printemps, de mi-avril \u00e0 fin mai environ, selon les conditions m\u00e9t\u00e9orologiques. Les graines peuvent \u00eatre sem\u00e9es dans n'importe quel sol de jardin a\u00e9r\u00e9, dans de grandes coupes, des pots ou m\u00eame des jardini\u00e8res de balcon. Un emplacement ensoleill\u00e9 est pr\u00e9f\u00e9rable.<br \/>\nDose de semis : environ 5 - 6 g\/m ?<br \/>\nP\u00e9riode de floraison : de mi-mai aux premi\u00e8res gel\u00e9es<br \/>\nAutre : sur un sol fertile, aucune fertilisation n'est n\u00e9cessaire. La surface \u00e0 ensemencer doit \u00eatre ameublie \u00e0 une profondeur de 5 \u00e0 10 cm. Le mieux est de le pr\u00e9parer d\u00e8s l'automne de l'ann\u00e9e pr\u00e9c\u00e9dente. Avant de semer, aplanir finement le sol avec un r\u00e2teau, un crayon ou une b\u00eache. Les grosses pierres et les mauvaises herbes doivent \u00eatre \u00e9limin\u00e9es. Ensuite, tu peux proc\u00e9der \u00e0 l'ensemencement. La quantit\u00e9 de graines peut \u00eatre \u00e9tir\u00e9e jusqu'\u00e0 3 \u00e0 5 fois le volume en ajoutant de la sciure ou du sable de quartz. Cela garantit une meilleure r\u00e9partition des graines sur la surface. La profondeur optimale de semis est de 0,5 \u00e0 1,5 cm. Pour le processus de germination, il faut veiller \u00e0 ce que l'humidit\u00e9 soit suffisante, surtout au d\u00e9but. Dans de bonnes conditions, la plupart des graines germent en 1 \u00e0 3 semaines.<\/p>","protected":false},"excerpt":{"rendered":"<p>Transforme les bordures ennuyeuses et les pelouses qui demandent beaucoup d'entretien en une mer de fleurs enchanteresse.<\/p>","protected":false},"featured_media":52101,"template":"","meta":[],"product_brand":[],"product_cat":[110,34,41],"product_tag":[289],"woo-feed-brand":[],"class_list":{"0":"post-52102","1":"product","2":"type-product","3":"status-publish","4":"has-post-thumbnail","6":"product_cat-samen","7":"product_cat-garten-balkon","8":"product_cat-outdoorpflanzen","9":"product_tag-blumengarten-kung-ag","11":"first","12":"instock","13":"taxable","14":"shipping-taxable","15":"purchasable","16":"product-type-simple"},"_links":{"self":[{"href":"https:\/\/www.fleurop-home.ch\/fr-ch\/wp-json\/wp\/v2\/product\/52102","targetHints":{"allow":["GET"]}}],"collection":[{"href":"https:\/\/www.fleurop-home.ch\/fr-ch\/wp-json\/wp\/v2\/product"}],"about":[{"href":"https:\/\/www.fleurop-home.ch\/fr-ch\/wp-json\/wp\/v2\/types\/product"}],"wp:featuredmedia":[{"embeddable":true,"href":"https:\/\/www.fleurop-home.ch\/fr-ch\/wp-json\/wp\/v2\/media\/52101"}],"wp:attachment":[{"href":"https:\/\/www.fleurop-home.ch\/fr-ch\/wp-json\/wp\/v2\/media?parent=52102"}],"wp:term":[{"taxonomy":"product_brand","embeddable":true,"href":"https:\/\/www.fleurop-home.ch\/fr-ch\/wp-json\/wp\/v2\/product_brand?post=52102"},{"taxonomy":"product_cat","embeddable":true,"href":"https:\/\/www.fleurop-home.ch\/fr-ch\/wp-json\/wp\/v2\/product_cat?post=52102"},{"taxonomy":"product_tag","embeddable":true,"href":"https:\/\/www.fleurop-home.ch\/fr-ch\/wp-json\/wp\/v2\/product_tag?post=52102"},{"taxonomy":"woo-feed-brand","embeddable":true,"href":"https:\/\/www.fleurop-home.ch\/fr-ch\/wp-json\/wp\/v2\/woo-feed-brand?post=52102"}],"curies":[{"name":"wp","href":"https:\/\/api.w.org\/{rel}","templated":true}]}}