{"id":52099,"date":"2025-02-26T17:37:51","date_gmt":"2025-02-26T16:37:51","guid":{"rendered":"https:\/\/www.fleurop-home.ch\/de-ch\/p\/bodensee-bluetentraeume-nuetzlingsweide-100gr"},"modified":"2025-04-01T03:44:35","modified_gmt":"2025-04-01T01:44:35","slug":"lac-de-constance-fleurs-de-saule-100gr","status":"publish","type":"product","link":"https:\/\/www.fleurop-home.ch\/fr-ch\/p\/bodensee-bluetentraeume-nuetzlingsweide-100gr","title":{"rendered":"R\u00eaves de fleurs du lac de Constance \u201aP\u00e2turage des auxiliaires\u2018 100gr"},"content":{"rendered":"<p>www.bodensee-bluetentraeume.ch<br \/>\nTransforme les bordures ennuyeuses et les pelouses qui demandent beaucoup d'entretien en une mer de fleurs enchanteresse.<br \/>\nUn bienfait pour chaque spectateur et pour les insectes !<\/p>\n<p>Types d'\u00e9colos nationaux<\/p>\n<p>La coop\u00e9ration est la plus utile<br \/>\nLe m\u00e9lange de semences te sera fourni dans le cadre d'une action commune des Olbstbauers Thurgau et de Pro Natura Thurgau. Il est adapt\u00e9 aux - alentours des vergers.<br \/>\nNotre m\u00e9lange de fleurs annuel avec un grand nombre d'esp\u00e8ces indig\u00e8nes :<br \/>\nCorneille, aneth, camomille des teinturiers, bleuet, sarrasin v\u00e9ritable, coquelicot, fleur en touffe, r\u00e9s\u00e9da odorant, tr\u00e8fle d'Alexandrie, tr\u00e8fle de Su\u00e8de, tr\u00e8fle incarnat, tr\u00e8fle rouge, tr\u00e8fle de Perse.<br \/>\nP\u00e9riode de semis : les semis peuvent \u00eatre effectu\u00e9s de fin mars \u00e0 juin, selon les conditions m\u00e9t\u00e9orologiques. Le semis peut se faire dans n'importe quelle terre arable ameublie et rappuy\u00e9e.<br \/>\nDose d'ensemencement : 10 g\/m ?<br \/>\nP\u00e9riode de floraison : d\u00e9but juin jusqu'aux premi\u00e8res gel\u00e9es<br \/>\nAutres : ce m\u00e9lange sp\u00e9cial ne n\u00e9cessite aucune fertilisation sur un sol fertile. La surface \u00e0 ensemencer doit \u00eatre ameublie sur une profondeur d'environ 5 cm. La quantit\u00e9 de graines peut \u00eatre m\u00e9lang\u00e9e en ajoutant du sable jusqu'\u00e0 3 \u00e0 5 fois son volume. Cela garantit une meilleure r\u00e9partition des graines sur la surface.<br \/>\nLa profondeur optimale de semis est de 0,5 \u00e0 1,5 cm. Il faut veiller \u00e0 ce qu'il y ait suffisamment d'humidit\u00e9 pendant les 3-4 premi\u00e8res semaines.<\/p>","protected":false},"excerpt":{"rendered":"<p>Annuelle<\/p>","protected":false},"featured_media":52098,"template":"","meta":[],"product_brand":[],"product_cat":[110,34,41],"product_tag":[289],"woo-feed-brand":[],"class_list":{"0":"post-52099","1":"product","2":"type-product","3":"status-publish","4":"has-post-thumbnail","6":"product_cat-samen","7":"product_cat-garten-balkon","8":"product_cat-outdoorpflanzen","9":"product_tag-blumengarten-kung-ag","11":"first","12":"instock","13":"taxable","14":"shipping-taxable","15":"purchasable","16":"product-type-simple"},"_links":{"self":[{"href":"https:\/\/www.fleurop-home.ch\/fr-ch\/wp-json\/wp\/v2\/product\/52099","targetHints":{"allow":["GET"]}}],"collection":[{"href":"https:\/\/www.fleurop-home.ch\/fr-ch\/wp-json\/wp\/v2\/product"}],"about":[{"href":"https:\/\/www.fleurop-home.ch\/fr-ch\/wp-json\/wp\/v2\/types\/product"}],"wp:featuredmedia":[{"embeddable":true,"href":"https:\/\/www.fleurop-home.ch\/fr-ch\/wp-json\/wp\/v2\/media\/52098"}],"wp:attachment":[{"href":"https:\/\/www.fleurop-home.ch\/fr-ch\/wp-json\/wp\/v2\/media?parent=52099"}],"wp:term":[{"taxonomy":"product_brand","embeddable":true,"href":"https:\/\/www.fleurop-home.ch\/fr-ch\/wp-json\/wp\/v2\/product_brand?post=52099"},{"taxonomy":"product_cat","embeddable":true,"href":"https:\/\/www.fleurop-home.ch\/fr-ch\/wp-json\/wp\/v2\/product_cat?post=52099"},{"taxonomy":"product_tag","embeddable":true,"href":"https:\/\/www.fleurop-home.ch\/fr-ch\/wp-json\/wp\/v2\/product_tag?post=52099"},{"taxonomy":"woo-feed-brand","embeddable":true,"href":"https:\/\/www.fleurop-home.ch\/fr-ch\/wp-json\/wp\/v2\/woo-feed-brand?post=52099"}],"curies":[{"name":"wp","href":"https:\/\/api.w.org\/{rel}","templated":true}]}}