{"id":52096,"date":"2025-02-26T17:37:35","date_gmt":"2025-02-26T16:37:35","guid":{"rendered":"https:\/\/www.fleurop-home.ch\/de-ch\/p\/bodensee-bluetentraeume-uttwiler-sommer-100gr"},"modified":"2025-05-12T14:35:15","modified_gmt":"2025-05-12T12:35:15","slug":"lac-de-constance-reves-de-fleurs-uttwiler-ete-100gr","status":"publish","type":"product","link":"https:\/\/www.fleurop-home.ch\/fr-ch\/p\/bodensee-bluetentraeume-uttwiler-sommer-100gr","title":{"rendered":"R\u00eaves de fleurs du lac de Constance \u201aUttwiler Sommer\u2018 100gr"},"content":{"rendered":"<p>Transforme les bordures ennuyeuses et les pelouses qui demandent beaucoup d'entretien en une mer de fleurs enchanteresse.<br \/>\nUn bienfait pour chaque spectateur et pour les insectes !<\/p>\n<p>Le classique color\u00e9 pour un \u00e9t\u00e9 riche en fleurs !<br \/>\n- Hauteur de croissance : 30 - 80 cm<br \/>\n- Liseron des buissons, pavot dor\u00e9, lin rouge et bleu,<br \/>\nGypsophile, coquelicot, bleuets, soucis,<br \/>\nCorbeilles d\u00e9coratives, marguerites du Cap, tournesols et bien plus encore.<br \/>\n- Dose de semis : environ 7 g\/m2<\/p>\n<p>Notre m\u00e9lange de fleurs annuelles contient jusqu'\u00e0 40 esp\u00e8ces :<br \/>\nLiserons des buissons, coquelicots dor\u00e9s, lin rouge et bleu, gypsophile, clafoutis, bleuets, soucis, corbeilles d\u00e9coratives, marguerites du Cap, tournesols et bien d'autres choses encore.<br \/>\nHauteur de croissance : 30 - 80 cm<br \/>\nDate de semis : les graines peuvent \u00eatre sem\u00e9es d\u00e8s le printemps, de mi-avril \u00e0 fin mai environ, selon les conditions m\u00e9t\u00e9orologiques. Les graines peuvent \u00eatre sem\u00e9es dans n'importe quel sol de jardin a\u00e9r\u00e9, dans de grandes coupes, des pots ou m\u00eame des jardini\u00e8res de balcon. Un emplacement ensoleill\u00e9 est pr\u00e9f\u00e9rable.<br \/>\nQuantit\u00e9 \u00e0 semer : environ 7 g\/m ?<br \/>\nP\u00e9riode de floraison : fin mai jusqu'aux premi\u00e8res gel\u00e9es<br \/>\nAutre : sur un sol fertile, aucune fertilisation n'est n\u00e9cessaire. La surface \u00e0 ensemencer doit \u00eatre ameublie \u00e0 environ 5 cm de profondeur. Le mieux est de le pr\u00e9parer d\u00e8s l'automne de l'ann\u00e9e pr\u00e9c\u00e9dente. Avant de semer, aplanir finement le sol avec un r\u00e2teau ou une b\u00eache. Les grosses pierres et les mauvaises herbes doivent \u00eatre \u00e9limin\u00e9es. Ensuite, tu peux proc\u00e9der \u00e0 l'ensemencement. La quantit\u00e9 de graines peut \u00eatre m\u00e9lang\u00e9e \u00e0 3 \u00e0 5 fois son volume en ajoutant de la sciure ou du sable de quartz. Cela garantit une meilleure r\u00e9partition des graines sur la surface. La profondeur optimale de semis est comprise entre 0,5 et 1,5 cm. Pour le processus de germination, il faut veiller \u00e0 ce que l'humidit\u00e9 soit suffisante, surtout au d\u00e9but.<br \/>\nDans de bonnes conditions, la plupart des graines germent en 1 \u00e0 3 semaines.<\/p>","protected":false},"excerpt":{"rendered":"<p>Transforme les bordures ennuyeuses et les pelouses qui demandent beaucoup d'entretien en une mer de fleurs enchanteresse.<\/p>","protected":false},"featured_media":52095,"template":"","meta":[],"product_brand":[],"product_cat":[110,1089,1088,34,41],"product_tag":[289],"woo-feed-brand":[],"class_list":{"0":"post-52096","1":"product","2":"type-product","3":"status-publish","4":"has-post-thumbnail","6":"product_cat-samen","7":"product_cat-hobbygaertner","8":"product_cat-vatertag","9":"product_cat-garten-balkon","10":"product_cat-outdoorpflanzen","11":"product_tag-blumengarten-kung-ag","13":"first","14":"instock","15":"taxable","16":"shipping-taxable","17":"purchasable","18":"product-type-simple"},"_links":{"self":[{"href":"https:\/\/www.fleurop-home.ch\/fr-ch\/wp-json\/wp\/v2\/product\/52096","targetHints":{"allow":["GET"]}}],"collection":[{"href":"https:\/\/www.fleurop-home.ch\/fr-ch\/wp-json\/wp\/v2\/product"}],"about":[{"href":"https:\/\/www.fleurop-home.ch\/fr-ch\/wp-json\/wp\/v2\/types\/product"}],"wp:featuredmedia":[{"embeddable":true,"href":"https:\/\/www.fleurop-home.ch\/fr-ch\/wp-json\/wp\/v2\/media\/52095"}],"wp:attachment":[{"href":"https:\/\/www.fleurop-home.ch\/fr-ch\/wp-json\/wp\/v2\/media?parent=52096"}],"wp:term":[{"taxonomy":"product_brand","embeddable":true,"href":"https:\/\/www.fleurop-home.ch\/fr-ch\/wp-json\/wp\/v2\/product_brand?post=52096"},{"taxonomy":"product_cat","embeddable":true,"href":"https:\/\/www.fleurop-home.ch\/fr-ch\/wp-json\/wp\/v2\/product_cat?post=52096"},{"taxonomy":"product_tag","embeddable":true,"href":"https:\/\/www.fleurop-home.ch\/fr-ch\/wp-json\/wp\/v2\/product_tag?post=52096"},{"taxonomy":"woo-feed-brand","embeddable":true,"href":"https:\/\/www.fleurop-home.ch\/fr-ch\/wp-json\/wp\/v2\/woo-feed-brand?post=52096"}],"curies":[{"name":"wp","href":"https:\/\/api.w.org\/{rel}","templated":true}]}}