{"id":52093,"date":"2025-02-26T17:37:25","date_gmt":"2025-02-26T16:37:25","guid":{"rendered":"https:\/\/www.fleurop-home.ch\/de-ch\/p\/bodensee-bluetentraeume-sonnenanbeter-100gr"},"modified":"2025-05-12T14:35:17","modified_gmt":"2025-05-12T12:35:17","slug":"bouleau-du-lac-de-constance-baies-de-soleil-100gr","status":"publish","type":"product","link":"https:\/\/www.fleurop-home.ch\/fr-ch\/p\/bodensee-bluetentraeume-sonnenanbeter-100gr","title":{"rendered":"R\u00eaves de fleurs du lac de Constance \u201aAdorateur du soleil\u2018 100gr"},"content":{"rendered":"<p>Description du produit : Adorateur du soleil - m\u00e9lange de fleurs pour les endroits ensoleill\u00e9s<\/p>\n<p>Apporte des couleurs \u00e9clatantes et une diversit\u00e9 vivante dans ton jardin avec le m\u00e9lange de fleurs Sonnenanbeter de la s\u00e9rie Bodensee Bl\u00fctentr\u00e4ume. Ce m\u00e9lange de graines annuel est parfait pour les endroits ensoleill\u00e9s et assure une floraison magnifique du printemps jusqu'aux premi\u00e8res gel\u00e9es.<br \/>\nEsp\u00e8ces v\u00e9g\u00e9tales incluses :<\/p>\n<p>Fleurs lumineuses &amp; classiques de l'\u00e9t\u00e9 : pavot dor\u00e9 de Californie, pavot sauvage, lin rouge, m\u00e9lange de cosmos, pourpier, zinnias (tapis persan, lilliput), ortie multicolore, \u0153il de jeune fille, fleur de cocarde<br \/>\nPlantes aromatiques &amp; robustes : sauge sclar\u00e9e, h\u00e9lianth\u00e8me rouge, thym (Summertime), Tithonia<\/p>\n<p>Croissance et emplacement :<\/p>\n<p>Hauteur de croissance : 30 - 80 cm<br \/>\nEmplacement : au soleil, dans n'importe quel sol de jardin ameubli<br \/>\nPas besoin d'engrais suppl\u00e9mentaire<\/p>\n<p>Semis &amp; floraison :<\/p>\n<p>P\u00e9riode de semis : de mi-avril \u00e0 fin juillet, selon les conditions m\u00e9t\u00e9orologiques<br \/>\nDose de semis : 10 g\/m\u00b2.<br \/>\nP\u00e9riode de floraison : de mi-mai aux premi\u00e8res gel\u00e9es<\/p>\n<p>Caract\u00e9ristiques sp\u00e9ciales :<\/p>\n<p>Id\u00e9al pour les bordures, les \u00eelots de circulation et les r\u00e9cipients<br \/>\nOffre une nourriture riche en nectar et en pollen pour les abeilles, les bourdons et les papillons<br \/>\nLe m\u00e9lange doit \u00eatre m\u00e9lang\u00e9 avec 3 \u00e0 5 fois le volume de l'aide au semis avant le semis pour garantir une r\u00e9partition uniforme.<br \/>\nProfondeur de semis : 0,5 \u00e0 1,5 cm<br \/>\nVeiller \u00e0 une humidit\u00e9 suffisante au cours des 3-4 premi\u00e8res semaines<\/p>\n<p>Avec ce m\u00e9lange de fleurs aux couleurs vives, tu cr\u00e9es un jardin vivant et fleuri qui attire les insectes et brille de couleurs vives tout au long de l'\u00e9t\u00e9. Parfait pour tous ceux qui veulent faire briller les endroits ensoleill\u00e9s avec des fleurs color\u00e9es !<\/p>","protected":false},"excerpt":{"rendered":"<p>Adorateur du soleil - m\u00e9lange de fleurs pour les endroits ensoleill\u00e9s - plante annuelle<\/p>","protected":false},"featured_media":52092,"template":"","meta":[],"product_brand":[],"product_cat":[110,1089,1088,34,41],"product_tag":[289],"woo-feed-brand":[],"class_list":{"0":"post-52093","1":"product","2":"type-product","3":"status-publish","4":"has-post-thumbnail","6":"product_cat-samen","7":"product_cat-hobbygaertner","8":"product_cat-vatertag","9":"product_cat-garten-balkon","10":"product_cat-outdoorpflanzen","11":"product_tag-blumengarten-kung-ag","13":"first","14":"instock","15":"taxable","16":"shipping-taxable","17":"purchasable","18":"product-type-simple"},"_links":{"self":[{"href":"https:\/\/www.fleurop-home.ch\/fr-ch\/wp-json\/wp\/v2\/product\/52093","targetHints":{"allow":["GET"]}}],"collection":[{"href":"https:\/\/www.fleurop-home.ch\/fr-ch\/wp-json\/wp\/v2\/product"}],"about":[{"href":"https:\/\/www.fleurop-home.ch\/fr-ch\/wp-json\/wp\/v2\/types\/product"}],"wp:featuredmedia":[{"embeddable":true,"href":"https:\/\/www.fleurop-home.ch\/fr-ch\/wp-json\/wp\/v2\/media\/52092"}],"wp:attachment":[{"href":"https:\/\/www.fleurop-home.ch\/fr-ch\/wp-json\/wp\/v2\/media?parent=52093"}],"wp:term":[{"taxonomy":"product_brand","embeddable":true,"href":"https:\/\/www.fleurop-home.ch\/fr-ch\/wp-json\/wp\/v2\/product_brand?post=52093"},{"taxonomy":"product_cat","embeddable":true,"href":"https:\/\/www.fleurop-home.ch\/fr-ch\/wp-json\/wp\/v2\/product_cat?post=52093"},{"taxonomy":"product_tag","embeddable":true,"href":"https:\/\/www.fleurop-home.ch\/fr-ch\/wp-json\/wp\/v2\/product_tag?post=52093"},{"taxonomy":"woo-feed-brand","embeddable":true,"href":"https:\/\/www.fleurop-home.ch\/fr-ch\/wp-json\/wp\/v2\/woo-feed-brand?post=52093"}],"curies":[{"name":"wp","href":"https:\/\/api.w.org\/{rel}","templated":true}]}}