{"id":51988,"date":"2025-12-02T11:36:34","date_gmt":"2025-12-02T10:36:34","guid":{"rendered":"https:\/\/www.fleurop-home.ch\/?post_type=product&#038;p=51988"},"modified":"2026-03-05T07:25:07","modified_gmt":"2026-03-05T06:25:07","slug":"pkz-carte-cadeau-chf-50","status":"publish","type":"product","link":"https:\/\/www.fleurop-home.ch\/fr-ch\/p\/pkz-geschenkkarte-chf-50","title":{"rendered":"Carte cadeau PKZ 50 CHF"},"content":{"rendered":"<p>Les collections de haute qualit\u00e9 de\u00a0<strong>Paul Kehl MEN<\/strong>\u00a0et\u00a0<strong>Paul Kehl FEMMES<\/strong>\u00a0sont con\u00e7us par une \u00e9quipe ambitieuse en Suisse et sont empreints de suissitude urbaine.<\/p>\n<p>Le label\u00a0<strong>PAUL KEHL<\/strong>\u00a0cr\u00e9e des mod\u00e8les intemporels avec des coupes claires et des couleurs riches, simples mais toujours avec un petit plus. La marque comprend des basiques d\u00e9contract\u00e9s et modernes, des pi\u00e8ces tendance \u00e0 la mode pour le secteur casual ainsi qu'une garde-robe business \u00e9l\u00e9gante. Une large gamme d'accessoires \u00e9l\u00e9gants compl\u00e8te l'offre de la marque maison.<\/p>\n<p>La validit\u00e9 de la carte cadeau PKZ est de 2 ans \u00e0 compter de la date d'\u00e9mission.<\/p>","protected":false},"excerpt":{"rendered":"<p>Avec la carte cadeau PKZ, tu fais plaisir - quelle que soit l'occasion.<\/p>","protected":false},"featured_media":51990,"template":"","meta":[],"product_brand":[],"product_cat":[57,1023,797,1088,1092,52],"product_tag":[282],"woo-feed-brand":[],"class_list":{"0":"post-51988","1":"product","2":"type-product","3":"status-publish","4":"has-post-thumbnail","6":"product_cat-geschenkkarten","7":"product_cat-fuer-mama","8":"product_cat-muttertag","9":"product_cat-vatertag","10":"product_cat-wohlfuehltyp","11":"product_cat-geschenke","12":"product_tag-fleurop-interflora","14":"first","15":"instock","16":"taxable","17":"shipping-taxable","18":"purchasable","19":"product-type-simple"},"_links":{"self":[{"href":"https:\/\/www.fleurop-home.ch\/fr-ch\/wp-json\/wp\/v2\/product\/51988","targetHints":{"allow":["GET"]}}],"collection":[{"href":"https:\/\/www.fleurop-home.ch\/fr-ch\/wp-json\/wp\/v2\/product"}],"about":[{"href":"https:\/\/www.fleurop-home.ch\/fr-ch\/wp-json\/wp\/v2\/types\/product"}],"wp:featuredmedia":[{"embeddable":true,"href":"https:\/\/www.fleurop-home.ch\/fr-ch\/wp-json\/wp\/v2\/media\/51990"}],"wp:attachment":[{"href":"https:\/\/www.fleurop-home.ch\/fr-ch\/wp-json\/wp\/v2\/media?parent=51988"}],"wp:term":[{"taxonomy":"product_brand","embeddable":true,"href":"https:\/\/www.fleurop-home.ch\/fr-ch\/wp-json\/wp\/v2\/product_brand?post=51988"},{"taxonomy":"product_cat","embeddable":true,"href":"https:\/\/www.fleurop-home.ch\/fr-ch\/wp-json\/wp\/v2\/product_cat?post=51988"},{"taxonomy":"product_tag","embeddable":true,"href":"https:\/\/www.fleurop-home.ch\/fr-ch\/wp-json\/wp\/v2\/product_tag?post=51988"},{"taxonomy":"woo-feed-brand","embeddable":true,"href":"https:\/\/www.fleurop-home.ch\/fr-ch\/wp-json\/wp\/v2\/woo-feed-brand?post=51988"}],"curies":[{"name":"wp","href":"https:\/\/api.w.org\/{rel}","templated":true}]}}