{"id":51826,"date":"2025-02-14T16:32:09","date_gmt":"2025-02-14T15:32:09","guid":{"rendered":"https:\/\/www.fleurop-home.ch\/de-ch\/?post_type=product&#038;p=51826"},"modified":"2026-04-01T15:39:13","modified_gmt":"2026-04-01T13:39:13","slug":"foret-et-fraicheur-set-fais-lexperience-de-la-puissance-de-la-nature","status":"publish","type":"product","link":"https:\/\/www.fleurop-home.ch\/fr-ch\/p\/wald-und-frische-set-erlebe-die-kraft-der-natur","title":{"rendered":"Coffret \"For\u00eat et fra\u00eecheur\" - D\u00e9couvre le pouvoir de la nature"},"content":{"rendered":"<p data-start=\"118\" data-end=\"381\">Plonge dans une exp\u00e9rience rafra\u00eechissante et proche de la nature avec notre <strong data-start=\"194\" data-end=\"218\">Kit for\u00eat et fra\u00eecheur<\/strong>. Cette combinaison de senteurs bois\u00e9es, fra\u00eeches et aromatiques assure un soin puissant et terreux et te fait ressentir la fra\u00eecheur purifiante de la for\u00eat.<\/p>\n<p data-start=\"383\" data-end=\"552\"><strong data-start=\"383\" data-end=\"391\">ARVE<\/strong> - Le parfum apaisant et bois\u00e9 de l'arolle apporte calme et d\u00e9tente et conf\u00e8re \u00e0 ta peau une fra\u00eecheur naturelle qui rappelle une promenade en for\u00eat.<\/p>\n<p data-start=\"554\" data-end=\"748\"><strong data-start=\"554\" data-end=\"564\">CAF\u00c9<\/strong> - Le parfum anglais du caf\u00e9 frais stimule tes sens et procure une sensation croissante de fra\u00eecheur et de clart\u00e9, tandis que les propri\u00e9t\u00e9s de soin prennent soin de ta peau.<\/p>\n<p data-start=\"750\" data-end=\"975\"><strong data-start=\"750\" data-end=\"760\">HAMMAM<\/strong> - Un parfum aromatique qui rappelle les bains de vapeur traditionnels de l'Orient. Le parfum rafra\u00eechissant et \u00e9pic\u00e9 du hammam donne \u00e0 ta peau une sensation de puret\u00e9 et de fra\u00eecheur tout en revitalisant tes sens.<\/p>\n<p data-start=\"977\" data-end=\"1158\">Profite de la fra\u00eecheur naturelle et du soin terreur de la <strong data-start=\"1040\" data-end=\"1065\">Sets de for\u00eat et de fra\u00eecheur<\/strong>. Id\u00e9al pour tous ceux qui recherchent une exp\u00e9rience de soin puissante avec des senteurs bois\u00e9es et fra\u00eeches.<\/p>","protected":false},"excerpt":{"rendered":"<p>Kit for\u00eat et fra\u00eecheur - D\u00e9couvre le pouvoir de la nature<\/p>","protected":false},"featured_media":53622,"template":"","meta":[],"product_brand":[],"product_cat":[49,1023,797,909,916,48,52,1224,53],"product_tag":[322],"woo-feed-brand":[],"class_list":{"0":"post-51826","1":"product","2":"type-product","3":"status-publish","4":"has-post-thumbnail","6":"product_cat-seifen","7":"product_cat-fuer-mama","8":"product_cat-muttertag","9":"product_cat-weihnachten","10":"product_cat-praesente","11":"product_cat-bad-wellness","12":"product_cat-geschenke","13":"product_cat-beauty-wellness","14":"product_cat-geschenksets","15":"product_tag-primestudios","17":"first","18":"instock","19":"taxable","20":"shipping-taxable","21":"purchasable","22":"product-type-simple"},"_links":{"self":[{"href":"https:\/\/www.fleurop-home.ch\/fr-ch\/wp-json\/wp\/v2\/product\/51826","targetHints":{"allow":["GET"]}}],"collection":[{"href":"https:\/\/www.fleurop-home.ch\/fr-ch\/wp-json\/wp\/v2\/product"}],"about":[{"href":"https:\/\/www.fleurop-home.ch\/fr-ch\/wp-json\/wp\/v2\/types\/product"}],"wp:featuredmedia":[{"embeddable":true,"href":"https:\/\/www.fleurop-home.ch\/fr-ch\/wp-json\/wp\/v2\/media\/53622"}],"wp:attachment":[{"href":"https:\/\/www.fleurop-home.ch\/fr-ch\/wp-json\/wp\/v2\/media?parent=51826"}],"wp:term":[{"taxonomy":"product_brand","embeddable":true,"href":"https:\/\/www.fleurop-home.ch\/fr-ch\/wp-json\/wp\/v2\/product_brand?post=51826"},{"taxonomy":"product_cat","embeddable":true,"href":"https:\/\/www.fleurop-home.ch\/fr-ch\/wp-json\/wp\/v2\/product_cat?post=51826"},{"taxonomy":"product_tag","embeddable":true,"href":"https:\/\/www.fleurop-home.ch\/fr-ch\/wp-json\/wp\/v2\/product_tag?post=51826"},{"taxonomy":"woo-feed-brand","embeddable":true,"href":"https:\/\/www.fleurop-home.ch\/fr-ch\/wp-json\/wp\/v2\/woo-feed-brand?post=51826"}],"curies":[{"name":"wp","href":"https:\/\/api.w.org\/{rel}","templated":true}]}}