{"id":51822,"date":"2025-02-14T16:21:24","date_gmt":"2025-02-14T15:21:24","guid":{"rendered":"https:\/\/www.fleurop-home.ch\/de-ch\/?post_type=product&#038;p=51822"},"modified":"2026-04-01T15:39:13","modified_gmt":"2026-04-01T13:39:13","slug":"coffret-luxe-une-experience-parfumee-luxueuse-pour-les-sens-exigeants","status":"publish","type":"product","link":"https:\/\/www.fleurop-home.ch\/fr-ch\/p\/luxury-set-ein-luxurioeses-dufterlebnis-fuer-anspruchsvolle-sinne","title":{"rendered":"\"Luxury\" SET - Une exp\u00e9rience olfactive luxueuse pour les sens exigeants"},"content":{"rendered":"<p data-start=\"145\" data-end=\"387\">G\u00e2te-toi avec notre <strong data-start=\"176\" data-end=\"190\">SET de luxe<\/strong>qui a \u00e9t\u00e9 sp\u00e9cialement con\u00e7u pour ceux qui aiment les parfums puissants et fleuris. Ces savons aromatiques offrent une exp\u00e9rience luxueuse et enchantent avec leurs ar\u00f4mes intenses et floraux.<\/p>\n<p data-start=\"389\" data-end=\"543\"><strong data-start=\"389\" data-end=\"397\">ROSE<\/strong> - Le parfum \u00e0 la fois d\u00e9licat et puissant de la rose t'enveloppe d'une touche d'\u00e9l\u00e9gance et fait briller ta peau d'un r\u00eave floral.<\/p>\n<p data-start=\"545\" data-end=\"704\"><strong data-start=\"545\" data-end=\"557\">LAVENDEL<\/strong> - Le parfum apaisant de la lavande permet de se d\u00e9tendre et de cr\u00e9er une atmosph\u00e8re de bien-\u00eatre global qui choie \u00e0 la fois le corps et l'esprit.<\/p>\n<p data-start=\"706\" data-end=\"846\"><strong data-start=\"706\" data-end=\"718\">ROSMARIN<\/strong> - Le parfum rafra\u00eechissant et \u00e9pic\u00e9 du romarin tonifie et revitalise tes sens pour une exp\u00e9rience de soin vivifiante.<\/p>\n<p data-start=\"848\" data-end=\"1051\">Offre-toi une exp\u00e9rience de soin exclusive avec le <strong data-start=\"902\" data-end=\"916\">SET de luxe<\/strong> et laisse-toi envo\u00fbter par les parfums intenses et fleuris. Parfait pour tous ceux qui recherchent le luxe et le soin au plus haut niveau.<\/p>","protected":false},"excerpt":{"rendered":"<p>Luxury SET - Une exp\u00e9rience olfactive luxueuse pour les sens exigeants<\/p>","protected":false},"featured_media":53621,"template":"","meta":[],"product_brand":[],"product_cat":[49,1023,797,48,52,1224,53],"product_tag":[322],"woo-feed-brand":[],"class_list":{"0":"post-51822","1":"product","2":"type-product","3":"status-publish","4":"has-post-thumbnail","6":"product_cat-seifen","7":"product_cat-fuer-mama","8":"product_cat-muttertag","9":"product_cat-bad-wellness","10":"product_cat-geschenke","11":"product_cat-beauty-wellness","12":"product_cat-geschenksets","13":"product_tag-primestudios","15":"first","16":"instock","17":"taxable","18":"shipping-taxable","19":"purchasable","20":"product-type-simple"},"_links":{"self":[{"href":"https:\/\/www.fleurop-home.ch\/fr-ch\/wp-json\/wp\/v2\/product\/51822","targetHints":{"allow":["GET"]}}],"collection":[{"href":"https:\/\/www.fleurop-home.ch\/fr-ch\/wp-json\/wp\/v2\/product"}],"about":[{"href":"https:\/\/www.fleurop-home.ch\/fr-ch\/wp-json\/wp\/v2\/types\/product"}],"wp:featuredmedia":[{"embeddable":true,"href":"https:\/\/www.fleurop-home.ch\/fr-ch\/wp-json\/wp\/v2\/media\/53621"}],"wp:attachment":[{"href":"https:\/\/www.fleurop-home.ch\/fr-ch\/wp-json\/wp\/v2\/media?parent=51822"}],"wp:term":[{"taxonomy":"product_brand","embeddable":true,"href":"https:\/\/www.fleurop-home.ch\/fr-ch\/wp-json\/wp\/v2\/product_brand?post=51822"},{"taxonomy":"product_cat","embeddable":true,"href":"https:\/\/www.fleurop-home.ch\/fr-ch\/wp-json\/wp\/v2\/product_cat?post=51822"},{"taxonomy":"product_tag","embeddable":true,"href":"https:\/\/www.fleurop-home.ch\/fr-ch\/wp-json\/wp\/v2\/product_tag?post=51822"},{"taxonomy":"woo-feed-brand","embeddable":true,"href":"https:\/\/www.fleurop-home.ch\/fr-ch\/wp-json\/wp\/v2\/woo-feed-brand?post=51822"}],"curies":[{"name":"wp","href":"https:\/\/api.w.org\/{rel}","templated":true}]}}