{"id":51821,"date":"2025-02-14T16:03:10","date_gmt":"2025-02-14T15:03:10","guid":{"rendered":"https:\/\/www.fleurop-home.ch\/de-ch\/?post_type=product&#038;p=51821"},"modified":"2026-04-01T15:39:13","modified_gmt":"2026-04-01T13:39:13","slug":"natural-set-soin-doux-pour-le-corps-et-lesprit","status":"publish","type":"product","link":"https:\/\/www.fleurop-home.ch\/fr-ch\/p\/natural-set-sanfte-pflege-fuer-koerper-und-geist","title":{"rendered":"Coffret \"NATURAL\" - des soins doux pour le corps et l'esprit"},"content":{"rendered":"<p data-start=\"145\" data-end=\"440\">D\u00e9couvre la force bienfaisante de la nature avec notre <strong data-start=\"200\" data-end=\"215\">Natural SET de PRIMESTUDIOS<\/strong>\u00a0- une combinaison harmonieuse de parfums doux, naturels et soignants qui ont un effet apaisant et \u00e9quilibrant sur le corps et l'esprit. Parfait pour tous ceux qui souhaitent un soin doux mais efficace.<\/p>\n<p data-start=\"442\" data-end=\"608\"><strong data-start=\"442\" data-end=\"452\">OLIVAE<\/strong> - Le soin doux de l'huile d'olive hydrate ta peau et la rend douce et souple. Id\u00e9ale pour les peaux sensibles, elle a un effet r\u00e9g\u00e9n\u00e9rant.<\/p>\n<p data-start=\"610\" data-end=\"783\"><strong data-start=\"610\" data-end=\"623\">CALENDULA<\/strong> - Le parfum curatif du calendula procure un apaisement bienfaisant \u00e0 la peau et soulage les irritations tout en apaisant et en soignant la peau.<\/p>\n<p data-start=\"785\" data-end=\"958\"><strong data-start=\"785\" data-end=\"793\">OVIS<\/strong> - Les pr\u00e9cieux ingr\u00e9dients du lait de brebis offrent un soin en profondeur et renforcent la barri\u00e8re cutan\u00e9e. Ta peau est douce, souple et d\u00e9tendue.<\/p>\n<p data-start=\"960\" data-end=\"1172\">Offre \u00e0 toi ou \u00e0 tes proches un moment de d\u00e9tente avec le <strong data-start=\"1017\" data-end=\"1032\">SET naturel<\/strong> et profite de soins doux qui g\u00e2tent tes sens. Id\u00e9al pour les personnes qui attachent de l'importance aux ingr\u00e9dients naturels et aux soins doux.<\/p>","protected":false},"excerpt":{"rendered":"<p data-start=\"91\" data-end=\"143\"><strong data-start=\"91\" data-end=\"143\">Natural SET - Des soins doux pour le corps et l'esprit<\/strong><\/p>","protected":false},"featured_media":53620,"template":"","meta":[],"product_brand":[],"product_cat":[49,1023,797,48,52,1224,53],"product_tag":[322],"woo-feed-brand":[],"class_list":{"0":"post-51821","1":"product","2":"type-product","3":"status-publish","4":"has-post-thumbnail","6":"product_cat-seifen","7":"product_cat-fuer-mama","8":"product_cat-muttertag","9":"product_cat-bad-wellness","10":"product_cat-geschenke","11":"product_cat-beauty-wellness","12":"product_cat-geschenksets","13":"product_tag-primestudios","15":"first","16":"instock","17":"taxable","18":"shipping-taxable","19":"purchasable","20":"product-type-simple"},"_links":{"self":[{"href":"https:\/\/www.fleurop-home.ch\/fr-ch\/wp-json\/wp\/v2\/product\/51821","targetHints":{"allow":["GET"]}}],"collection":[{"href":"https:\/\/www.fleurop-home.ch\/fr-ch\/wp-json\/wp\/v2\/product"}],"about":[{"href":"https:\/\/www.fleurop-home.ch\/fr-ch\/wp-json\/wp\/v2\/types\/product"}],"wp:featuredmedia":[{"embeddable":true,"href":"https:\/\/www.fleurop-home.ch\/fr-ch\/wp-json\/wp\/v2\/media\/53620"}],"wp:attachment":[{"href":"https:\/\/www.fleurop-home.ch\/fr-ch\/wp-json\/wp\/v2\/media?parent=51821"}],"wp:term":[{"taxonomy":"product_brand","embeddable":true,"href":"https:\/\/www.fleurop-home.ch\/fr-ch\/wp-json\/wp\/v2\/product_brand?post=51821"},{"taxonomy":"product_cat","embeddable":true,"href":"https:\/\/www.fleurop-home.ch\/fr-ch\/wp-json\/wp\/v2\/product_cat?post=51821"},{"taxonomy":"product_tag","embeddable":true,"href":"https:\/\/www.fleurop-home.ch\/fr-ch\/wp-json\/wp\/v2\/product_tag?post=51821"},{"taxonomy":"woo-feed-brand","embeddable":true,"href":"https:\/\/www.fleurop-home.ch\/fr-ch\/wp-json\/wp\/v2\/woo-feed-brand?post=51821"}],"curies":[{"name":"wp","href":"https:\/\/api.w.org\/{rel}","templated":true}]}}