{"id":51381,"date":"2025-01-29T09:59:24","date_gmt":"2025-01-29T08:59:24","guid":{"rendered":"https:\/\/www.fleurop-home.ch\/de-ch\/?post_type=product&#038;p=51381"},"modified":"2025-10-22T09:07:28","modified_gmt":"2025-10-22T07:07:28","slug":"maison-metallique-amsterdam","status":"publish","type":"product","link":"https:\/\/www.fleurop-home.ch\/fr-ch\/p\/metallhaus-amsterdam","title":{"rendered":"Maison en m\u00e9tal Amsterdam"},"content":{"rendered":"<p>Ajoute une touche de charme et de couleur \u00e0 ton espace de vie avec la maison en m\u00e9tal rose vif \"Amsterdam\". Avec ses dimensions de 19 x 19 x 55 cm, cette maison d\u00e9corative est un point de mire polyvalent qui donne \u00e0 chaque pi\u00e8ce une atmosph\u00e8re accueillante et joyeuse.<\/p>\n<p>Cette maison en m\u00e9tal est parfaite comme photophore pour les bougies ou \u00e9quip\u00e9e d'une guirlande lumineuse pour cr\u00e9er un \u00e9clairage chaleureux et d'ambiance. De plus, elle peut \u00eatre utilis\u00e9e comme un accent color\u00e9 dans ton int\u00e9rieur, qui illuminera et animera n'importe quelle pi\u00e8ce.<\/p>","protected":false},"excerpt":{"rendered":"<p>Maison en m\u00e9tal Amsterdam rose dans les dimensions 19x19x55cm<\/p>","protected":false},"featured_media":51346,"template":"","meta":[],"product_brand":[],"product_cat":[30,23,1190,1021,1018,108,28,34,35],"product_tag":[983],"woo-feed-brand":[],"class_list":{"0":"post-51381","1":"product","2":"type-product","3":"status-publish","4":"has-post-thumbnail","6":"product_cat-deko-accessoires","7":"product_cat-home-living","8":"product_cat-dekoobjekte","9":"product_cat-osterdeko","10":"product_cat-ostern","11":"product_cat-lichterketten-laternen","12":"product_cat-kerzen-lichter","13":"product_cat-garten-balkon","14":"product_cat-gartendeko","15":"product_tag-selection-by-fleurophome","17":"first","18":"instock","19":"taxable","20":"shipping-taxable","21":"purchasable","22":"product-type-simple"},"_links":{"self":[{"href":"https:\/\/www.fleurop-home.ch\/fr-ch\/wp-json\/wp\/v2\/product\/51381","targetHints":{"allow":["GET"]}}],"collection":[{"href":"https:\/\/www.fleurop-home.ch\/fr-ch\/wp-json\/wp\/v2\/product"}],"about":[{"href":"https:\/\/www.fleurop-home.ch\/fr-ch\/wp-json\/wp\/v2\/types\/product"}],"wp:featuredmedia":[{"embeddable":true,"href":"https:\/\/www.fleurop-home.ch\/fr-ch\/wp-json\/wp\/v2\/media\/51346"}],"wp:attachment":[{"href":"https:\/\/www.fleurop-home.ch\/fr-ch\/wp-json\/wp\/v2\/media?parent=51381"}],"wp:term":[{"taxonomy":"product_brand","embeddable":true,"href":"https:\/\/www.fleurop-home.ch\/fr-ch\/wp-json\/wp\/v2\/product_brand?post=51381"},{"taxonomy":"product_cat","embeddable":true,"href":"https:\/\/www.fleurop-home.ch\/fr-ch\/wp-json\/wp\/v2\/product_cat?post=51381"},{"taxonomy":"product_tag","embeddable":true,"href":"https:\/\/www.fleurop-home.ch\/fr-ch\/wp-json\/wp\/v2\/product_tag?post=51381"},{"taxonomy":"woo-feed-brand","embeddable":true,"href":"https:\/\/www.fleurop-home.ch\/fr-ch\/wp-json\/wp\/v2\/woo-feed-brand?post=51381"}],"curies":[{"name":"wp","href":"https:\/\/api.w.org\/{rel}","templated":true}]}}