{"id":51380,"date":"2025-01-29T09:52:30","date_gmt":"2025-01-29T08:52:30","guid":{"rendered":"https:\/\/www.fleurop-home.ch\/de-ch\/?post_type=product&#038;p=51380"},"modified":"2025-10-22T13:29:17","modified_gmt":"2025-10-22T11:29:17","slug":"set-de-vases-hope","status":"publish","type":"product","link":"https:\/\/www.fleurop-home.ch\/fr-ch\/p\/vasenset-hope","title":{"rendered":"Set de vases Hope"},"content":{"rendered":"<p>D\u00e9couvre le ravissant set de vases en c\u00e9ramique \"Hope\" - un compl\u00e9ment \u00e9l\u00e9gant pour ta maison. L'ensemble se compose de deux vases de 12,5 x 18,5 cm et de 8,6 x 13,5 cm, tous deux con\u00e7us dans un joli d\u00e9grad\u00e9 de couleurs roses. Ces vases sont fabriqu\u00e9s en c\u00e9ramique de haute qualit\u00e9 et offrent une beaut\u00e9 intemporelle qui compl\u00e8te parfaitement toute composition florale.<\/p>\n<p>Note que les vases ne sont pas \u00e9tanches \u00e0 100 %. Utilise donc imp\u00e9rativement des soucoupes pour \u00e9viter les endroits humides ou utilise les vases pour les fleurs artificielles et les fleurs s\u00e9ch\u00e9es. Les tons d\u00e9licats et le design \u00e9l\u00e9gant font de ces vases un point fort \u00e9l\u00e9gant dans chaque pi\u00e8ce.<\/p>","protected":false},"excerpt":{"rendered":"<p>Set de vases en c\u00e9ramique Hope rose dans les tailles 8.6\u00d713.5cm et 12.5\u00d718.5cm<\/p>","protected":false},"featured_media":51345,"template":"","meta":[],"product_brand":[],"product_cat":[27,23,1197],"product_tag":[983],"woo-feed-brand":[],"class_list":{"0":"post-51380","1":"product","2":"type-product","3":"status-publish","4":"has-post-thumbnail","6":"product_cat-vasen-gefaesse","7":"product_cat-home-living","8":"product_cat-vasen","9":"product_tag-selection-by-fleurophome","11":"first","12":"instock","13":"taxable","14":"shipping-taxable","15":"purchasable","16":"product-type-simple"},"_links":{"self":[{"href":"https:\/\/www.fleurop-home.ch\/fr-ch\/wp-json\/wp\/v2\/product\/51380","targetHints":{"allow":["GET"]}}],"collection":[{"href":"https:\/\/www.fleurop-home.ch\/fr-ch\/wp-json\/wp\/v2\/product"}],"about":[{"href":"https:\/\/www.fleurop-home.ch\/fr-ch\/wp-json\/wp\/v2\/types\/product"}],"wp:featuredmedia":[{"embeddable":true,"href":"https:\/\/www.fleurop-home.ch\/fr-ch\/wp-json\/wp\/v2\/media\/51345"}],"wp:attachment":[{"href":"https:\/\/www.fleurop-home.ch\/fr-ch\/wp-json\/wp\/v2\/media?parent=51380"}],"wp:term":[{"taxonomy":"product_brand","embeddable":true,"href":"https:\/\/www.fleurop-home.ch\/fr-ch\/wp-json\/wp\/v2\/product_brand?post=51380"},{"taxonomy":"product_cat","embeddable":true,"href":"https:\/\/www.fleurop-home.ch\/fr-ch\/wp-json\/wp\/v2\/product_cat?post=51380"},{"taxonomy":"product_tag","embeddable":true,"href":"https:\/\/www.fleurop-home.ch\/fr-ch\/wp-json\/wp\/v2\/product_tag?post=51380"},{"taxonomy":"woo-feed-brand","embeddable":true,"href":"https:\/\/www.fleurop-home.ch\/fr-ch\/wp-json\/wp\/v2\/woo-feed-brand?post=51380"}],"curies":[{"name":"wp","href":"https:\/\/api.w.org\/{rel}","templated":true}]}}